{"id":3775,"date":"2023-03-03T17:50:36","date_gmt":"2023-03-03T16:50:36","guid":{"rendered":"https:\/\/cormac.eu\/?post_type=product&#038;p=3775"},"modified":"2023-03-03T18:08:03","modified_gmt":"2023-03-03T17:08:03","slug":"shop-kaffeeroster-professional-2","status":"publish","type":"product","link":"https:\/\/cormac.eu\/de\/product\/shop-coffee-roaster-professional\/","title":{"rendered":"Kaffeer\u00f6stmaschine (professionell)"},"content":{"rendered":"<p>Kaffeer\u00f6ster mit der Technologie zur Visualisierung der Produktw\u00e4rmekurve w\u00e4hrend des R\u00f6stvorgangs. Ideale R\u00f6stkurven f\u00fcr jedes Produkt k\u00f6nnen mit Hilfe eines Potentiometers oder durch die Eingabe von Daten erstellt werden. Zus\u00e4tzlich erm\u00f6glicht eine automatische und intelligente Temperatursteuerung die Speicherung der idealen R\u00f6stkurve f\u00fcr ein bestimmtes Produkt, so dass diese einfach und exakt reproduziert werden kann, auch wenn es Abweichungen geben sollte, wie z.B. die Einf\u00fchrung einer anderen Produktmenge, eine h\u00f6here oder niedrigere Umgebungstemperatur, ein Unterschied in der Luftfeuchtigkeit oder der Temperatur des Rohprodukts, usw. Die Kaffeer\u00f6ster sind mit einem Touchscreen, modulierenden Brennern und einem WI-FI-Modul zur Fern\u00fcberwachung und -steuerung \u00fcber ein Mobiltelefon, ein Tablet oder einen PC ausgestattet. Dieses Signal kann an Kunden in der Ferne projiziert werden, so dass sie die R\u00f6stkurve ihres Produkts live verfolgen k\u00f6nnen, was ihnen best\u00e4tigt, dass ihr Produkt optimal ger\u00f6stet wird.<\/p>\n<table width=\"586\">\n<tbody>\n<tr>\n<td colspan=\"2\" width=\"586\"><strong>Eigenschaften<\/strong><\/td>\n<\/tr>\n<tr>\n<td width=\"292\">PLC und Schneider Touchscreen<\/td>\n<td width=\"293\">Schalenlagerst\u00e4tte<\/td>\n<\/tr>\n<tr>\n<td width=\"292\">Beladungstrichter<\/td>\n<td width=\"293\">Reinigung des T\u00fcrk\u00fchlers<\/td>\n<\/tr>\n<tr>\n<td width=\"292\">Intelligente R\u00f6ststeuerung<\/td>\n<td width=\"293\">\u00a0Unabh\u00e4ngiger Dekanter<\/td>\n<\/tr>\n<tr>\n<td width=\"292\">Absaugung K\u00fchler<\/td>\n<td width=\"293\">Brenner<\/td>\n<\/tr>\n<tr>\n<td width=\"292\">Probenahme<\/td>\n<td width=\"293\"><\/td>\n<\/tr>\n<\/tbody>\n<\/table>\n<p>&nbsp;<\/p>\n<table width=\"586\">\n<tbody>\n<tr>\n<td width=\"292\"><strong>Technische Einzelheiten<\/strong><\/td>\n<td width=\"293\"><\/td>\n<\/tr>\n<tr>\n<td width=\"292\">Kapazit\u00e4t<\/td>\n<td width=\"293\">6-8 kg\/Stunde<\/td>\n<\/tr>\n<tr>\n<td width=\"292\">Abmessungen<\/td>\n<td width=\"293\">L 99 x B 80 x H 94 cm<\/td>\n<\/tr>\n<tr>\n<td width=\"292\">Energie<\/td>\n<td width=\"293\">* Erdgas: 0,2 bis 0,4 m3\/h<br \/>\n* Butangas: 0,1 bis 0,3 kg\/h<\/td>\n<\/tr>\n<tr>\n<td width=\"292\">Maximale Heizleistung<\/td>\n<td width=\"293\">\u00a05.000 Kcal \/ Std.<\/td>\n<\/tr>\n<tr>\n<td width=\"292\">Spannung<\/td>\n<td width=\"293\">\u00a0220 V 50\/60 Hz<\/td>\n<\/tr>\n<tr>\n<td width=\"292\">Strom<\/td>\n<td width=\"293\">0,5 kW<\/td>\n<\/tr>\n<tr>\n<td width=\"292\">Gewicht<\/td>\n<td width=\"293\">85 Kg<\/td>\n<\/tr>\n<\/tbody>\n<\/table>","protected":false},"excerpt":{"rendered":"<p>Professioneller Kaffeer\u00f6ster f\u00fcr Gesch\u00e4fte und kleine Betriebe<\/p>","protected":false},"featured_media":3774,"comment_status":"open","ping_status":"closed","template":"","meta":{"uix_meta_title":"","uix_meta_description":"","uix_canonical_url":""},"product_brand":[],"product_cat":[107,104],"product_tag":[],"class_list":{"0":"post-3775","1":"product","2":"type-product","3":"status-publish","4":"has-post-thumbnail","6":"product_cat-artisanal","7":"product_cat-processing","9":"first","10":"instock","11":"shipping-taxable","12":"product-type-simple"},"_links":{"self":[{"href":"https:\/\/cormac.eu\/de\/wp-json\/wp\/v2\/product\/3775","targetHints":{"allow":["GET"]}}],"collection":[{"href":"https:\/\/cormac.eu\/de\/wp-json\/wp\/v2\/product"}],"about":[{"href":"https:\/\/cormac.eu\/de\/wp-json\/wp\/v2\/types\/product"}],"replies":[{"embeddable":true,"href":"https:\/\/cormac.eu\/de\/wp-json\/wp\/v2\/comments?post=3775"}],"wp:featuredmedia":[{"embeddable":true,"href":"https:\/\/cormac.eu\/de\/wp-json\/wp\/v2\/media\/3774"}],"wp:attachment":[{"href":"https:\/\/cormac.eu\/de\/wp-json\/wp\/v2\/media?parent=3775"}],"wp:term":[{"taxonomy":"product_brand","embeddable":true,"href":"https:\/\/cormac.eu\/de\/wp-json\/wp\/v2\/product_brand?post=3775"},{"taxonomy":"product_cat","embeddable":true,"href":"https:\/\/cormac.eu\/de\/wp-json\/wp\/v2\/product_cat?post=3775"},{"taxonomy":"product_tag","embeddable":true,"href":"https:\/\/cormac.eu\/de\/wp-json\/wp\/v2\/product_tag?post=3775"}],"curies":[{"name":"wp","href":"https:\/\/api.w.org\/{rel}","templated":true}]}}