{"id":3773,"date":"2023-03-03T17:22:34","date_gmt":"2023-03-03T16:22:34","guid":{"rendered":"https:\/\/cormac.eu\/?post_type=product&#038;p=3773"},"modified":"2023-03-03T17:25:32","modified_gmt":"2023-03-03T16:25:32","slug":"kaffeerosterei-rostmaschine-mittel","status":"publish","type":"product","link":"https:\/\/cormac.eu\/de\/product\/coffee-shop-roasting-machine-medium\/","title":{"rendered":"Coffee Shop R\u00f6stmaschine (mittel)"},"content":{"rendered":"<p>Diese R\u00f6stmaschine eignet sich f\u00fcr den Kaffeeeinzelhandel oder handwerkliche Produktionsst\u00e4tten. Sie kann nicht nur gr\u00fcne Kaffeebohnen, sondern auch andere Produkte wie Getreide und N\u00fcsse r\u00f6sten und ist durch ihr elegantes Aussehen eine echte Bereicherung f\u00fcr den Einzelhandel. Sie ist einfach zu bedienen und erfordert nur wenig Wartung. Die R\u00f6stqualit\u00e4t ist ausgezeichnet, und die R\u00f6stwirkung ist gleichm\u00e4\u00dfig mit einem stabilen R\u00f6stpunkt.<\/p>\n<table width=\"586\">\n<tbody>\n<tr>\n<td colspan=\"2\" width=\"586\"><strong>Eigenschaften<\/strong><\/td>\n<\/tr>\n<tr>\n<td width=\"292\">K\u00fchler mit Absaugung<\/td>\n<td width=\"293\">Probenbeh\u00e4lter<\/td>\n<\/tr>\n<tr>\n<td width=\"292\">Gl\u00e4nzende schwarze Farbe mit goldenen Akzenten<\/td>\n<td width=\"293\">Elegantes Aussehen<\/td>\n<\/tr>\n<tr>\n<td width=\"292\">Geringe Wartung<\/td>\n<td width=\"293\">Einfache Installation<\/td>\n<\/tr>\n<tr>\n<td width=\"292\">Trichter beladen<\/td>\n<td width=\"293\">Digitaler Thermostat<\/td>\n<\/tr>\n<tr>\n<td width=\"292\">Spreu-Schublade<\/td>\n<td width=\"293\">Probenbeh\u00e4lter<\/td>\n<\/tr>\n<\/tbody>\n<\/table>\n<p>&nbsp;<\/p>\n<table width=\"586\">\n<tbody>\n<tr>\n<td width=\"292\"><strong>Technische Einzelheiten<\/strong><\/td>\n<td width=\"293\">&nbsp;<\/td>\n<\/tr>\n<tr>\n<td width=\"292\">Kapazit\u00e4t<\/td>\n<td width=\"293\">6-8 kg\/Stunde<\/td>\n<\/tr>\n<tr>\n<td width=\"292\">Abmessungen<\/td>\n<td width=\"293\">96 x 46 x 82 cm<\/td>\n<\/tr>\n<tr>\n<td width=\"292\">Gewicht<\/td>\n<td width=\"293\">79 kg<\/td>\n<\/tr>\n<tr>\n<td width=\"292\">Spannung<\/td>\n<td width=\"293\">220V 50 Hz<\/td>\n<\/tr>\n<tr>\n<td width=\"292\">Macht<\/td>\n<td width=\"293\">2,84 kW ; Verbrauch 12,9 A<\/td>\n<\/tr>\n<\/tbody>\n<\/table>","protected":false},"excerpt":{"rendered":"<p>Kaffeer\u00f6ster, geeignet als Prober\u00f6ster oder f\u00fcr engagierte Gesch\u00e4fte, die den Kaffee vor den Augen der Kunden r\u00f6sten wollen.<\/p>\n<p>&nbsp;<\/p>","protected":false},"featured_media":3771,"comment_status":"open","ping_status":"closed","template":"","meta":{"uix_meta_title":"","uix_meta_description":"","uix_canonical_url":""},"product_brand":[],"product_cat":[107],"product_tag":[],"class_list":{"0":"post-3773","1":"product","2":"type-product","3":"status-publish","4":"has-post-thumbnail","6":"product_cat-artisanal","8":"first","9":"instock","10":"shipping-taxable","11":"product-type-simple"},"_links":{"self":[{"href":"https:\/\/cormac.eu\/de\/wp-json\/wp\/v2\/product\/3773","targetHints":{"allow":["GET"]}}],"collection":[{"href":"https:\/\/cormac.eu\/de\/wp-json\/wp\/v2\/product"}],"about":[{"href":"https:\/\/cormac.eu\/de\/wp-json\/wp\/v2\/types\/product"}],"replies":[{"embeddable":true,"href":"https:\/\/cormac.eu\/de\/wp-json\/wp\/v2\/comments?post=3773"}],"wp:featuredmedia":[{"embeddable":true,"href":"https:\/\/cormac.eu\/de\/wp-json\/wp\/v2\/media\/3771"}],"wp:attachment":[{"href":"https:\/\/cormac.eu\/de\/wp-json\/wp\/v2\/media?parent=3773"}],"wp:term":[{"taxonomy":"product_brand","embeddable":true,"href":"https:\/\/cormac.eu\/de\/wp-json\/wp\/v2\/product_brand?post=3773"},{"taxonomy":"product_cat","embeddable":true,"href":"https:\/\/cormac.eu\/de\/wp-json\/wp\/v2\/product_cat?post=3773"},{"taxonomy":"product_tag","embeddable":true,"href":"https:\/\/cormac.eu\/de\/wp-json\/wp\/v2\/product_tag?post=3773"}],"curies":[{"name":"wp","href":"https:\/\/api.w.org\/{rel}","templated":true}]}}