{"id":3769,"date":"2023-03-03T16:49:01","date_gmt":"2023-03-03T15:49:01","guid":{"rendered":"https:\/\/cormac.eu\/?post_type=product&#038;p=3769"},"modified":"2023-03-03T16:59:06","modified_gmt":"2023-03-03T15:59:06","slug":"industrielle-kaffeemuhle-3","status":"publish","type":"product","link":"https:\/\/cormac.eu\/de\/product\/industrial-coffee-grinder-2\/","title":{"rendered":"Industrielle Kaffeem\u00fchle (mittel)"},"content":{"rendered":"<p>Industrielle Kaffeem\u00fchle, speziell entwickelt f\u00fcr mittlere bis gro\u00dfe Produktionsmengen. Das spezielle Design der Mahlscheiben gew\u00e4hrleistet eine vollst\u00e4ndige und gleichm\u00e4\u00dfige Mahlung. Die Maschine l\u00e4sst sich durch Drehen des oberen kreisf\u00f6rmigen Teils leicht regulieren, wodurch der Mahlgrad variiert werden kann. Im Inneren der Mahlkammer sorgen die Auswerfer f\u00fcr die Vermischung und die Zerkleinerung der zu mahlenden Sp\u00e4ne. Die Bel\u00fcftung der Mahlkammer verhindert eine \u00dcberhitzung des Kaffees, so dass eine optimale Qualit\u00e4t und ein optimales Aroma erzielt werden k\u00f6nnen. Die Kaffeetemperatur wird mit einer Sonde kontrolliert. Diese Maschine kann problemlos Kaffee von sehr fein bis dick mahlen und kann viele Stunden am St\u00fcck arbeiten. Die Maschine ist luftgek\u00fchlt und verf\u00fcgt \u00fcber ein Bel\u00fcftungssystem, das ein Aufheizen des Kaffees verhindert.<\/p>\n<p>&nbsp;<\/p>\n<table width=\"586\">\n<tbody>\n<tr>\n<td colspan=\"2\" width=\"586\"><strong>Eigenschaften<\/strong><\/td>\n<\/tr>\n<tr>\n<td width=\"283\">Beladungstrichter<\/td>\n<td width=\"303\">T\u00fcr der Sauberkeit<\/td>\n<\/tr>\n<tr>\n<td width=\"283\">Neodym-Magnet<\/td>\n<td width=\"303\">Motor und angetriebene Riemenscheiben<\/td>\n<\/tr>\n<tr>\n<td width=\"283\">Manuelles Register<\/td>\n<td width=\"303\">Thermischer Schutz<\/td>\n<\/tr>\n<tr>\n<td width=\"283\">Bel\u00fcftungskreislauf<\/td>\n<td width=\"303\">Telefonzentrale<\/td>\n<\/tr>\n<tr>\n<td width=\"283\">Halbplattige Spezialh\u00e4rte-Scheiben<\/td>\n<td width=\"303\">Thermometer<\/td>\n<\/tr>\n<tr>\n<td width=\"283\">Monoblock-Geh\u00e4use<\/td>\n<td width=\"303\">Temperaturf\u00fchler<\/td>\n<\/tr>\n<\/tbody>\n<\/table>\n<p>&nbsp;<\/p>\n<table width=\"586\">\n<tbody>\n<tr>\n<td><strong>Technische Einzelheiten<\/strong><\/td>\n<td><\/td>\n<\/tr>\n<tr>\n<td>Kapazit\u00e4t<\/td>\n<td>300 - 600 kg\/Std.<\/td>\n<\/tr>\n<tr>\n<td>Strom<\/td>\n<td>12 PS<\/td>\n<\/tr>\n<tr>\n<td>Spannung<\/td>\n<td>Dreiphasig 230\/400V 50Hz<\/td>\n<\/tr>\n<\/tbody>\n<\/table>","protected":false},"excerpt":{"rendered":"<p>Kaffeescheibenm\u00fchle f\u00fcr die mittlere und gro\u00dfe Produktion mit einfachen Einstellungen zum Mahlen von Kaffee von sehr fein bis grob.<\/p>","protected":false},"featured_media":3767,"comment_status":"open","ping_status":"closed","template":"","meta":{"uix_meta_title":"","uix_meta_description":"","uix_canonical_url":""},"product_brand":[],"product_cat":[104],"product_tag":[],"class_list":{"0":"post-3769","1":"product","2":"type-product","3":"status-publish","4":"has-post-thumbnail","6":"product_cat-processing","8":"first","9":"instock","10":"shipping-taxable","11":"product-type-simple"},"_links":{"self":[{"href":"https:\/\/cormac.eu\/de\/wp-json\/wp\/v2\/product\/3769","targetHints":{"allow":["GET"]}}],"collection":[{"href":"https:\/\/cormac.eu\/de\/wp-json\/wp\/v2\/product"}],"about":[{"href":"https:\/\/cormac.eu\/de\/wp-json\/wp\/v2\/types\/product"}],"replies":[{"embeddable":true,"href":"https:\/\/cormac.eu\/de\/wp-json\/wp\/v2\/comments?post=3769"}],"wp:featuredmedia":[{"embeddable":true,"href":"https:\/\/cormac.eu\/de\/wp-json\/wp\/v2\/media\/3767"}],"wp:attachment":[{"href":"https:\/\/cormac.eu\/de\/wp-json\/wp\/v2\/media?parent=3769"}],"wp:term":[{"taxonomy":"product_brand","embeddable":true,"href":"https:\/\/cormac.eu\/de\/wp-json\/wp\/v2\/product_brand?post=3769"},{"taxonomy":"product_cat","embeddable":true,"href":"https:\/\/cormac.eu\/de\/wp-json\/wp\/v2\/product_cat?post=3769"},{"taxonomy":"product_tag","embeddable":true,"href":"https:\/\/cormac.eu\/de\/wp-json\/wp\/v2\/product_tag?post=3769"}],"curies":[{"name":"wp","href":"https:\/\/api.w.org\/{rel}","templated":true}]}}