{"id":3756,"date":"2023-03-03T10:19:24","date_gmt":"2023-03-03T09:19:24","guid":{"rendered":"https:\/\/cormac.eu\/?post_type=product&#038;p=3756"},"modified":"2023-03-03T17:14:19","modified_gmt":"2023-03-03T16:14:19","slug":"kaffeerostmaschine","status":"publish","type":"product","link":"https:\/\/cormac.eu\/de\/product\/coffee-roasting-machine\/","title":{"rendered":"Coffee Shop R\u00f6stmaschine (klein)"},"content":{"rendered":"<p>Diese R\u00f6stmaschine eignet sich f\u00fcr den Kaffeeeinzelhandel oder handwerkliche Produktionsst\u00e4tten. Sie kann nicht nur gr\u00fcne Kaffeebohnen, sondern auch andere Produkte wie Getreide und N\u00fcsse r\u00f6sten. Die Maschine hat ein elegantes Aussehen, das dem Gesch\u00e4ft einen echten Werbe- und Produktwert verleiht. Sie ist einfach zu bedienen und erfordert nur wenig Wartung. Die R\u00f6stqualit\u00e4t ist ausgezeichnet und die R\u00f6stwirkung gleichm\u00e4\u00dfig mit einem stabilen R\u00f6stpunkt.<\/p>\n<table width=\"586\">\n<tbody>\n<tr>\n<td colspan=\"2\" width=\"586\"><strong>Eigenschaften<\/strong><\/td>\n<\/tr>\n<tr>\n<td width=\"292\">Plug and Play<\/td>\n<td width=\"293\">Einfache Installation<\/td>\n<\/tr>\n<tr>\n<td width=\"292\">Gl\u00e4nzende schwarze Farbe mit goldenen Akzenten<\/td>\n<td width=\"293\">Elegantes Aussehen<\/td>\n<\/tr>\n<tr>\n<td width=\"292\">Geringe Wartung<\/td>\n<td width=\"293\">Niedrige Instandhaltungskosten<\/td>\n<\/tr>\n<tr>\n<td width=\"292\">Trichter beladen<\/td>\n<td width=\"293\">Digitaler Thermostat<\/td>\n<\/tr>\n<tr>\n<td width=\"292\">Spreu-Schublade<\/td>\n<td width=\"293\">Probenbeh\u00e4lter<\/td>\n<\/tr>\n<\/tbody>\n<\/table>\n<p>&nbsp;<\/p>\n<table width=\"586\">\n<tbody>\n<tr>\n<td width=\"292\"><strong>Technische Einzelheiten<\/strong><\/td>\n<td width=\"293\"><\/td>\n<\/tr>\n<tr>\n<td width=\"292\">Kapazit\u00e4t<\/td>\n<td width=\"293\">Bis 2 kg\/Std.<\/td>\n<\/tr>\n<tr>\n<td width=\"292\">Abmessungen<\/td>\n<td width=\"293\">67 x 44 x 68 cm<\/td>\n<\/tr>\n<tr>\n<td width=\"292\">Gewicht<\/td>\n<td width=\"293\">65 kg<\/td>\n<\/tr>\n<tr>\n<td width=\"292\">Spannung<\/td>\n<td width=\"293\">220V 50 Hz<\/td>\n<\/tr>\n<tr>\n<td width=\"292\">Macht<\/td>\n<td width=\"293\">1,5 kW<\/td>\n<\/tr>\n<\/tbody>\n<\/table>\n<p>&nbsp;<\/p>","protected":false},"excerpt":{"rendered":"<p>Kleinformatige Kaffeer\u00f6stmaschine f\u00fcr Gourmet- und Kaffeegesch\u00e4fte<\/p>","protected":false},"featured_media":3748,"comment_status":"open","ping_status":"closed","template":"","meta":{"uix_meta_title":"","uix_meta_description":"","uix_canonical_url":""},"product_brand":[],"product_cat":[107],"product_tag":[],"class_list":{"0":"post-3756","1":"product","2":"type-product","3":"status-publish","4":"has-post-thumbnail","6":"product_cat-artisanal","8":"first","9":"instock","10":"shipping-taxable","11":"product-type-simple"},"_links":{"self":[{"href":"https:\/\/cormac.eu\/de\/wp-json\/wp\/v2\/product\/3756","targetHints":{"allow":["GET"]}}],"collection":[{"href":"https:\/\/cormac.eu\/de\/wp-json\/wp\/v2\/product"}],"about":[{"href":"https:\/\/cormac.eu\/de\/wp-json\/wp\/v2\/types\/product"}],"replies":[{"embeddable":true,"href":"https:\/\/cormac.eu\/de\/wp-json\/wp\/v2\/comments?post=3756"}],"wp:featuredmedia":[{"embeddable":true,"href":"https:\/\/cormac.eu\/de\/wp-json\/wp\/v2\/media\/3748"}],"wp:attachment":[{"href":"https:\/\/cormac.eu\/de\/wp-json\/wp\/v2\/media?parent=3756"}],"wp:term":[{"taxonomy":"product_brand","embeddable":true,"href":"https:\/\/cormac.eu\/de\/wp-json\/wp\/v2\/product_brand?post=3756"},{"taxonomy":"product_cat","embeddable":true,"href":"https:\/\/cormac.eu\/de\/wp-json\/wp\/v2\/product_cat?post=3756"},{"taxonomy":"product_tag","embeddable":true,"href":"https:\/\/cormac.eu\/de\/wp-json\/wp\/v2\/product_tag?post=3756"}],"curies":[{"name":"wp","href":"https:\/\/api.w.org\/{rel}","templated":true}]}}