{"id":3704,"date":"2022-06-23T16:26:06","date_gmt":"2022-06-23T14:26:06","guid":{"rendered":"https:\/\/cormac.eu\/?post_type=product&#038;p=3704"},"modified":"2022-06-23T16:26:06","modified_gmt":"2022-06-23T14:26:06","slug":"3d-dekorateur","status":"publish","type":"product","link":"https:\/\/cormac.eu\/de\/product\/3d-decorator\/","title":{"rendered":"3D-Dekorateur"},"content":{"rendered":"<p>Der 3-D-Dekorator ist in der Lage, durch eine 3-Achsen-Bewegung des Ablageverteilers ein Dekorationsmuster auf ein Produktsubstrat aufzubringen. Die Maschine kann \u00fcber einem beliebigen F\u00f6rderband oder am Ende des K\u00fchltunnels z.B. einer Schokoladen\u00fcberzugslinie eingesetzt werden. Die Dekorationsmasse kann durch wasserummantelte Rohrleitungen auf einem Hauptring zugef\u00fchrt werden.<\/p>\n<p><img decoding=\"async\" class=\"alignnone  wp-image-3705\" src=\"https:\/\/cormac.eu\/wp-content\/uploads\/2022\/06\/wymbs-supply-tank-station-283x300.jpg\" alt=\"\" width=\"189\" height=\"200\" srcset=\"https:\/\/cormac.eu\/wp-content\/uploads\/2022\/06\/wymbs-supply-tank-station-283x300.jpg 283w, https:\/\/cormac.eu\/wp-content\/uploads\/2022\/06\/wymbs-supply-tank-station.jpg 456w\" sizes=\"(max-width: 189px) 100vw, 189px\" \/><\/p>\n<p>Die Gie\u00df- oder Dekorationsd\u00fcsen k\u00f6nnen auf das\/die Produkt(e) abgestimmt werden.<br \/>\nDer Gie\u00dfkopf ist so konstruiert, dass Teile leicht gewartet oder ausgetauscht werden k\u00f6nnen.<\/p>\n<table>\n<tbody>\n<tr>\n<td width=\"302\"><strong>Eigenschaften<\/strong><\/td>\n<td width=\"302\"><strong>Vorteile<\/strong><\/td>\n<\/tr>\n<tr>\n<td width=\"302\">Fanuc Scara Roboterarm<\/td>\n<td width=\"302\">Vollst\u00e4ndig programmierbar<\/td>\n<\/tr>\n<tr>\n<td width=\"302\">3 Achsen der Bewegung<\/td>\n<td width=\"302\">Flexible Dekorationsgestaltung<br \/>\nGeeignet f\u00fcr unterschiedlich hohe Produkte<\/td>\n<\/tr>\n<tr>\n<td width=\"302\">IP65-Norm<\/td>\n<td width=\"302\">Staub- und wasserdicht<\/td>\n<\/tr>\n<tr>\n<td width=\"302\">Integrale Kontrolle<\/td>\n<td width=\"302\">Teach-Funktion<br \/>\nMulti-Programm<\/td>\n<\/tr>\n<tr>\n<td width=\"302\">Integriertes F\u00f6rderband mit synchronisierendem Encoder<\/td>\n<td width=\"302\">Ablagerungen synchronisiert mit der Bewegung des F\u00f6rderers<\/td>\n<\/tr>\n<tr>\n<td width=\"302\">Einziehbarer G\u00fcrtel<\/td>\n<td width=\"302\">Leichte Reinigung<\/td>\n<\/tr>\n<tr>\n<td width=\"302\">Rahmen auf Rollen<\/td>\n<td width=\"302\">Mobilit\u00e4t<\/td>\n<\/tr>\n<tr>\n<td width=\"302\">&nbsp;<\/td>\n<td width=\"302\">&nbsp;<\/td>\n<\/tr>\n<\/tbody>\n<\/table>\n<p>&nbsp;<\/p>","protected":false},"excerpt":{"rendered":"<p>Bewegliche 3D-Dekoeinheit f\u00fcr Schn\u00fcre und andere Dekorationen<\/p>","protected":false},"featured_media":3703,"comment_status":"open","ping_status":"closed","template":"","meta":{"uix_meta_title":"","uix_meta_description":"","uix_canonical_url":""},"product_brand":[],"product_cat":[104],"product_tag":[],"class_list":{"0":"post-3704","1":"product","2":"type-product","3":"status-publish","4":"has-post-thumbnail","6":"product_cat-processing","8":"first","9":"instock","10":"shipping-taxable","11":"product-type-simple"},"_links":{"self":[{"href":"https:\/\/cormac.eu\/de\/wp-json\/wp\/v2\/product\/3704","targetHints":{"allow":["GET"]}}],"collection":[{"href":"https:\/\/cormac.eu\/de\/wp-json\/wp\/v2\/product"}],"about":[{"href":"https:\/\/cormac.eu\/de\/wp-json\/wp\/v2\/types\/product"}],"replies":[{"embeddable":true,"href":"https:\/\/cormac.eu\/de\/wp-json\/wp\/v2\/comments?post=3704"}],"wp:featuredmedia":[{"embeddable":true,"href":"https:\/\/cormac.eu\/de\/wp-json\/wp\/v2\/media\/3703"}],"wp:attachment":[{"href":"https:\/\/cormac.eu\/de\/wp-json\/wp\/v2\/media?parent=3704"}],"wp:term":[{"taxonomy":"product_brand","embeddable":true,"href":"https:\/\/cormac.eu\/de\/wp-json\/wp\/v2\/product_brand?post=3704"},{"taxonomy":"product_cat","embeddable":true,"href":"https:\/\/cormac.eu\/de\/wp-json\/wp\/v2\/product_cat?post=3704"},{"taxonomy":"product_tag","embeddable":true,"href":"https:\/\/cormac.eu\/de\/wp-json\/wp\/v2\/product_tag?post=3704"}],"curies":[{"name":"wp","href":"https:\/\/api.w.org\/{rel}","templated":true}]}}