{"id":3652,"date":"2022-06-05T20:22:55","date_gmt":"2022-06-05T18:22:55","guid":{"rendered":"https:\/\/cormac.eu\/?post_type=product&#038;p=3652"},"modified":"2022-06-17T17:12:33","modified_gmt":"2022-06-17T15:12:33","slug":"schmelz-und-mischtankanlage","status":"publish","type":"product","link":"https:\/\/cormac.eu\/de\/product\/melting-and-mixing-tank-unit\/","title":{"rendered":"Schmelz- und Mischbeh\u00e4lter-Set"},"content":{"rendered":"<p>Kompakte Tankanlage zum Schmelzen, Mischen, Lagern oder Puffern von Schokolade, Compound, Fettmassen und Cremes. Hierbei handelt es sich um eine ma\u00dfgeschneiderte Anlage, die nach den Spezifikationen und Bed\u00fcrfnissen des Kunden angefertigt wird. Im Allgemeinen besteht diese Anlage aus mehreren Tanks zum Mischen, kontrollierten Schmelzen und Lagern oder Puffern von Massen, einschlie\u00dflich eines (optionalen) automatischen CIP-Systems, Zwischenpumpen und Rohrleitungen sowie einer dosierten Entleerung zur Verbrauchsstelle. Die Tanks sind in vertikaler Bauweise ausgef\u00fchrt und verf\u00fcgen \u00fcber einen dreifachen Mantel: Produktzone, Heizmittelkreislauf und thermische Isolierung. Sie verf\u00fcgen au\u00dferdem \u00fcber ein automatisches Heizmedium-Erzeugungssystem mit Kreiselpumpe, elektrischer Heizung, Temperaturf\u00fchler und Kontrollelementen.<\/p>\n<p>&nbsp;<\/p>\n<p><img decoding=\"async\" class=\"alignnone wp-image-3650\" src=\"https:\/\/cormac.eu\/wp-content\/uploads\/2022\/06\/fecoatec-melted-chocolate-300x300.jpg\" alt=\"\" width=\"130\" height=\"130\" srcset=\"https:\/\/cormac.eu\/wp-content\/uploads\/2022\/06\/fecoatec-melted-chocolate-300x300.jpg 300w, https:\/\/cormac.eu\/wp-content\/uploads\/2022\/06\/fecoatec-melted-chocolate-1024x1024.jpg 1024w, https:\/\/cormac.eu\/wp-content\/uploads\/2022\/06\/fecoatec-melted-chocolate-150x150.jpg 150w, https:\/\/cormac.eu\/wp-content\/uploads\/2022\/06\/fecoatec-melted-chocolate-768x768.jpg 768w, https:\/\/cormac.eu\/wp-content\/uploads\/2022\/06\/fecoatec-melted-chocolate-600x600.jpg 600w, https:\/\/cormac.eu\/wp-content\/uploads\/2022\/06\/fecoatec-melted-chocolate-100x100.jpg 100w, https:\/\/cormac.eu\/wp-content\/uploads\/2022\/06\/fecoatec-melted-chocolate.jpg 1180w\" sizes=\"(max-width: 130px) 100vw, 130px\" \/>\u00a0 \u00a0<img decoding=\"async\" class=\"wp-image-3648\" src=\"https:\/\/cormac.eu\/wp-content\/uploads\/2022\/06\/Fecoatec-bowl-of-chocolate-and-milk-vanilla-cream-300x300.jpg\" alt=\"\" width=\"156\" height=\"156\" srcset=\"https:\/\/cormac.eu\/wp-content\/uploads\/2022\/06\/Fecoatec-bowl-of-chocolate-and-milk-vanilla-cream-300x300.jpg 300w, https:\/\/cormac.eu\/wp-content\/uploads\/2022\/06\/Fecoatec-bowl-of-chocolate-and-milk-vanilla-cream.jpg 1024w, https:\/\/cormac.eu\/wp-content\/uploads\/2022\/06\/Fecoatec-bowl-of-chocolate-and-milk-vanilla-cream-150x150.jpg 150w, https:\/\/cormac.eu\/wp-content\/uploads\/2022\/06\/Fecoatec-bowl-of-chocolate-and-milk-vanilla-cream-768x768.jpg 768w, https:\/\/cormac.eu\/wp-content\/uploads\/2022\/06\/Fecoatec-bowl-of-chocolate-and-milk-vanilla-cream-600x600.jpg 600w, https:\/\/cormac.eu\/wp-content\/uploads\/2022\/06\/Fecoatec-bowl-of-chocolate-and-milk-vanilla-cream-100x100.jpg 100w\" sizes=\"(max-width: 156px) 100vw, 156px\" \/> \u00a0<img decoding=\"async\" class=\"wp-image-3649\" src=\"https:\/\/cormac.eu\/wp-content\/uploads\/2022\/06\/fecoatec-chocolate-cream-swirl-300x300.jpg\" alt=\"\" width=\"160\" height=\"160\" srcset=\"https:\/\/cormac.eu\/wp-content\/uploads\/2022\/06\/fecoatec-chocolate-cream-swirl-300x300.jpg 300w, https:\/\/cormac.eu\/wp-content\/uploads\/2022\/06\/fecoatec-chocolate-cream-swirl.jpg 1024w, https:\/\/cormac.eu\/wp-content\/uploads\/2022\/06\/fecoatec-chocolate-cream-swirl-150x150.jpg 150w, https:\/\/cormac.eu\/wp-content\/uploads\/2022\/06\/fecoatec-chocolate-cream-swirl-768x768.jpg 768w, https:\/\/cormac.eu\/wp-content\/uploads\/2022\/06\/fecoatec-chocolate-cream-swirl-600x600.jpg 600w, https:\/\/cormac.eu\/wp-content\/uploads\/2022\/06\/fecoatec-chocolate-cream-swirl-100x100.jpg 100w\" sizes=\"(max-width: 160px) 100vw, 160px\" \/><\/p>\n<div class=\"mceTemp\"><\/div>\n<div class=\"mceTemp\"><\/div>\n<p>&nbsp;<\/p>\n<table style=\"height: 1030px\" width=\"701\">\n<tbody>\n<tr>\n<td width=\"230\"><strong>Eigenschaften<\/strong><\/td>\n<td width=\"355\"><strong>Vorteile<\/strong><\/td>\n<\/tr>\n<tr>\n<td>Vollst\u00e4ndig aus Edelstahl AISI304L<\/td>\n<td>\n<ul>\n<li>Hygiene<\/li>\n<li>Leichte Reinigung<\/li>\n<\/ul>\n<\/td>\n<\/tr>\n<tr>\n<td>Auf W\u00e4gezellen<\/td>\n<td>\n<ul>\n<li>Kontrolle von Rezeptur und Dosierung<\/li>\n<\/ul>\n<\/td>\n<\/tr>\n<tr>\n<td>2 Mischer<\/td>\n<td>\n<ul>\n<li>Schnelle Aufl\u00f6sung.<\/li>\n<li>Homogene Masse.<\/li>\n<li>HMI-gesteuerte Drehgeschwindigkeit<\/li>\n<\/ul>\n<\/td>\n<\/tr>\n<tr>\n<td>Lebensmittelgeeignete Wandabstreifer mit \u00d6lleckerkennung<\/td>\n<td>\n<ul>\n<li>Vermeiden, dass Getriebe\u00f6l in den Tank gelangt<\/li>\n<\/ul>\n<\/td>\n<\/tr>\n<tr>\n<td>Pumpen und Rohrleitungen integriert<\/td>\n<td>\n<ul>\n<li>Plug-and-Play-Set auf Kufe<\/li>\n<\/ul>\n<\/td>\n<\/tr>\n<tr>\n<td>Ummantelt<\/td>\n<td>\n<ul>\n<li>Temperaturkontrolle<\/li>\n<li>Verhinderung von Massenkristallisationen<\/li>\n<\/ul>\n<\/td>\n<\/tr>\n<tr>\n<td>PLC \/ HMI gesteuert<\/td>\n<td>\n<ul>\n<li>Pr\u00e4zise Steuerung der Parameter<\/li>\n<li>Lagerung des Empf\u00e4ngers<\/li>\n<li>Einstellung von Massenbest\u00e4nden und -str\u00f6men<\/li>\n<\/ul>\n<\/td>\n<\/tr>\n<tr>\n<td>OPTIONAL<\/td>\n<td><\/td>\n<\/tr>\n<tr>\n<td>Zugangsplattform<\/td>\n<td>\n<ul>\n<li>Zugang zu den T\u00fcren der Hochbeh\u00e4lter<\/li>\n<\/ul>\n<\/td>\n<\/tr>\n<tr>\n<td>KVP-Anlage<\/td>\n<td>\n<ul>\n<li>Automatisierter Reinigungsprozess.<\/li>\n<li>Weniger Ausfallzeiten.<\/li>\n<\/ul>\n<\/td>\n<\/tr>\n<tr>\n<td>AISI 316L Ausf\u00fchrung<\/td>\n<td>\n<ul>\n<li>Empfohlen f\u00fcr den Fall, dass das CIP aggressive Mittel verwendet<\/li>\n<\/ul>\n<\/td>\n<\/tr>\n<tr>\n<td>Automatisches Ladesystem<\/td>\n<td>\n<ul>\n<li>H\u00f6here Effizienz<\/li>\n<li>Bessere Produktkonsistenz<\/li>\n<\/ul>\n<\/td>\n<\/tr>\n<\/tbody>\n<\/table>\n<p>&nbsp;<\/p>","protected":false},"excerpt":{"rendered":"<p>Kompaktes Schmelz-, Misch- und Puffertank-Set auf Skid, komplett mit Pumpen und Verrohrung<\/p>","protected":false},"featured_media":3651,"comment_status":"open","ping_status":"closed","template":"","meta":{"uix_meta_title":"","uix_meta_description":"","uix_canonical_url":""},"product_brand":[],"product_cat":[104],"product_tag":[187,238,241,190,237,201],"class_list":{"0":"post-3652","1":"product","2":"type-product","3":"status-publish","4":"has-post-thumbnail","6":"product_cat-processing","7":"product_tag-biscuit-creams","8":"product_tag-chocolate-mass","9":"product_tag-compound","10":"product_tag-dairy-creams","11":"product_tag-fat-masses","12":"product_tag-wafer-creams","14":"first","15":"instock","16":"shipping-taxable","17":"product-type-simple"},"_links":{"self":[{"href":"https:\/\/cormac.eu\/de\/wp-json\/wp\/v2\/product\/3652","targetHints":{"allow":["GET"]}}],"collection":[{"href":"https:\/\/cormac.eu\/de\/wp-json\/wp\/v2\/product"}],"about":[{"href":"https:\/\/cormac.eu\/de\/wp-json\/wp\/v2\/types\/product"}],"replies":[{"embeddable":true,"href":"https:\/\/cormac.eu\/de\/wp-json\/wp\/v2\/comments?post=3652"}],"wp:featuredmedia":[{"embeddable":true,"href":"https:\/\/cormac.eu\/de\/wp-json\/wp\/v2\/media\/3651"}],"wp:attachment":[{"href":"https:\/\/cormac.eu\/de\/wp-json\/wp\/v2\/media?parent=3652"}],"wp:term":[{"taxonomy":"product_brand","embeddable":true,"href":"https:\/\/cormac.eu\/de\/wp-json\/wp\/v2\/product_brand?post=3652"},{"taxonomy":"product_cat","embeddable":true,"href":"https:\/\/cormac.eu\/de\/wp-json\/wp\/v2\/product_cat?post=3652"},{"taxonomy":"product_tag","embeddable":true,"href":"https:\/\/cormac.eu\/de\/wp-json\/wp\/v2\/product_tag?post=3652"}],"curies":[{"name":"wp","href":"https:\/\/api.w.org\/{rel}","templated":true}]}}