{"id":3632,"date":"2022-06-05T14:58:31","date_gmt":"2022-06-05T12:58:31","guid":{"rendered":"https:\/\/cormac.eu\/?post_type=product&#038;p=3632"},"modified":"2022-06-05T18:11:51","modified_gmt":"2022-06-05T16:11:51","slug":"linie-zur-verarbeitung-von-sahne-2","status":"publish","type":"product","link":"https:\/\/cormac.eu\/de\/product\/cream-processing-line\/","title":{"rendered":"Verarbeitungslinie f\u00fcr Sahne"},"content":{"rendered":"<p>Ma\u00dfgeschneiderte Sahneverarbeitungslinien erhalten das Produkt von einem prim\u00e4ren Prozessf\u00f6rderer oder werden manuell beladen. Die Verarbeitungslinie kombiniert in der Regel mehrachsige Ablage- und Einspritzstationen mit Dekorations- und Bestreuungseinheiten, um mehrere Arbeitsg\u00e4nge an demselben Produkt durchzuf\u00fchren, w\u00e4hrend es kontinuierlich auf einem speziellen Transportband l\u00e4uft. Die Produkte k\u00f6nnen auf dem F\u00f6rderer entweder in direktem Kontakt mit dem F\u00f6rderer, meist unter Verwendung von reibungsarmen Flugschienen, oder in tiefgezogenen Schalen transportiert werden. Diese Verarbeitungslinien k\u00f6nnen f\u00fcr verschiedene Arten von Produkten ausgelegt sein. Man denke zum Beispiel an eine Verarbeitungslinie f\u00fcr Eclairs. Hier wird zun\u00e4chst frische, bel\u00fcftete Sahne eingespritzt und anschlie\u00dfend ein Belag aus Fondant oder Zuckerguss aufgetragen. Ein weiteres Beispiel f\u00fcr eine solche Linie ist das Einspritzen von frischer Sahne in Brandteiggeb\u00e4ck oder Profiteroles, gefolgt von einer Dekoration mit Schokoladenfondant. Oder man denke an das Einspritzen von Marmelade in Berliner Krapfen oder das Schneiden und \u00d6ffnen von langen John-Fingerteigmustern mit einem Streifen Marmelade, Vanillepudding oder Apfelmus und anschlie\u00dfendem Auftragen von frischer bel\u00fcfteter Sahne. Diese Linien k\u00f6nnen auch Fondant und Dekoration auf einem Keks beinhalten.  Die Produktkombinationen sind endlos und diese Anlagen stellen eine wertvolle und flexible Investition f\u00fcr den Kunden dar.<\/p>\n<p><img decoding=\"async\" class=\"alignnone size-medium wp-image-3634\" src=\"https:\/\/cormac.eu\/wp-content\/uploads\/2022\/06\/wymbs-processing-line-01-300x53.jpg\" alt=\"\" width=\"300\" height=\"53\" srcset=\"https:\/\/cormac.eu\/wp-content\/uploads\/2022\/06\/wymbs-processing-line-01-300x53.jpg 300w, https:\/\/cormac.eu\/wp-content\/uploads\/2022\/06\/wymbs-processing-line-01-1024x180.jpg 1024w, https:\/\/cormac.eu\/wp-content\/uploads\/2022\/06\/wymbs-processing-line-01-768x135.jpg 768w, https:\/\/cormac.eu\/wp-content\/uploads\/2022\/06\/wymbs-processing-line-01-600x105.jpg 600w, https:\/\/cormac.eu\/wp-content\/uploads\/2022\/06\/wymbs-processing-line-01.jpg 1140w\" sizes=\"(max-width: 300px) 100vw, 300px\" \/>\u00a0 \u00a0<img decoding=\"async\" class=\"alignnone wp-image-3640\" src=\"https:\/\/cormac.eu\/wp-content\/uploads\/2022\/06\/wymbs-processing-line-6-300x245.jpg\" alt=\"\" width=\"127\" height=\"104\" srcset=\"https:\/\/cormac.eu\/wp-content\/uploads\/2022\/06\/wymbs-processing-line-6-300x245.jpg 300w, https:\/\/cormac.eu\/wp-content\/uploads\/2022\/06\/wymbs-processing-line-6.jpg 430w\" sizes=\"(max-width: 127px) 100vw, 127px\" \/> <img decoding=\"async\" class=\"alignnone size-full wp-image-3639\" src=\"https:\/\/cormac.eu\/wp-content\/uploads\/2022\/06\/wymbs-processing-line-5.jpg\" alt=\"\" width=\"150\" height=\"112\" \/> <img loading=\"lazy\" decoding=\"async\" class=\"alignnone size-full wp-image-3638\" src=\"https:\/\/cormac.eu\/wp-content\/uploads\/2022\/06\/wymbs-processing-line-4.jpg\" alt=\"\" width=\"150\" height=\"112\" \/> <img loading=\"lazy\" decoding=\"async\" class=\"alignnone size-full wp-image-3637\" src=\"https:\/\/cormac.eu\/wp-content\/uploads\/2022\/06\/wymbs-processing-line-3.jpg\" alt=\"\" width=\"150\" height=\"112\" \/> <img loading=\"lazy\" decoding=\"async\" class=\"alignnone size-full wp-image-3636\" src=\"https:\/\/cormac.eu\/wp-content\/uploads\/2022\/06\/wymbs-processing-line-2.jpg\" alt=\"\" width=\"150\" height=\"112\" \/><\/p>\n<p>&nbsp;<\/p>\n<table>\n<tbody>\n<tr>\n<td width=\"276\">\u00a0<strong>Eigenschaften<\/strong><\/td>\n<td width=\"328\">\u00a0<strong>Vorteile<\/strong><\/td>\n<\/tr>\n<tr>\n<td>Verkleidung und Tr\u00e4gersystem aus rostfreiem Stahl<\/td>\n<td>\n<ul>\n<li>geringes Gewicht<\/li>\n<li>stark<\/li>\n<li>leichte Reinigung<\/li>\n<\/ul>\n<\/td>\n<\/tr>\n<tr>\n<td>Lokaler Touchscreen HMI mit abgesetzter Schalttafel<\/td>\n<td>\n<ul>\n<li>Parameterspeicherung<\/li>\n<li>Prozesssteuerung<\/li>\n<li>einfache Bedienung<\/li>\n<\/ul>\n<\/td>\n<\/tr>\n<tr>\n<td>Optionen<\/td>\n<td>\n<ul>\n<li>integriertes Absetzband<\/li>\n<li>Einsppritzstationen<\/li>\n<li>Foliensystem<\/li>\n<li>String-Dekoratoren<\/li>\n<li>und mehr<\/li>\n<\/ul>\n<\/td>\n<\/tr>\n<\/tbody>\n<\/table>\n<p>&nbsp;<\/p>\n<p>&nbsp;<\/p>","protected":false},"excerpt":{"rendered":"<p>Vielseitige und flexible Produktionslinie, die mehrere Gie\u00dfsysteme mit Einspritz-, Entschichtungs- und Besprengungseinheiten kombiniert.<\/p>","protected":false},"featured_media":3633,"comment_status":"open","ping_status":"closed","template":"","meta":{"uix_meta_title":"","uix_meta_description":"","uix_canonical_url":""},"product_brand":[],"product_cat":[104],"product_tag":[187,229,227,228,225,226],"class_list":{"0":"post-3632","1":"product","2":"type-product","3":"status-publish","4":"has-post-thumbnail","6":"product_cat-processing","7":"product_tag-biscuit-creams","8":"product_tag-biscuits","9":"product_tag-choux-buns","10":"product_tag-doughnuts","11":"product_tag-eclairs","12":"product_tag-profiteroles","14":"first","15":"instock","16":"shipping-taxable","17":"product-type-simple"},"_links":{"self":[{"href":"https:\/\/cormac.eu\/de\/wp-json\/wp\/v2\/product\/3632","targetHints":{"allow":["GET"]}}],"collection":[{"href":"https:\/\/cormac.eu\/de\/wp-json\/wp\/v2\/product"}],"about":[{"href":"https:\/\/cormac.eu\/de\/wp-json\/wp\/v2\/types\/product"}],"replies":[{"embeddable":true,"href":"https:\/\/cormac.eu\/de\/wp-json\/wp\/v2\/comments?post=3632"}],"wp:featuredmedia":[{"embeddable":true,"href":"https:\/\/cormac.eu\/de\/wp-json\/wp\/v2\/media\/3633"}],"wp:attachment":[{"href":"https:\/\/cormac.eu\/de\/wp-json\/wp\/v2\/media?parent=3632"}],"wp:term":[{"taxonomy":"product_brand","embeddable":true,"href":"https:\/\/cormac.eu\/de\/wp-json\/wp\/v2\/product_brand?post=3632"},{"taxonomy":"product_cat","embeddable":true,"href":"https:\/\/cormac.eu\/de\/wp-json\/wp\/v2\/product_cat?post=3632"},{"taxonomy":"product_tag","embeddable":true,"href":"https:\/\/cormac.eu\/de\/wp-json\/wp\/v2\/product_tag?post=3632"}],"curies":[{"name":"wp","href":"https:\/\/api.w.org\/{rel}","templated":true}]}}