{"id":3186,"date":"2022-05-29T22:54:30","date_gmt":"2022-05-29T20:54:30","guid":{"rendered":"https:\/\/cormac.eu\/?post_type=product&#038;p=3186"},"modified":"2022-06-01T11:34:35","modified_gmt":"2022-06-01T09:34:35","slug":"beschichtungspfanne-2-2","status":"publish","type":"product","link":"https:\/\/cormac.eu\/de\/product\/coating-pan-2\/","title":{"rendered":"Automatische Beschichtungswanne"},"content":{"rendered":"<p>Automatische \u00dcberzugswanne zum \u00dcberziehen mit Zuckersirup, zuckerfreier L\u00f6sung, Schokolade oder Fettmasse. Der \u00dcberzugsbeh\u00e4lter selbst ist ein horizontaler Zylinder, der auf 4 freilaufenden Wellenr\u00e4dern gelagert ist und \u00fcber einen Zahnriemen rund um den Au\u00dfenumfang angetrieben wird. W\u00e4hrend des \u00dcberziehens ist der F\u00fcllstand im Inneren niedrig und breit verteilt, so dass das Produkt schneller trocknet und w\u00e4hrend des \u00dcberziehens weniger Reibung und Druck ausgesetzt ist. Die gleichm\u00e4\u00dfige Luftverteilung entlang der Beschichtungswanne sorgt daf\u00fcr, dass das Produkt gleichm\u00e4\u00dfig bel\u00fcftet wird, und da im Inneren ein Unterdruck aufrechterhalten wird, entweicht kein Staub. Im Inneren der Beschichtungswanne spr\u00fchen spezielle D\u00fcsen die Beschichtungsl\u00f6sung auf die Produkte. Aroma-, Farb-, Kapol- und Pulverzus\u00e4tze k\u00f6nnen \u00fcber zus\u00e4tzliche Vorrichtungen aufgebracht werden. W\u00e4hrend des gesamten Beschichtungszyklus ist kein Bediener erforderlich. Die Maschine hat schnelle Zykluszeiten, z. B. ca. 4 Stunden f\u00fcr eine 30%-Zuckerschale, einschlie\u00dflich Polieren. Der Polierzyklus erfolgt automatisch nach Beendigung des Beschichtungszyklus.<\/p>\n<p>In der Regel werden diese \u00dcberzugswannen schl\u00fcsselfertig und komplett geliefert, einschlie\u00dflich Nebeneinrichtungen, je nach Anwendung, wie z. B. Sirupkocher, Dissolver f\u00fcr zuckerfreie L\u00f6sungen, Entstaubungs- und Luftabsaugsysteme, Siruptanks, Schokoladentanks, Pulververteilungssysteme, automatische Be- und Entladesysteme und CIP-Systeme. Die spezielle Luftaufbereitungs- und Trocknungseinheit ist eine wichtige Zusatzmaschine, die Teil des Gesamtangebots ist.<\/p>\n<table>\n<tbody>\n<tr>\n<td colspan=\"6\" width=\"604\">\n<p style=\"text-align: center\"><strong>Verf\u00fcgbare Kapazit\u00e4ten \u00a0<\/strong><\/p>\n<\/td>\n<\/tr>\n<tr>\n<td width=\"123\">\n<p style=\"text-align: center\"><strong>Produktion:<\/strong><\/p>\n<\/td>\n<td style=\"text-align: center\" width=\"88\"><strong>Laborma\u00dfstab<\/strong><\/td>\n<td style=\"text-align: center\" width=\"101\"><strong>Klein<\/strong><\/td>\n<td style=\"text-align: center\" width=\"104\"><strong>mittel<\/strong><\/td>\n<td colspan=\"2\" width=\"189\">\n<p style=\"text-align: center\"><strong>Gro\u00df<\/strong><\/p>\n<\/td>\n<\/tr>\n<tr>\n<td width=\"123\"><strong>Kapazit\u00e4t der Pfanne<\/strong><\/td>\n<td width=\"88\">\n<p style=\"text-align: center\">25<\/p>\n<\/td>\n<td style=\"text-align: center\" width=\"101\">600<\/td>\n<td style=\"text-align: center\" width=\"104\">1050<\/td>\n<td style=\"text-align: center\" width=\"97\">2250<\/td>\n<td width=\"92\">\n<p style=\"text-align: center\">3650<\/p>\n<\/td>\n<\/tr>\n<tr>\n<td width=\"123\"><strong>Fertiges Produkt<\/strong><\/td>\n<td width=\"88\">\n<p style=\"text-align: center\">20<\/p>\n<\/td>\n<td style=\"text-align: center\" width=\"101\">500<\/td>\n<td style=\"text-align: center\" width=\"104\">875<\/td>\n<td style=\"text-align: center\" width=\"97\">1875<\/td>\n<td width=\"92\">\n<p style=\"text-align: center\">3000<\/p>\n<\/td>\n<\/tr>\n<\/tbody>\n<\/table>\n<p>&nbsp;<\/p>\n<p><strong>Anwendungsbeispiele:<\/strong><\/p>\n<p><img decoding=\"async\" class=\"wp-image-3185\" src=\"https:\/\/cormac.eu\/wp-content\/uploads\/2022\/05\/fecoatec-Bombo-sugar-coated-300x300.jpg\" alt=\"\" width=\"137\" height=\"137\" srcset=\"https:\/\/cormac.eu\/wp-content\/uploads\/2022\/05\/fecoatec-Bombo-sugar-coated-300x300.jpg 300w, https:\/\/cormac.eu\/wp-content\/uploads\/2022\/05\/fecoatec-Bombo-sugar-coated.jpg 1024w, https:\/\/cormac.eu\/wp-content\/uploads\/2022\/05\/fecoatec-Bombo-sugar-coated-150x150.jpg 150w, https:\/\/cormac.eu\/wp-content\/uploads\/2022\/05\/fecoatec-Bombo-sugar-coated-768x768.jpg 768w, https:\/\/cormac.eu\/wp-content\/uploads\/2022\/05\/fecoatec-Bombo-sugar-coated-600x600.jpg 600w, https:\/\/cormac.eu\/wp-content\/uploads\/2022\/05\/fecoatec-Bombo-sugar-coated-100x100.jpg 100w\" sizes=\"(max-width: 137px) 100vw, 137px\" \/>\u00a0 \u00a0 <img decoding=\"async\" class=\"wp-image-3184\" src=\"https:\/\/cormac.eu\/wp-content\/uploads\/2022\/05\/Fecoatec-Bombo-chocolate-coated-300x300.jpg\" alt=\"\" width=\"138\" height=\"138\" srcset=\"https:\/\/cormac.eu\/wp-content\/uploads\/2022\/05\/Fecoatec-Bombo-chocolate-coated-300x300.jpg 300w, https:\/\/cormac.eu\/wp-content\/uploads\/2022\/05\/Fecoatec-Bombo-chocolate-coated.jpg 1024w, https:\/\/cormac.eu\/wp-content\/uploads\/2022\/05\/Fecoatec-Bombo-chocolate-coated-150x150.jpg 150w, https:\/\/cormac.eu\/wp-content\/uploads\/2022\/05\/Fecoatec-Bombo-chocolate-coated-768x768.jpg 768w, https:\/\/cormac.eu\/wp-content\/uploads\/2022\/05\/Fecoatec-Bombo-chocolate-coated-600x600.jpg 600w, https:\/\/cormac.eu\/wp-content\/uploads\/2022\/05\/Fecoatec-Bombo-chocolate-coated-100x100.jpg 100w\" sizes=\"(max-width: 138px) 100vw, 138px\" \/> \u00a0<img decoding=\"async\" class=\"alignnone wp-image-3183\" src=\"https:\/\/cormac.eu\/wp-content\/uploads\/2022\/05\/Fecoatec-bombo-chewing-gum-300x300.jpg\" alt=\"\" width=\"136\" height=\"136\" srcset=\"https:\/\/cormac.eu\/wp-content\/uploads\/2022\/05\/Fecoatec-bombo-chewing-gum-300x300.jpg 300w, https:\/\/cormac.eu\/wp-content\/uploads\/2022\/05\/Fecoatec-bombo-chewing-gum.jpg 1024w, https:\/\/cormac.eu\/wp-content\/uploads\/2022\/05\/Fecoatec-bombo-chewing-gum-150x150.jpg 150w, https:\/\/cormac.eu\/wp-content\/uploads\/2022\/05\/Fecoatec-bombo-chewing-gum-768x768.jpg 768w, https:\/\/cormac.eu\/wp-content\/uploads\/2022\/05\/Fecoatec-bombo-chewing-gum-600x600.jpg 600w, https:\/\/cormac.eu\/wp-content\/uploads\/2022\/05\/Fecoatec-bombo-chewing-gum-100x100.jpg 100w\" sizes=\"(max-width: 136px) 100vw, 136px\" \/> \u00a0<img loading=\"lazy\" decoding=\"async\" class=\"wp-image-3182\" src=\"https:\/\/cormac.eu\/wp-content\/uploads\/2022\/05\/Fecoatec-Bombo-jelly-bean-300x300.jpg\" alt=\"\" width=\"135\" height=\"135\" srcset=\"https:\/\/cormac.eu\/wp-content\/uploads\/2022\/05\/Fecoatec-Bombo-jelly-bean-300x300.jpg 300w, https:\/\/cormac.eu\/wp-content\/uploads\/2022\/05\/Fecoatec-Bombo-jelly-bean.jpg 1024w, https:\/\/cormac.eu\/wp-content\/uploads\/2022\/05\/Fecoatec-Bombo-jelly-bean-150x150.jpg 150w, https:\/\/cormac.eu\/wp-content\/uploads\/2022\/05\/Fecoatec-Bombo-jelly-bean-768x768.jpg 768w, https:\/\/cormac.eu\/wp-content\/uploads\/2022\/05\/Fecoatec-Bombo-jelly-bean-600x600.jpg 600w, https:\/\/cormac.eu\/wp-content\/uploads\/2022\/05\/Fecoatec-Bombo-jelly-bean-100x100.jpg 100w\" sizes=\"(max-width: 135px) 100vw, 135px\" \/><\/p>\n<table width=\"586\">\n<tbody>\n<tr>\n<td width=\"234\">\n<p style=\"text-align: center\"><strong>Eigenschaften<\/strong><\/p>\n<\/td>\n<td width=\"352\">\n<p style=\"text-align: center\"><strong>Vorteile<\/strong><\/p>\n<\/td>\n<\/tr>\n<tr>\n<td>Konstruktion AISI304L Edelstahl<\/td>\n<td>\n<ul>\n<li>Fest-Hygene<\/li>\n<\/ul>\n<\/td>\n<\/tr>\n<tr>\n<td>Einfaches Design<\/td>\n<td>\n<ul>\n<li>Einfache Wartung-Verk\u00fcrzte Reinigungszeit-Schneller Produktwechsel<\/li>\n<\/ul>\n<\/td>\n<\/tr>\n<tr>\n<td>Pfanne auf 4 freien R\u00e4dern gelagert<\/td>\n<td>\n<ul>\n<li>Sanfte und stabile Schwenkbewegung<\/li>\n<\/ul>\n<\/td>\n<\/tr>\n<tr>\n<td>Spr\u00fchd\u00fcsen in Sonderausf\u00fchrung<\/td>\n<td>\n<ul>\n<li>Gleichm\u00e4\u00dfiger Auftrag des Beschichtungsmaterials<\/li>\n<\/ul>\n<\/td>\n<\/tr>\n<tr>\n<td>\n<p style=\"text-align: center\">OPTIONEN:<\/p>\n<\/td>\n<td><\/td>\n<\/tr>\n<tr>\n<td>\n<ul>\n<li>Dedizierte Luftbehandlungs- und Trocknungseinheit<\/li>\n<\/ul>\n<\/td>\n<td>\u00a0 \u00a0- F\u00fcr eine schnelle Trocknung des Produkts<br \/>\n- Gleichm\u00e4\u00dfige Luftverteilung<\/td>\n<\/tr>\n<tr>\n<td>\n<ul>\n<li>Dosiersysteme f\u00fcr Aromen, Farben und Polituren<\/li>\n<\/ul>\n<\/td>\n<td><\/td>\n<\/tr>\n<tr>\n<td>\n<ul>\n<li>Automatische Be-\/Entladesysteme<\/li>\n<\/ul>\n<\/td>\n<td><\/td>\n<\/tr>\n<tr>\n<td>\n<ul>\n<li>Sirupkocher<\/li>\n<\/ul>\n<\/td>\n<td><\/td>\n<\/tr>\n<tr>\n<td>\n<ul>\n<li>Aufl\u00f6setanks<\/li>\n<\/ul>\n<\/td>\n<td>\u00a0 \u00a0- F\u00fcr zuckerfreie \u00dcberzugsl\u00f6sungen<\/td>\n<\/tr>\n<tr>\n<td>\n<ul>\n<li>Tanks f\u00fcr Sirup und Schokolade<\/li>\n<\/ul>\n<\/td>\n<td><\/td>\n<\/tr>\n<tr>\n<td>\n<ul>\n<li>CIP-Systeme<\/li>\n<\/ul>\n<\/td>\n<td><\/td>\n<\/tr>\n<tr>\n<td>\n<ul>\n<li>Scada-Netz<\/li>\n<\/ul>\n<\/td>\n<td>\u00a0 \u00a0- Tracking-Kontrolle, Datenprotokollierung, Rezeptur<br \/>\nSpeicherung, Registrierung der Produktionsparameter<\/td>\n<\/tr>\n<\/tbody>\n<\/table>","protected":false},"excerpt":{"rendered":"<p>Automatische \u00dcberzugswannenanlage, komplett und schl\u00fcsselfertig, zum \u00dcberziehen mit Zucker, Schokolade, Fettmassen\u00fcberz\u00fcgen und zuckerfreien L\u00f6sungen.<\/p>","protected":false},"featured_media":3181,"comment_status":"open","ping_status":"closed","template":"","meta":{"uix_meta_title":"","uix_meta_description":"","uix_canonical_url":""},"product_brand":[],"product_cat":[135,104],"product_tag":[179,204,178,177],"class_list":{"0":"post-3186","1":"product","2":"type-product","3":"status-publish","4":"has-post-thumbnail","6":"product_cat-laboratory","7":"product_cat-processing","8":"product_tag-chewing-gums","9":"product_tag-chocolate-balls","10":"product_tag-jelly-beans","11":"product_tag-lentils","13":"first","14":"instock","15":"shipping-taxable","16":"product-type-simple"},"_links":{"self":[{"href":"https:\/\/cormac.eu\/de\/wp-json\/wp\/v2\/product\/3186","targetHints":{"allow":["GET"]}}],"collection":[{"href":"https:\/\/cormac.eu\/de\/wp-json\/wp\/v2\/product"}],"about":[{"href":"https:\/\/cormac.eu\/de\/wp-json\/wp\/v2\/types\/product"}],"replies":[{"embeddable":true,"href":"https:\/\/cormac.eu\/de\/wp-json\/wp\/v2\/comments?post=3186"}],"wp:featuredmedia":[{"embeddable":true,"href":"https:\/\/cormac.eu\/de\/wp-json\/wp\/v2\/media\/3181"}],"wp:attachment":[{"href":"https:\/\/cormac.eu\/de\/wp-json\/wp\/v2\/media?parent=3186"}],"wp:term":[{"taxonomy":"product_brand","embeddable":true,"href":"https:\/\/cormac.eu\/de\/wp-json\/wp\/v2\/product_brand?post=3186"},{"taxonomy":"product_cat","embeddable":true,"href":"https:\/\/cormac.eu\/de\/wp-json\/wp\/v2\/product_cat?post=3186"},{"taxonomy":"product_tag","embeddable":true,"href":"https:\/\/cormac.eu\/de\/wp-json\/wp\/v2\/product_tag?post=3186"}],"curies":[{"name":"wp","href":"https:\/\/api.w.org\/{rel}","templated":true}]}}