{"id":3178,"date":"2022-05-29T15:22:36","date_gmt":"2022-05-29T13:22:36","guid":{"rendered":"https:\/\/cormac.eu\/?post_type=product&#038;p=3178"},"modified":"2022-06-05T19:09:17","modified_gmt":"2022-06-05T17:09:17","slug":"kuhltunnel","status":"publish","type":"product","link":"https:\/\/cormac.eu\/de\/product\/cooling-tunnel\/","title":{"rendered":"K\u00fchltunnel"},"content":{"rendered":"<p>K\u00fchltunnel mit 2 oder 4 verschiedenen K\u00fchlzonen mit unabh\u00e4ngiger Steuerung von K\u00fchlwasser und K\u00fchlluft. Der speziell konstruierte Tunnel \u00fcbertr\u00e4gt die Temperatur durch Konvektion und Konduktion auf das Produkt und gew\u00e4hrleistet maximale K\u00fchlung bei geringem Energieverbrauch.<\/p>\n<p>Die K\u00fchlung erfolgt durch Luft mit kontrollierter Temperatur und konstanter Geschwindigkeit\/Str\u00f6mung. Jede K\u00fchlzone hat eine K\u00fchlgruppe, die aus einem W\u00e4rmetauscher besteht, der die Temperatur von K\u00fchlwasser auf K\u00fchlluft \u00fcbertr\u00e4gt, einem hocheffizienten Zentrifugalventilator zur Erzeugung des erforderlichen Luftstroms und einem Luftfilter mit G4-Wirkungsgrad. Die Lufttemperatur wird von einem Temperaturf\u00fchler kontrolliert, der die 3-Wege-Modulationsventile im K\u00fchlwassersystem steuert. Die Bodenk\u00fchlung erfolgt durch Kaltwasserzirkulation \u00fcber K\u00fchlplatten, die in der Oberfl\u00e4che des Bandtransportsystems angebracht sind. Ein Lufttrockner kann f\u00fcr die Einblasung von trockener Luft in den Tunnel geliefert werden, um die Feuchtigkeit im Tunnel zu kontrollieren.<\/p>\n<p>Die Abdeckungen des Typs Sandwhich bestehen aus rostfreiem Stahl, der mit einer hochdichten Polyurethan-Isolierung eingespritzt ist. Die Abdeckungen k\u00f6nnen auf beiden Seiten des K\u00fchltunnels mit Hilfe von Gasflaschen leicht angehoben werden. Das F\u00f6rderband besteht aus lebensmittelechtem und antistatischem Polyurethan. Die Gleitfl\u00e4che des Bandes ist aus rostfreiem Stahl gefertigt. Der K\u00fchltunnel verf\u00fcgt \u00fcber automatische Verfolgungsvorrichtungen am Ein- und Ausgang des K\u00fchltunnels, die mit Lasersensoren und pneumatischen Zylindern ausgestattet sind. Dies erm\u00f6glicht eine angemessene Kontrolle der Bandspannung und verhindert Schlupf.<\/p>\n<p>Die L\u00e4nge des K\u00fchltunnels wird entsprechend dem Prozess des Kunden berechnet und angepasst.<\/p>\n<p><strong>Anwendungsbeispiele<\/strong><\/p>\n<p><img decoding=\"async\" class=\"alignnone wp-image-3176\" src=\"https:\/\/cormac.eu\/wp-content\/uploads\/2022\/05\/candy-3665529_1920-1024x732-1-300x214.jpg\" alt=\"\" width=\"177\" height=\"127\" srcset=\"https:\/\/cormac.eu\/wp-content\/uploads\/2022\/05\/candy-3665529_1920-1024x732-1-300x214.jpg 300w, https:\/\/cormac.eu\/wp-content\/uploads\/2022\/05\/candy-3665529_1920-1024x732-1-768x549.jpg 768w, https:\/\/cormac.eu\/wp-content\/uploads\/2022\/05\/candy-3665529_1920-1024x732-1-600x429.jpg 600w, https:\/\/cormac.eu\/wp-content\/uploads\/2022\/05\/candy-3665529_1920-1024x732-1.jpg 1024w\" sizes=\"(max-width: 177px) 100vw, 177px\" \/>\u00a0 \u00a0<img decoding=\"async\" class=\"wp-image-3175\" src=\"https:\/\/cormac.eu\/wp-content\/uploads\/2022\/05\/granola-bar-with-nuts-fruit-and-berries-on-white-D7QCZ5B-V2-300x300.jpg\" alt=\"\" width=\"143\" height=\"143\" srcset=\"https:\/\/cormac.eu\/wp-content\/uploads\/2022\/05\/granola-bar-with-nuts-fruit-and-berries-on-white-D7QCZ5B-V2-300x300.jpg 300w, https:\/\/cormac.eu\/wp-content\/uploads\/2022\/05\/granola-bar-with-nuts-fruit-and-berries-on-white-D7QCZ5B-V2.jpg 1024w, https:\/\/cormac.eu\/wp-content\/uploads\/2022\/05\/granola-bar-with-nuts-fruit-and-berries-on-white-D7QCZ5B-V2-150x150.jpg 150w, https:\/\/cormac.eu\/wp-content\/uploads\/2022\/05\/granola-bar-with-nuts-fruit-and-berries-on-white-D7QCZ5B-V2-768x768.jpg 768w, https:\/\/cormac.eu\/wp-content\/uploads\/2022\/05\/granola-bar-with-nuts-fruit-and-berries-on-white-D7QCZ5B-V2-600x600.jpg 600w, https:\/\/cormac.eu\/wp-content\/uploads\/2022\/05\/granola-bar-with-nuts-fruit-and-berries-on-white-D7QCZ5B-V2-100x100.jpg 100w\" sizes=\"(max-width: 143px) 100vw, 143px\" \/> <img decoding=\"async\" class=\"alignnone wp-image-3168\" src=\"https:\/\/cormac.eu\/wp-content\/uploads\/2022\/05\/chocolate-rice-cakes-PZY8PSN-V2-300x300.jpg\" alt=\"\" width=\"156\" height=\"156\" srcset=\"https:\/\/cormac.eu\/wp-content\/uploads\/2022\/05\/chocolate-rice-cakes-PZY8PSN-V2-300x300.jpg 300w, https:\/\/cormac.eu\/wp-content\/uploads\/2022\/05\/chocolate-rice-cakes-PZY8PSN-V2.jpg 1024w, https:\/\/cormac.eu\/wp-content\/uploads\/2022\/05\/chocolate-rice-cakes-PZY8PSN-V2-150x150.jpg 150w, https:\/\/cormac.eu\/wp-content\/uploads\/2022\/05\/chocolate-rice-cakes-PZY8PSN-V2-768x768.jpg 768w, https:\/\/cormac.eu\/wp-content\/uploads\/2022\/05\/chocolate-rice-cakes-PZY8PSN-V2-600x600.jpg 600w, https:\/\/cormac.eu\/wp-content\/uploads\/2022\/05\/chocolate-rice-cakes-PZY8PSN-V2-100x100.jpg 100w\" sizes=\"(max-width: 156px) 100vw, 156px\" \/><img loading=\"lazy\" decoding=\"async\" class=\"alignnone wp-image-2956\" src=\"https:\/\/cormac.eu\/wp-content\/uploads\/2022\/05\/Wymbs-Picture-1-pressurized-DMF-300x168.jpg\" alt=\"\" width=\"192\" height=\"108\" srcset=\"https:\/\/cormac.eu\/wp-content\/uploads\/2022\/05\/Wymbs-Picture-1-pressurized-DMF-300x168.jpg 300w, https:\/\/cormac.eu\/wp-content\/uploads\/2022\/05\/Wymbs-Picture-1-pressurized-DMF.jpg 337w\" sizes=\"(max-width: 192px) 100vw, 192px\" \/><\/p>\n<table>\n<tbody>\n<tr>\n<td width=\"264\"><strong>F<\/strong><strong>eatures<\/strong><\/td>\n<td width=\"340\"><strong>Vorteile<\/strong><\/td>\n<\/tr>\n<tr>\n<td width=\"264\">2-4 K\u00fchlzonen<\/td>\n<td width=\"340\">\n<ul>\n<li>Unabh\u00e4ngige Zonen-Temperaturregelung<\/li>\n<\/ul>\n<\/td>\n<\/tr>\n<tr>\n<td width=\"264\">Polyurethan-F\u00f6rderband<\/td>\n<td width=\"340\">\n<ul>\n<li>Lebensmittelqualit\u00e4t<\/li>\n<li>Antistatisch<\/li>\n<\/ul>\n<\/td>\n<\/tr>\n<tr>\n<td width=\"264\">SEW-Antriebsmotor mit Frequenzumrichter<\/td>\n<td width=\"340\">\n<ul>\n<li>Einstellung der Bandgeschwindigkeit<\/li>\n<\/ul>\n<\/td>\n<\/tr>\n<tr>\n<td width=\"264\">Automatische Bandf\u00fchrung und -spannung<\/td>\n<td width=\"340\">\n<ul>\n<li>Konstante Spannung des F\u00f6rderbandes<\/li>\n<li>Verhinderung von Schlupf<\/li>\n<\/ul>\n<\/td>\n<\/tr>\n<tr>\n<td width=\"264\">AISI304 Konstruktion aus rostfreiem Stahl<\/td>\n<td width=\"340\">\n<ul>\n<li>Hygienisch<\/li>\n<li>Leichte Reinigung<\/li>\n<\/ul>\n<\/td>\n<\/tr>\n<tr>\n<td width=\"264\">Unterschiedliche Breiten<\/td>\n<td width=\"340\">\n<ul>\n<li>Von 350 - 1500 mm<\/li>\n<\/ul>\n<\/td>\n<\/tr>\n<tr>\n<td width=\"264\"><strong>Optional<\/strong><\/td>\n<td width=\"340\"><\/td>\n<\/tr>\n<tr>\n<td width=\"264\">\n<ul>\n<li>Einblasen von Trockenluft<\/li>\n<\/ul>\n<\/td>\n<td width=\"340\">Externer Lufttrockner, der trockene Luft in den K\u00fchltunnel einbl\u00e4st.<\/td>\n<\/tr>\n<tr>\n<td width=\"264\">\n<ul>\n<li>Untere K\u00fchlung kalter Platten<\/li>\n<\/ul>\n<\/td>\n<td width=\"340\">Um eine K\u00fchlung von unten zu erm\u00f6glichen, wird sie unter dem Band installiert und entweder mit Wasser oder Glykol gek\u00fchlt.<\/td>\n<\/tr>\n<tr>\n<td width=\"264\">\n<ul>\n<li>Wasserk\u00fchlung<\/li>\n<\/ul>\n<\/td>\n<td width=\"340\">In Ermangelung einer werkseitigen Kaltwasserleitung kann eine externe K\u00e4ltemaschine installiert werden, die mit Wasser oder Glykol arbeitet.<\/td>\n<\/tr>\n<tr>\n<td width=\"264\">\n<ul>\n<li>Elektrischer Lufterhitzer<\/li>\n<\/ul>\n<\/td>\n<td width=\"340\">Wird an der R\u00fccklaufstelle der B\u00e4nder installiert, um die Feuchtigkeit der gek\u00fchlten Luft durch Wiedererw\u00e4rmung zu reduzieren<\/td>\n<\/tr>\n<tr>\n<td width=\"264\">\n<ul>\n<li>Automatischer Bandwaschwagen<\/li>\n<\/ul>\n<\/td>\n<td width=\"340\">Wird am Umlenkpunkt des Gurtes installiert, um den Gurt zu w\u00e4ssern und zu trocknen. Das Gestell ist auf Rollen, so dass es leicht entfernt werden kann. Mit Trocknungskratzern, Hei\u00dfwassertrichter, motorisierten B\u00fcrsten und pneumatischen Zylindern, die den Wagen in die Waschposition heben und zum Entfernen absenken.<\/td>\n<\/tr>\n<\/tbody>\n<\/table>\n<p>&nbsp;<\/p>\n<p>&nbsp;<\/p>","protected":false},"excerpt":{"rendered":"<p>K\u00fchltunnel f\u00fcr die K\u00fchlung von Produkten, die mit Schokolade, Compound oder Fettmasse umh\u00fcllt sind<\/p>","protected":false},"featured_media":3179,"comment_status":"open","ping_status":"closed","template":"","meta":{"uix_meta_title":"","uix_meta_description":"","uix_canonical_url":""},"product_brand":[],"product_cat":[104],"product_tag":[205,206,208,207],"class_list":{"0":"post-3178","1":"product","2":"type-product","3":"status-publish","4":"has-post-thumbnail","6":"product_cat-processing","7":"product_tag-candy-bars","8":"product_tag-chocolate-tablets","9":"product_tag-chocolates","10":"product_tag-pralines","12":"first","13":"instock","14":"shipping-taxable","15":"product-type-simple"},"_links":{"self":[{"href":"https:\/\/cormac.eu\/de\/wp-json\/wp\/v2\/product\/3178","targetHints":{"allow":["GET"]}}],"collection":[{"href":"https:\/\/cormac.eu\/de\/wp-json\/wp\/v2\/product"}],"about":[{"href":"https:\/\/cormac.eu\/de\/wp-json\/wp\/v2\/types\/product"}],"replies":[{"embeddable":true,"href":"https:\/\/cormac.eu\/de\/wp-json\/wp\/v2\/comments?post=3178"}],"wp:featuredmedia":[{"embeddable":true,"href":"https:\/\/cormac.eu\/de\/wp-json\/wp\/v2\/media\/3179"}],"wp:attachment":[{"href":"https:\/\/cormac.eu\/de\/wp-json\/wp\/v2\/media?parent=3178"}],"wp:term":[{"taxonomy":"product_brand","embeddable":true,"href":"https:\/\/cormac.eu\/de\/wp-json\/wp\/v2\/product_brand?post=3178"},{"taxonomy":"product_cat","embeddable":true,"href":"https:\/\/cormac.eu\/de\/wp-json\/wp\/v2\/product_cat?post=3178"},{"taxonomy":"product_tag","embeddable":true,"href":"https:\/\/cormac.eu\/de\/wp-json\/wp\/v2\/product_tag?post=3178"}],"curies":[{"name":"wp","href":"https:\/\/api.w.org\/{rel}","templated":true}]}}