{"id":3173,"date":"2022-05-29T14:14:17","date_gmt":"2022-05-29T12:14:17","guid":{"rendered":"https:\/\/cormac.eu\/?post_type=product&#038;p=3173"},"modified":"2022-06-01T11:39:16","modified_gmt":"2022-06-01T09:39:16","slug":"uberziehmaschine-2","status":"publish","type":"product","link":"https:\/\/cormac.eu\/de\/product\/enrobing-machine\/","title":{"rendered":"\u00dcberziehmaschine"},"content":{"rendered":"<p>\u00dcberziehmaschine, erh\u00e4ltlich in Arbeitsbreiten von 350 bis 1500 mm und Maschengeschwindigkeiten von 1,5 bis 12 Metern pro Stunde. Diese Maschine hat einen doppelten Schokoladenvorhang und ist f\u00fcr den 24\/7-Betrieb ausgelegt. Schneller Ausbau des Schokoladentrichters und des Maschensatzes, einschlie\u00dflich aller Wellen und Teile. Das Sieb wird von F\u00fchrungen gest\u00fctzt, und der Trichter dient zur Unterst\u00fctzung des Siebsystems. Der Schokoladentrichter hat keine elektrischen Elemente, die bei der Reinigung besch\u00e4digt werden k\u00f6nnten. Auf der R\u00fcckseite der Maschine, gegen\u00fcber der Bedienerseite, ist durch einfaches Drehen des Schaltschrankes ein Servicebereich zug\u00e4nglich. Durch einen integrierten Wasserkreislauf werden alle produktber\u00fchrenden Teile auf der gew\u00fcnschten Temperatur gehalten.<\/p>\n<p><strong>Anwendung<\/strong><\/p>\n<p>\u00dcberziehen von Produkten mit echter Schokolade, Verbund- oder Fettmassen<\/p>\n<p><img decoding=\"async\" class=\"wp-image-3171\" src=\"https:\/\/cormac.eu\/wp-content\/uploads\/2022\/05\/waffles-with-chocolate-topping-GUSW6FC-V2-300x300.jpg\" alt=\"\" width=\"125\" height=\"125\" srcset=\"https:\/\/cormac.eu\/wp-content\/uploads\/2022\/05\/waffles-with-chocolate-topping-GUSW6FC-V2-300x300.jpg 300w, https:\/\/cormac.eu\/wp-content\/uploads\/2022\/05\/waffles-with-chocolate-topping-GUSW6FC-V2.jpg 1024w, https:\/\/cormac.eu\/wp-content\/uploads\/2022\/05\/waffles-with-chocolate-topping-GUSW6FC-V2-150x150.jpg 150w, https:\/\/cormac.eu\/wp-content\/uploads\/2022\/05\/waffles-with-chocolate-topping-GUSW6FC-V2-768x768.jpg 768w, https:\/\/cormac.eu\/wp-content\/uploads\/2022\/05\/waffles-with-chocolate-topping-GUSW6FC-V2-600x600.jpg 600w, https:\/\/cormac.eu\/wp-content\/uploads\/2022\/05\/waffles-with-chocolate-topping-GUSW6FC-V2-100x100.jpg 100w\" sizes=\"(max-width: 125px) 100vw, 125px\" \/>\u00a0 \u00a0<img decoding=\"async\" class=\"wp-image-3170\" src=\"https:\/\/cormac.eu\/wp-content\/uploads\/2022\/05\/glazed-donuts-PB5CCQD-V2-300x300.jpg\" alt=\"\" width=\"133\" height=\"133\" srcset=\"https:\/\/cormac.eu\/wp-content\/uploads\/2022\/05\/glazed-donuts-PB5CCQD-V2-300x300.jpg 300w, https:\/\/cormac.eu\/wp-content\/uploads\/2022\/05\/glazed-donuts-PB5CCQD-V2.jpg 1024w, https:\/\/cormac.eu\/wp-content\/uploads\/2022\/05\/glazed-donuts-PB5CCQD-V2-150x150.jpg 150w, https:\/\/cormac.eu\/wp-content\/uploads\/2022\/05\/glazed-donuts-PB5CCQD-V2-768x768.jpg 768w, https:\/\/cormac.eu\/wp-content\/uploads\/2022\/05\/glazed-donuts-PB5CCQD-V2-600x600.jpg 600w, https:\/\/cormac.eu\/wp-content\/uploads\/2022\/05\/glazed-donuts-PB5CCQD-V2-100x100.jpg 100w\" sizes=\"(max-width: 133px) 100vw, 133px\" \/> \u00a0\u00a0<img decoding=\"async\" class=\"alignnone wp-image-3168\" src=\"https:\/\/cormac.eu\/wp-content\/uploads\/2022\/05\/chocolate-rice-cakes-PZY8PSN-V2-300x300.jpg\" alt=\"\" width=\"152\" height=\"152\" srcset=\"https:\/\/cormac.eu\/wp-content\/uploads\/2022\/05\/chocolate-rice-cakes-PZY8PSN-V2-300x300.jpg 300w, https:\/\/cormac.eu\/wp-content\/uploads\/2022\/05\/chocolate-rice-cakes-PZY8PSN-V2.jpg 1024w, https:\/\/cormac.eu\/wp-content\/uploads\/2022\/05\/chocolate-rice-cakes-PZY8PSN-V2-150x150.jpg 150w, https:\/\/cormac.eu\/wp-content\/uploads\/2022\/05\/chocolate-rice-cakes-PZY8PSN-V2-768x768.jpg 768w, https:\/\/cormac.eu\/wp-content\/uploads\/2022\/05\/chocolate-rice-cakes-PZY8PSN-V2-600x600.jpg 600w, https:\/\/cormac.eu\/wp-content\/uploads\/2022\/05\/chocolate-rice-cakes-PZY8PSN-V2-100x100.jpg 100w\" sizes=\"(max-width: 152px) 100vw, 152px\" \/><img loading=\"lazy\" decoding=\"async\" class=\"wp-image-3166\" src=\"https:\/\/cormac.eu\/wp-content\/uploads\/2022\/05\/chocolate-dessert-PURBMSE-V3-300x300.jpg\" alt=\"\" width=\"149\" height=\"149\" srcset=\"https:\/\/cormac.eu\/wp-content\/uploads\/2022\/05\/chocolate-dessert-PURBMSE-V3-300x300.jpg 300w, https:\/\/cormac.eu\/wp-content\/uploads\/2022\/05\/chocolate-dessert-PURBMSE-V3.jpg 1024w, https:\/\/cormac.eu\/wp-content\/uploads\/2022\/05\/chocolate-dessert-PURBMSE-V3-150x150.jpg 150w, https:\/\/cormac.eu\/wp-content\/uploads\/2022\/05\/chocolate-dessert-PURBMSE-V3-768x768.jpg 768w, https:\/\/cormac.eu\/wp-content\/uploads\/2022\/05\/chocolate-dessert-PURBMSE-V3-600x600.jpg 600w, https:\/\/cormac.eu\/wp-content\/uploads\/2022\/05\/chocolate-dessert-PURBMSE-V3-100x100.jpg 100w\" sizes=\"(max-width: 149px) 100vw, 149px\" \/><\/p>\n<table width=\"586\">\n<tbody>\n<tr>\n<td width=\"245\"><strong>Eigenschaften<\/strong><\/td>\n<td width=\"340\"><strong>Vorteile<\/strong><\/td>\n<\/tr>\n<tr>\n<td>Doppelter Schokoladenvorhang<\/td>\n<td>\n<ul>\n<li>Gleichm\u00e4\u00dfige Beschichtung<\/li>\n<\/ul>\n<\/td>\n<\/tr>\n<tr>\n<td>Gleichm\u00e4\u00dfige Luftverteilung alog side enrober<\/td>\n<td>\n<ul>\n<li>Tenperaturkontrolle<\/li>\n<\/ul>\n<\/td>\n<\/tr>\n<tr>\n<td>Produktber\u00fchrende Teile doppelt ummantelt<\/td>\n<td>\n<ul>\n<li>Aufrechterhaltung der Schokoladentemperatur f\u00fcr gleichm\u00e4\u00dfigen \u00dcberzug<\/li>\n<\/ul>\n<\/td>\n<\/tr>\n<tr>\n<td>PID-Temperaturregler<\/td>\n<td>\n<ul>\n<li>Halteeigenschaften von temperierter Schokolade<\/li>\n<\/ul>\n<\/td>\n<\/tr>\n<tr>\n<td>Konstruktion aus rostfreiem Stahl<\/td>\n<td>\n<ul>\n<li>Hygienisch leichte Reinigung<\/li>\n<\/ul>\n<\/td>\n<\/tr>\n<tr>\n<td>Abnehmbarer Produkttrichter<\/td>\n<td>\n<ul>\n<li>Schneller Wechsel der Schokoladensorte, weniger Ausfallzeiten<\/li>\n<\/ul>\n<\/td>\n<\/tr>\n<tr>\n<td>Kompletter Netzsatz abnehmbar<\/td>\n<td>\n<ul>\n<li>Schneller Produktwechsel<\/li>\n<li>leichte Reinigung<\/li>\n<li>Weniger Ausfallzeiten<\/li>\n<\/ul>\n<\/td>\n<\/tr>\n<tr>\n<td>Schnellverbindung Produktrohre<\/td>\n<td>\n<ul>\n<li>Einfache Reinigung und Wartung<\/li>\n<\/ul>\n<\/td>\n<\/tr>\n<tr>\n<td>Dachlose Konstruktion<\/td>\n<td>\n<ul>\n<li>Einfacher Zugang<\/li>\n<\/ul>\n<\/td>\n<\/tr>\n<tr>\n<td>PLC-gesteuert<\/td>\n<td>\n<ul>\n<li>Pr\u00e4zise Parametersteuerung - Rezeptur<\/li>\n<li>Aufbewahrungsort f\u00fcr Schokoladenniveau<\/li>\n<\/ul>\n<\/td>\n<\/tr>\n<tr>\n<td>Vibrationstablett, pneumatisch<\/td>\n<td>\n<ul>\n<li>Gleichm\u00e4\u00dfiger Beschichtungseffekt<\/li>\n<li>Frequenzgesteuert<\/li>\n<\/ul>\n<\/td>\n<\/tr>\n<tr>\n<td>Optionen<\/td>\n<td>\n<ul>\n<li>Filtersysteme<\/li>\n<li>Misch- und Schmelztanks<\/li>\n<li>Dekorationssysteme<\/li>\n<li>Beregnungsanlagen<\/li>\n<li>Temperiermaschinen<\/li>\n<li>Einlauftisch<\/li>\n<li>Alternatives Gurtmaterial<\/li>\n<\/ul>\n<\/td>\n<\/tr>\n<\/tbody>\n<\/table>\n<div class=\"mceTemp\"><\/div>\n<div class=\"mceTemp\"><\/div>","protected":false},"excerpt":{"rendered":"<p>\u00dcberziehmaschine f\u00fcr das \u00dcberziehen von Produkten mit Schokolade, Verbund- oder Fettmassen<\/p>","protected":false},"featured_media":3167,"comment_status":"open","ping_status":"closed","template":"","meta":{"uix_meta_title":"","uix_meta_description":"","uix_canonical_url":""},"product_brand":[],"product_cat":[104],"product_tag":[205,211,210,209],"class_list":{"0":"post-3173","1":"product","2":"type-product","3":"status-publish","4":"has-post-thumbnail","6":"product_cat-processing","7":"product_tag-candy-bars","8":"product_tag-chocolate-coated-products","9":"product_tag-cookies","10":"product_tag-wafers","12":"first","13":"instock","14":"shipping-taxable","15":"product-type-simple"},"_links":{"self":[{"href":"https:\/\/cormac.eu\/de\/wp-json\/wp\/v2\/product\/3173","targetHints":{"allow":["GET"]}}],"collection":[{"href":"https:\/\/cormac.eu\/de\/wp-json\/wp\/v2\/product"}],"about":[{"href":"https:\/\/cormac.eu\/de\/wp-json\/wp\/v2\/types\/product"}],"replies":[{"embeddable":true,"href":"https:\/\/cormac.eu\/de\/wp-json\/wp\/v2\/comments?post=3173"}],"wp:featuredmedia":[{"embeddable":true,"href":"https:\/\/cormac.eu\/de\/wp-json\/wp\/v2\/media\/3167"}],"wp:attachment":[{"href":"https:\/\/cormac.eu\/de\/wp-json\/wp\/v2\/media?parent=3173"}],"wp:term":[{"taxonomy":"product_brand","embeddable":true,"href":"https:\/\/cormac.eu\/de\/wp-json\/wp\/v2\/product_brand?post=3173"},{"taxonomy":"product_cat","embeddable":true,"href":"https:\/\/cormac.eu\/de\/wp-json\/wp\/v2\/product_cat?post=3173"},{"taxonomy":"product_tag","embeddable":true,"href":"https:\/\/cormac.eu\/de\/wp-json\/wp\/v2\/product_tag?post=3173"}],"curies":[{"name":"wp","href":"https:\/\/api.w.org\/{rel}","templated":true}]}}