{"id":3077,"date":"2022-05-20T23:37:45","date_gmt":"2022-05-20T21:37:45","guid":{"rendered":"https:\/\/cormac.eu\/?post_type=product&#038;p=3077"},"modified":"2022-06-05T13:56:08","modified_gmt":"2022-06-05T11:56:08","slug":"universelles-verteilerantriebssystem-2","status":"publish","type":"product","link":"https:\/\/cormac.eu\/de\/product\/universal-manifold-drive-system\/","title":{"rendered":"Universelles Verteilerantriebssystem"},"content":{"rendered":"<p>Das universelle \u00dcberkopf-Gie\u00dfsystem wird in der Regel \u00fcber eine bestehende Produktionslinie, ein Stahlband oder ein Schalenband montiert. Es kann mit verschiedenen Arten von Druckgie\u00dfverteilern, Kombinationsverteilern oder Drahtschneideverteilern ausgestattet werden. Bei der Anwendung f\u00fcr Marshmallows erm\u00f6glicht es dem Hersteller die Herstellung von abgelegten, extrudierten oder drahtgeschnittenen Produkten.<\/p>\n<p><img decoding=\"async\" class=\"alignnone wp-image-3075\" src=\"https:\/\/cormac.eu\/wp-content\/uploads\/2022\/05\/Wymbs-Universal-MDS-peep-1.jpg\" alt=\"\" width=\"153\" height=\"124\" \/> \u00a0<img decoding=\"async\" class=\"alignnone wp-image-2973\" src=\"https:\/\/cormac.eu\/wp-content\/uploads\/2022\/05\/wymbs-wire-cut-product-1.jpg\" alt=\"\" width=\"123\" height=\"111\" \/>\u00a0 \u00a0 <img decoding=\"async\" class=\"alignnone wp-image-2815\" src=\"https:\/\/cormac.eu\/wp-content\/uploads\/2022\/04\/marshmallow-IMG_0607-300x300.webp\" alt=\"\" width=\"135\" height=\"135\" srcset=\"https:\/\/cormac.eu\/wp-content\/uploads\/2022\/04\/marshmallow-IMG_0607-300x300.webp 300w, https:\/\/cormac.eu\/wp-content\/uploads\/2022\/04\/marshmallow-IMG_0607-1024x1024.webp 1024w, https:\/\/cormac.eu\/wp-content\/uploads\/2022\/04\/marshmallow-IMG_0607-150x150.webp 150w, https:\/\/cormac.eu\/wp-content\/uploads\/2022\/04\/marshmallow-IMG_0607-768x768.webp 768w, https:\/\/cormac.eu\/wp-content\/uploads\/2022\/04\/marshmallow-IMG_0607-1536x1536.webp 1536w, https:\/\/cormac.eu\/wp-content\/uploads\/2022\/04\/marshmallow-IMG_0607-600x600.webp 600w, https:\/\/cormac.eu\/wp-content\/uploads\/2022\/04\/marshmallow-IMG_0607-100x100.webp 100w, https:\/\/cormac.eu\/wp-content\/uploads\/2022\/04\/marshmallow-IMG_0607.webp 1920w\" sizes=\"(max-width: 135px) 100vw, 135px\" \/><img loading=\"lazy\" decoding=\"async\" class=\"alignnone wp-image-2958\" src=\"https:\/\/cormac.eu\/wp-content\/uploads\/2022\/05\/Wymbs-picture-3-DMF.jpg\" alt=\"\" width=\"158\" height=\"158\" srcset=\"https:\/\/cormac.eu\/wp-content\/uploads\/2022\/05\/Wymbs-picture-3-DMF.jpg 125w, https:\/\/cormac.eu\/wp-content\/uploads\/2022\/05\/Wymbs-picture-3-DMF-100x100.jpg 100w\" sizes=\"(max-width: 158px) 100vw, 158px\" \/><\/p>\n<p>Ansonsten k\u00f6nnen einfache S\u00fc\u00dfwaren hergestellt werden, wie z. B. Artikel, die auf gezuckerten oder mit St\u00e4rke bespr\u00fchten F\u00f6rderb\u00e4ndern abgelegt werden, oder Artikel, die als F\u00fcllung auf einem Keks oder zwischen Keksen abgelegt werden.<\/p>\n<p><img loading=\"lazy\" decoding=\"async\" class=\"alignnone wp-image-3073\" src=\"https:\/\/cormac.eu\/wp-content\/uploads\/2022\/05\/Wymbs-Universal-MDS-jaffa-4.jpg\" alt=\"\" width=\"148\" height=\"127\" \/><img loading=\"lazy\" decoding=\"async\" class=\"alignnone wp-image-3074\" src=\"https:\/\/cormac.eu\/wp-content\/uploads\/2022\/05\/Wymbs-Universal-MDS-ladyfinger-2.jpg\" alt=\"\" width=\"222\" height=\"131\" \/> <img loading=\"lazy\" decoding=\"async\" class=\"alignnone wp-image-3076\" src=\"https:\/\/cormac.eu\/wp-content\/uploads\/2022\/05\/Wymbs-Univesral-MDS-marshmallow-3.jpg\" alt=\"\" width=\"191\" height=\"107\" \/> <img loading=\"lazy\" decoding=\"async\" class=\"alignnone wp-image-3079\" src=\"https:\/\/cormac.eu\/wp-content\/uploads\/2022\/05\/Wymbs-Universal-MDS-prod-5.jpg\" alt=\"\" width=\"173\" height=\"130\" \/><\/p>\n<p>Die Kombination verschiedener Verteilertypen mit diesem universellen Verteilerantriebssystem, mit integrierten Prozessf\u00f6rderern, Rundtaktsystemen, Kekszuf\u00fchrmagazinen usw. bietet dem Hersteller eine breite Palette von Ablagem\u00f6glichkeiten. Typischerweise werden diese Systeme f\u00fcr Arbeitsbreiten von 800 mm, 1000 mm, 1200 mm, 1500 mm hergestellt.<\/p>\n<p>&nbsp;<\/p>\n<table>\n<tbody>\n<tr>\n<td width=\"295\">\n<p style=\"text-align: center\"><strong>Eigenschaften<\/strong><\/p>\n<\/td>\n<td width=\"219\">\n<p style=\"text-align: center\"><strong>Vorteile<\/strong><\/p>\n<\/td>\n<\/tr>\n<tr>\n<td><\/td>\n<td><\/td>\n<\/tr>\n<tr>\n<td>Verkleidung und Struktur aus rostfreiem Stahl<\/td>\n<td>\n<ul>\n<li>Stark<\/li>\n<li>Hygienisch<\/li>\n<\/ul>\n<\/td>\n<\/tr>\n<tr>\n<td>Touchscreen-HMI mit abgesetzter Schalttafel<\/td>\n<td>\n<ul>\n<li>Pr\u00e4zise Ablagerungskontrolle<\/li>\n<li>Aufbewahrung von Rezepten<br \/>\nSpeicherung von Daten<\/li>\n<li>Prozess- und Temperatur\u00fcberwachung<\/li>\n<\/ul>\n<\/td>\n<\/tr>\n<tr>\n<td>XYZ-Bewegung<\/td>\n<td>\n<ul>\n<li>3 Achsen der Bewegung m\u00f6glich<\/li>\n<\/ul>\n<\/td>\n<\/tr>\n<tr>\n<td>Optionen<\/td>\n<td>\n<ul>\n<li>Wartungswagen<\/li>\n<li>integriertes Ablagef\u00f6rderband<\/li>\n<li>Keksspender<\/li>\n<\/ul>\n<\/td>\n<\/tr>\n<\/tbody>\n<\/table>\n<p>&nbsp;<\/p>","protected":false},"excerpt":{"rendered":"<p>Universal Manifold Drive System zur Kombination mit verschiedenen Verteilern f\u00fcr eine breite Palette von Entleerungsoptionen.<\/p>","protected":false},"featured_media":3072,"comment_status":"open","ping_status":"closed","template":"","meta":{"uix_meta_title":"","uix_meta_description":"","uix_canonical_url":""},"product_brand":[],"product_cat":[104],"product_tag":[219,195,196,198,202,200],"class_list":{"0":"post-3077","1":"product","2":"type-product","3":"status-publish","4":"has-post-thumbnail","6":"product_cat-processing","7":"product_tag-jaffa-cakes","8":"product_tag-lady-fingers","9":"product_tag-marshmallows","10":"product_tag-muffins-cupcakes","11":"product_tag-sponge-drops","12":"product_tag-tea0cake-mallows","14":"first","15":"instock","16":"shipping-taxable","17":"product-type-simple"},"_links":{"self":[{"href":"https:\/\/cormac.eu\/de\/wp-json\/wp\/v2\/product\/3077","targetHints":{"allow":["GET"]}}],"collection":[{"href":"https:\/\/cormac.eu\/de\/wp-json\/wp\/v2\/product"}],"about":[{"href":"https:\/\/cormac.eu\/de\/wp-json\/wp\/v2\/types\/product"}],"replies":[{"embeddable":true,"href":"https:\/\/cormac.eu\/de\/wp-json\/wp\/v2\/comments?post=3077"}],"wp:featuredmedia":[{"embeddable":true,"href":"https:\/\/cormac.eu\/de\/wp-json\/wp\/v2\/media\/3072"}],"wp:attachment":[{"href":"https:\/\/cormac.eu\/de\/wp-json\/wp\/v2\/media?parent=3077"}],"wp:term":[{"taxonomy":"product_brand","embeddable":true,"href":"https:\/\/cormac.eu\/de\/wp-json\/wp\/v2\/product_brand?post=3077"},{"taxonomy":"product_cat","embeddable":true,"href":"https:\/\/cormac.eu\/de\/wp-json\/wp\/v2\/product_cat?post=3077"},{"taxonomy":"product_tag","embeddable":true,"href":"https:\/\/cormac.eu\/de\/wp-json\/wp\/v2\/product_tag?post=3077"}],"curies":[{"name":"wp","href":"https:\/\/api.w.org\/{rel}","templated":true}]}}