{"id":3069,"date":"2022-05-20T21:55:46","date_gmt":"2022-05-20T19:55:46","guid":{"rendered":"https:\/\/cormac.eu\/?post_type=product&#038;p=3069"},"modified":"2022-06-01T11:48:33","modified_gmt":"2022-06-01T09:48:33","slug":"platten-und-extrusionsverteiler-2","status":"publish","type":"product","link":"https:\/\/cormac.eu\/de\/product\/sheeting-and-extrusion-manifold\/","title":{"rendered":"Verteiler f\u00fcr Platten und Extrusion"},"content":{"rendered":"<p>Ein Folien- und Extrusionsverteiler soll direkt an einen kontinuierlichen Massestrom angeschlossen werden. Diese Masse kann von einem kontinuierlichen Bel\u00fcftungssystem oder von einem Dosiersystem wie z. B. einer Pumpenanlage kommen.  Der Verteiler liefert eine kontinuierliche Bahn in voller Breite auf einem Band oder eine bestimmte Anzahl von Str\u00e4ngen fester Breite (mehrbahnig). Er wird so ausgelegt, dass die Breite des Aufnahmebandes optimal genutzt wird.  Folien- und Extrusionsverteiler k\u00f6nnen auf bestehenden Produktionslinien nachger\u00fcstet werden.<\/p>\n<p>Anwendungsbeispiele<\/p>\n<p><img decoding=\"async\" class=\"alignnone wp-image-3063\" src=\"https:\/\/cormac.eu\/wp-content\/uploads\/2022\/05\/product-2-287x300.jpg\" alt=\"\" width=\"171\" height=\"179\" srcset=\"https:\/\/cormac.eu\/wp-content\/uploads\/2022\/05\/product-2-287x300.jpg 287w, https:\/\/cormac.eu\/wp-content\/uploads\/2022\/05\/product-2.jpg 311w\" sizes=\"(max-width: 171px) 100vw, 171px\" \/>\u00a0 \u00a0 \u00a0\u00a0<img decoding=\"async\" class=\"alignnone wp-image-3062\" src=\"https:\/\/cormac.eu\/wp-content\/uploads\/2022\/05\/product-1.jpg\" alt=\"\" width=\"169\" height=\"165\" \/><img decoding=\"async\" class=\"alignnone wp-image-3066\" src=\"https:\/\/cormac.eu\/wp-content\/uploads\/2022\/05\/product-5-300x213.jpg\" alt=\"\" width=\"181\" height=\"129\" srcset=\"https:\/\/cormac.eu\/wp-content\/uploads\/2022\/05\/product-5-300x213.jpg 300w, https:\/\/cormac.eu\/wp-content\/uploads\/2022\/05\/product-5.jpg 305w\" sizes=\"(max-width: 181px) 100vw, 181px\" \/> <img loading=\"lazy\" decoding=\"async\" class=\"alignnone wp-image-3065\" src=\"https:\/\/cormac.eu\/wp-content\/uploads\/2022\/05\/Product-4.jpg\" alt=\"\" width=\"157\" height=\"128\" \/><\/p>\n<p>&nbsp;<\/p>\n<table>\n<tbody>\n<tr>\n<td width=\"295\">\u00a0<strong>Eigenschaften<\/strong><\/td>\n<td width=\"197\">\u00a0<strong>Vorteile<\/strong><\/td>\n<\/tr>\n<tr>\n<td><\/td>\n<td><\/td>\n<\/tr>\n<tr>\n<td>Konstruktion aus Aluminium oder rostfreiem Stahl<\/td>\n<td>Leichtes Gewicht<br \/>\nHygienisch<\/td>\n<\/tr>\n<tr>\n<td>Manuelle oder servogesteuerte Blechdicke<\/td>\n<td>Nach Kundenwunsch<\/td>\n<\/tr>\n<tr>\n<td>Interner Wasserkreislauf (ummantelt)<\/td>\n<td>Perfekte Temperaturkontrolle<br \/>\nf\u00fcr temperaturempfindliche Produkte<\/td>\n<\/tr>\n<tr>\n<td>Schleusen aus rostfreiem Stahl<\/td>\n<td>Hygienisch<br \/>\nleichte Reinigung<\/td>\n<\/tr>\n<tr>\n<td>Optionen<\/td>\n<td>Reinigungsaufsatz f\u00fcr CIP<br \/>\nEinfache oder mehrspitzige D\u00fcsen<br \/>\nTitatnium Hauptk\u00f6rper<\/td>\n<\/tr>\n<\/tbody>\n<\/table>","protected":false},"excerpt":{"rendered":"<p>Ummantelungs- und Extrusionsverteiler f\u00fcr den direkten Anschluss an einen kontinuierlichen Massestrom, geeignet f\u00fcr die Nachr\u00fcstung.<\/p>","protected":false},"featured_media":3070,"comment_status":"open","ping_status":"closed","template":"","meta":{"uix_meta_title":"","uix_meta_description":"","uix_canonical_url":""},"product_brand":[],"product_cat":[104],"product_tag":[203,187,190,191,196,201],"class_list":{"0":"post-3069","1":"product","2":"type-product","3":"status-publish","4":"has-post-thumbnail","6":"product_cat-processing","7":"product_tag-batter","8":"product_tag-biscuit-creams","9":"product_tag-dairy-creams","10":"product_tag-fondants-icings","11":"product_tag-marshmallows","12":"product_tag-wafer-creams","14":"first","15":"instock","16":"shipping-taxable","17":"product-type-simple"},"_links":{"self":[{"href":"https:\/\/cormac.eu\/de\/wp-json\/wp\/v2\/product\/3069","targetHints":{"allow":["GET"]}}],"collection":[{"href":"https:\/\/cormac.eu\/de\/wp-json\/wp\/v2\/product"}],"about":[{"href":"https:\/\/cormac.eu\/de\/wp-json\/wp\/v2\/types\/product"}],"replies":[{"embeddable":true,"href":"https:\/\/cormac.eu\/de\/wp-json\/wp\/v2\/comments?post=3069"}],"wp:featuredmedia":[{"embeddable":true,"href":"https:\/\/cormac.eu\/de\/wp-json\/wp\/v2\/media\/3070"}],"wp:attachment":[{"href":"https:\/\/cormac.eu\/de\/wp-json\/wp\/v2\/media?parent=3069"}],"wp:term":[{"taxonomy":"product_brand","embeddable":true,"href":"https:\/\/cormac.eu\/de\/wp-json\/wp\/v2\/product_brand?post=3069"},{"taxonomy":"product_cat","embeddable":true,"href":"https:\/\/cormac.eu\/de\/wp-json\/wp\/v2\/product_cat?post=3069"},{"taxonomy":"product_tag","embeddable":true,"href":"https:\/\/cormac.eu\/de\/wp-json\/wp\/v2\/product_tag?post=3069"}],"curies":[{"name":"wp","href":"https:\/\/api.w.org\/{rel}","templated":true}]}}