{"id":2971,"date":"2022-05-19T23:29:08","date_gmt":"2022-05-19T21:29:08","guid":{"rendered":"https:\/\/cormac.eu\/?post_type=product&#038;p=2971"},"modified":"2022-06-01T11:56:02","modified_gmt":"2022-06-01T09:56:02","slug":"drahtgestrickte-verteiler-2","status":"publish","type":"product","link":"https:\/\/cormac.eu\/de\/product\/wire-cut-manifold\/","title":{"rendered":"Drahtgeschnittener Verteiler"},"content":{"rendered":"<p>Druckgie\u00dfverteiler sind so konzipiert, dass sie direkt an eine kontinuierliche F\u00f6rderanlage oder ein Dosiersystem wie eine Pumpenanlage angeschlossen werden k\u00f6nnen. Da es sich um geschlossene Systeme handelt, bei denen keine Trichter verwendet werden, eignen sich diese Gie\u00dfverteiler besonders f\u00fcr das Gie\u00dfen von empfindlichen Massen und leichten Sch\u00e4umen. Drahtgeschnittene Verteiler k\u00f6nnen aus dem <a href=\"https:\/\/cormac.eu\/de\/produkt\/ablagekrummer-2\/\">\"einfacher\" Verteiler<\/a> f\u00fcr einen einfarbigen Marshmallow-Auftrag oder aus unseren Kombiversionen f\u00fcr einen zweifarbigen Auftrag. Die Zellenradschleusen sind in der Regel servoangetrieben, w\u00e4hrend die reziproke Drahtschneidevorrichtung pneumatisch betrieben wird.<\/p>\n<p>&nbsp;<\/p>\n<p><strong>Anwendungen<\/strong><\/p>\n<p><img decoding=\"async\" class=\"alignnone wp-image-2975\" src=\"https:\/\/cormac.eu\/wp-content\/uploads\/2022\/05\/wymbs-wire-cut-product-3.jpg\" alt=\"\" width=\"154\" height=\"134\" \/>\u00a0 <img decoding=\"async\" class=\"alignnone wp-image-2974\" src=\"https:\/\/cormac.eu\/wp-content\/uploads\/2022\/05\/wymbs-wire-cut-product-2.jpg\" alt=\"\" width=\"166\" height=\"132\" \/> <img decoding=\"async\" class=\"alignnone wp-image-2973\" src=\"https:\/\/cormac.eu\/wp-content\/uploads\/2022\/05\/wymbs-wire-cut-product-1.jpg\" alt=\"\" width=\"166\" height=\"151\" \/><\/p>\n<p>&nbsp;<\/p>\n<p>&nbsp;<\/p>\n<p>&nbsp;<\/p>\n<table>\n<tbody>\n<tr>\n<td width=\"253\">\u00a0<strong>Eigenschaften<\/strong><\/td>\n<td width=\"351\">\u00a0<strong>Vorteile<\/strong><\/td>\n<\/tr>\n<tr>\n<td>Hochwertige Aluminiumkonstruktion<\/td>\n<td>\n<ul>\n<li>Leichtes Gewicht<\/li>\n<li>Stark<\/li>\n<\/ul>\n<\/td>\n<\/tr>\n<tr>\n<td>Werkzeugloser Systemausgleich<\/td>\n<td>\n<ul>\n<li>Einfacher Ausgleich des Systemdrucks<\/li>\n<\/ul>\n<\/td>\n<\/tr>\n<tr>\n<td>Internes Wasserkreislaufsystem<\/td>\n<td>\n<ul>\n<li>Kontrollierte Heizung und K\u00fchlung<\/li>\n<\/ul>\n<\/td>\n<\/tr>\n<tr>\n<td>Servoangetriebenes Drehventil, abgedichtet in nicht-metallischem Polymer<\/td>\n<td>\n<ul>\n<li>Hohe Widerstandsf\u00e4higkeit<\/li>\n<li>geringe Reibung<\/li>\n<li>perfekte Steuerung der Ventilbewegung<\/li>\n<\/ul>\n<\/td>\n<\/tr>\n<tr>\n<td>Optionen<\/td>\n<td>\n<ul>\n<li>Zus\u00e4tzliche Reinigungsaufs\u00e4tze f\u00fcr die Inline-Reinigung (CIP)<\/li>\n<li>Speziallegierungen zum Schutz gegen Massen mit hohem S\u00e4uregehalt<\/li>\n<\/ul>\n<\/td>\n<\/tr>\n<\/tbody>\n<\/table>\n<p>&nbsp;<\/p>","protected":false},"excerpt":{"rendered":"<p>Drahtgeschnittener Verteiler, im Allgemeinen f\u00fcr die Herstellung von Marshmallow-Produkten mit flachem Boden<\/p>","protected":false},"featured_media":2972,"comment_status":"open","ping_status":"closed","template":"","meta":{"uix_meta_title":"","uix_meta_description":"","uix_canonical_url":""},"product_brand":[],"product_cat":[104],"product_tag":[196],"class_list":{"0":"post-2971","1":"product","2":"type-product","3":"status-publish","4":"has-post-thumbnail","6":"product_cat-processing","7":"product_tag-marshmallows","9":"first","10":"instock","11":"sold-individually","12":"shipping-taxable","13":"purchasable","14":"product-type-simple"},"_links":{"self":[{"href":"https:\/\/cormac.eu\/de\/wp-json\/wp\/v2\/product\/2971","targetHints":{"allow":["GET"]}}],"collection":[{"href":"https:\/\/cormac.eu\/de\/wp-json\/wp\/v2\/product"}],"about":[{"href":"https:\/\/cormac.eu\/de\/wp-json\/wp\/v2\/types\/product"}],"replies":[{"embeddable":true,"href":"https:\/\/cormac.eu\/de\/wp-json\/wp\/v2\/comments?post=2971"}],"wp:featuredmedia":[{"embeddable":true,"href":"https:\/\/cormac.eu\/de\/wp-json\/wp\/v2\/media\/2972"}],"wp:attachment":[{"href":"https:\/\/cormac.eu\/de\/wp-json\/wp\/v2\/media?parent=2971"}],"wp:term":[{"taxonomy":"product_brand","embeddable":true,"href":"https:\/\/cormac.eu\/de\/wp-json\/wp\/v2\/product_brand?post=2971"},{"taxonomy":"product_cat","embeddable":true,"href":"https:\/\/cormac.eu\/de\/wp-json\/wp\/v2\/product_cat?post=2971"},{"taxonomy":"product_tag","embeddable":true,"href":"https:\/\/cormac.eu\/de\/wp-json\/wp\/v2\/product_tag?post=2971"}],"curies":[{"name":"wp","href":"https:\/\/api.w.org\/{rel}","templated":true}]}}