{"id":2969,"date":"2022-05-19T23:25:00","date_gmt":"2022-05-19T21:25:00","guid":{"rendered":"https:\/\/cormac.eu\/?post_type=product&#038;p=2969"},"modified":"2022-06-05T22:25:45","modified_gmt":"2022-06-05T20:25:45","slug":"kombinierter-verteiler-mit-druckbeaufschlagung-2","status":"publish","type":"product","link":"https:\/\/cormac.eu\/de\/product\/pressurized-combined-manifold\/","title":{"rendered":"Kombinierter Verteiler mit Druckbeaufschlagung"},"content":{"rendered":"<p>Druckgie\u00dfverteiler sind so konzipiert, dass sie direkt an eine kontinuierliche F\u00f6rderanlage oder ein Dosiersystem wie eine Pumpenanlage angeschlossen werden k\u00f6nnen. Da es sich um geschlossene Systeme handelt, bei denen keine Trichter verwendet werden, eignen sich diese Gie\u00dfverteiler besonders f\u00fcr das Gie\u00dfen von empfindlichen Massen und leichten Sch\u00e4umen. Kombinations- oder Centerfill-Gie\u00dfanlagen haben zwei Massenkammern und zwei Reihen von Durchflussregelventilen. Dies erm\u00f6glicht es, verschiedene Massen gleichzeitig durch eine D\u00fcse aufzutragen.<\/p>\n<p><strong>Anwendungen:<\/strong><\/p>\n<p>Marmelade im Marshmallow, Schokoladencreme im Marshmallow, Karamell im Marshmallow, Marshmallow, Biskuitcreme und Marmelade nebeneinander<\/p>\n<p><img decoding=\"async\" class=\"alignnone wp-image-2966\" src=\"https:\/\/cormac.eu\/wp-content\/uploads\/2022\/05\/wymbs-product-CFD-3.jpg\" alt=\"\" width=\"157\" height=\"130\" \/> <img decoding=\"async\" class=\"alignnone wp-image-2965\" src=\"https:\/\/cormac.eu\/wp-content\/uploads\/2022\/05\/wymbs-product-CFD-2.jpg\" alt=\"\" width=\"159\" height=\"131\" \/> <img decoding=\"async\" class=\"alignnone wp-image-2967\" src=\"https:\/\/cormac.eu\/wp-content\/uploads\/2022\/05\/wymbs-product-CFD-4.jpg\" alt=\"\" width=\"194\" height=\"156\" \/> <img loading=\"lazy\" decoding=\"async\" class=\"alignnone wp-image-2963\" src=\"https:\/\/cormac.eu\/wp-content\/uploads\/2022\/05\/wymbs-product-CFD-1.jpg\" alt=\"\" width=\"180\" height=\"168\" \/><\/p>\n<p>&nbsp;<\/p>\n<table>\n<tbody>\n<tr>\n<td width=\"253\">\u00a0<strong>Eigenschaften<\/strong><\/td>\n<td width=\"351\">\u00a0<strong>Vorteile<\/strong><\/td>\n<\/tr>\n<tr>\n<td>Hochwertige Aluminiumkonstruktion<\/td>\n<td>\n<ul>\n<li>Leichtes Gewicht<\/li>\n<li>Stark<\/li>\n<\/ul>\n<\/td>\n<\/tr>\n<tr>\n<td>Werkzeugloser Systemausgleich<\/td>\n<td>\n<ul>\n<li>Einfacher Ausgleich des Systemdrucks<\/li>\n<\/ul>\n<\/td>\n<\/tr>\n<tr>\n<td>Internes Wasserkreislaufsystem<\/td>\n<td>\n<ul>\n<li>Kontrollierte Heizung und K\u00fchlung<\/li>\n<\/ul>\n<\/td>\n<\/tr>\n<tr>\n<td>Drehventil in nicht-metallischem Polymer versiegelt<\/td>\n<td>\n<ul>\n<li>Hohe Widerstandsf\u00e4higkeit<\/li>\n<li>geringe Reibung<\/li>\n<\/ul>\n<\/td>\n<\/tr>\n<tr>\n<td>Servoangetriebenes Drehventil<\/td>\n<td>\n<ul>\n<li>Pr\u00e4zise Steuerung der Ventilbewegung<\/li>\n<\/ul>\n<\/td>\n<\/tr>\n<tr>\n<td>Optionen<\/td>\n<td>\n<ul>\n<li>Zus\u00e4tzliche Reinigungsaufs\u00e4tze f\u00fcr die Inline-Reinigung (CIP)<\/li>\n<li>Speziallegierungen zum Schutz gegen Massen mit hohem S\u00e4uregehalt<\/li>\n<li>Spezielle Doppelablagerungsd\u00fcsen<\/li>\n<li>Spezielle Mehrspitzd\u00fcsen<\/li>\n<\/ul>\n<\/td>\n<\/tr>\n<\/tbody>\n<\/table>\n<p>&nbsp;<\/p>","protected":false},"excerpt":{"rendered":"<p>Druckverteiler f\u00fcr mittig gef\u00fcllte, nebeneinander liegende und mehrlagige Ablage<\/p>","protected":false},"featured_media":2962,"comment_status":"open","ping_status":"closed","template":"","meta":{"uix_meta_title":"","uix_meta_description":"","uix_canonical_url":""},"product_brand":[],"product_cat":[104],"product_tag":[187,196],"class_list":{"0":"post-2969","1":"product","2":"type-product","3":"status-publish","4":"has-post-thumbnail","6":"product_cat-processing","7":"product_tag-biscuit-creams","8":"product_tag-marshmallows","10":"first","11":"instock","12":"shipping-taxable","13":"product-type-simple"},"_links":{"self":[{"href":"https:\/\/cormac.eu\/de\/wp-json\/wp\/v2\/product\/2969","targetHints":{"allow":["GET"]}}],"collection":[{"href":"https:\/\/cormac.eu\/de\/wp-json\/wp\/v2\/product"}],"about":[{"href":"https:\/\/cormac.eu\/de\/wp-json\/wp\/v2\/types\/product"}],"replies":[{"embeddable":true,"href":"https:\/\/cormac.eu\/de\/wp-json\/wp\/v2\/comments?post=2969"}],"wp:featuredmedia":[{"embeddable":true,"href":"https:\/\/cormac.eu\/de\/wp-json\/wp\/v2\/media\/2962"}],"wp:attachment":[{"href":"https:\/\/cormac.eu\/de\/wp-json\/wp\/v2\/media?parent=2969"}],"wp:term":[{"taxonomy":"product_brand","embeddable":true,"href":"https:\/\/cormac.eu\/de\/wp-json\/wp\/v2\/product_brand?post=2969"},{"taxonomy":"product_cat","embeddable":true,"href":"https:\/\/cormac.eu\/de\/wp-json\/wp\/v2\/product_cat?post=2969"},{"taxonomy":"product_tag","embeddable":true,"href":"https:\/\/cormac.eu\/de\/wp-json\/wp\/v2\/product_tag?post=2969"}],"curies":[{"name":"wp","href":"https:\/\/api.w.org\/{rel}","templated":true}]}}