{"id":2951,"date":"2022-05-19T22:53:20","date_gmt":"2022-05-19T20:53:20","guid":{"rendered":"https:\/\/cormac.eu\/?post_type=product&#038;p=2951"},"modified":"2022-06-05T15:15:09","modified_gmt":"2022-06-05T13:15:09","slug":"ablagekrummer-2","status":"publish","type":"product","link":"https:\/\/cormac.eu\/de\/product\/depositing-manifold\/","title":{"rendered":"Druckbeaufschlagter Ablagerungskreislauf"},"content":{"rendered":"<p>Druckgie\u00dfverteiler sind so konzipiert, dass sie direkt an eine kontinuierliche F\u00f6rderanlage oder ein Dosiersystem wie eine Pumpenanlage angeschlossen werden k\u00f6nnen. Da es sich um geschlossene Systeme handelt, bei denen keine Trichter verwendet werden, sind diese Gie\u00dfverteiler besonders f\u00fcr das Gie\u00dfen von empfindlichen Massen und leichten Sch\u00e4umen geeignet. Die Version \"einfaches Absetzen\" hat eine Massenkammer, in der der Systemdruck ausgeglichen wird. Jede Dosierd\u00fcse des Verteilers wird durch ein separates Durchflussregelventil gesteuert. Auf diese Weise kann ein feiner Druckausgleich entlang des Verteilers erreicht werden.<\/p>\n<p>&nbsp;<\/p>\n<p>Anwendungen<\/p>\n<p><img decoding=\"async\" class=\"alignnone wp-image-2959\" src=\"https:\/\/cormac.eu\/wp-content\/uploads\/2022\/05\/Wymbs-picture-4-DMF.jpg\" alt=\"\" width=\"107\" height=\"107\" srcset=\"https:\/\/cormac.eu\/wp-content\/uploads\/2022\/05\/Wymbs-picture-4-DMF.jpg 125w, https:\/\/cormac.eu\/wp-content\/uploads\/2022\/05\/Wymbs-picture-4-DMF-100x100.jpg 100w\" sizes=\"(max-width: 107px) 100vw, 107px\" \/> <img decoding=\"async\" class=\"alignnone size-full wp-image-2958\" src=\"https:\/\/cormac.eu\/wp-content\/uploads\/2022\/05\/Wymbs-picture-3-DMF.jpg\" alt=\"\" width=\"125\" height=\"125\" srcset=\"https:\/\/cormac.eu\/wp-content\/uploads\/2022\/05\/Wymbs-picture-3-DMF.jpg 125w, https:\/\/cormac.eu\/wp-content\/uploads\/2022\/05\/Wymbs-picture-3-DMF-100x100.jpg 100w\" sizes=\"(max-width: 125px) 100vw, 125px\" \/> <img decoding=\"async\" class=\"alignnone size-full wp-image-2957\" src=\"https:\/\/cormac.eu\/wp-content\/uploads\/2022\/05\/Wymbs-picture-2-DMF.jpg\" alt=\"\" width=\"125\" height=\"125\" srcset=\"https:\/\/cormac.eu\/wp-content\/uploads\/2022\/05\/Wymbs-picture-2-DMF.jpg 125w, https:\/\/cormac.eu\/wp-content\/uploads\/2022\/05\/Wymbs-picture-2-DMF-100x100.jpg 100w\" sizes=\"(max-width: 125px) 100vw, 125px\" \/>\u00a0 \u00a0 <img loading=\"lazy\" decoding=\"async\" class=\"alignnone wp-image-2960\" src=\"https:\/\/cormac.eu\/wp-content\/uploads\/2022\/05\/strawberry-jaffa-cakes-1-300x227.jpg\" alt=\"\" width=\"139\" height=\"105\" srcset=\"https:\/\/cormac.eu\/wp-content\/uploads\/2022\/05\/strawberry-jaffa-cakes-1-300x227.jpg 300w, https:\/\/cormac.eu\/wp-content\/uploads\/2022\/05\/strawberry-jaffa-cakes-1-768x581.jpg 768w, https:\/\/cormac.eu\/wp-content\/uploads\/2022\/05\/strawberry-jaffa-cakes-1-600x454.jpg 600w, https:\/\/cormac.eu\/wp-content\/uploads\/2022\/05\/strawberry-jaffa-cakes-1.jpg 969w\" sizes=\"(max-width: 139px) 100vw, 139px\" \/><\/p>\n<p>&nbsp;<\/p>\n<table>\n<tbody>\n<tr>\n<td width=\"253\">\u00a0<strong>Eigenschaften<\/strong><\/td>\n<td width=\"351\">\u00a0<strong>Vorteile<\/strong><\/td>\n<\/tr>\n<tr>\n<td>Hochwertige Aluminiumkonstruktion<\/td>\n<td>\n<ul>\n<li>Leichtes Gewicht<\/li>\n<li>Stark<\/li>\n<\/ul>\n<\/td>\n<\/tr>\n<tr>\n<td>Werkzeugloser Systemausgleich<\/td>\n<td>\n<ul>\n<li>Einfacher Ausgleich des Systemdrucks<\/li>\n<\/ul>\n<\/td>\n<\/tr>\n<tr>\n<td>Internes Wasserkreislaufsystem<\/td>\n<td>\n<ul>\n<li>Kontrollierte Heizung und K\u00fchlung<\/li>\n<\/ul>\n<\/td>\n<\/tr>\n<tr>\n<td>Drehventil in nicht-metallischem Polymer versiegelt<\/td>\n<td>\n<ul>\n<li>Hohe Widerstandsf\u00e4higkeit<\/li>\n<li>geringe Reibung<\/li>\n<\/ul>\n<\/td>\n<\/tr>\n<tr>\n<td>Optionen<\/td>\n<td>\n<ul>\n<li>Zus\u00e4tzliche Reinigungsaufs\u00e4tze f\u00fcr die Inline-Reinigung (CIP)<\/li>\n<li>Speziallegierungen zum Schutz gegen Massen mit hohem S\u00e4uregehalt<\/li>\n<li>Drehventil mit Servoantrieb oder pneumatisch bet\u00e4tigt<\/li>\n<\/ul>\n<\/td>\n<\/tr>\n<\/tbody>\n<\/table>\n<p>&nbsp;<\/p>","protected":false},"excerpt":{"rendered":"<p>Druckbeaufschlagter Ablageverteiler f\u00fcr die Arbeit in einem geschlossenen System<\/p>","protected":false},"featured_media":2955,"comment_status":"open","ping_status":"closed","template":"","meta":{"uix_meta_title":"","uix_meta_description":"","uix_canonical_url":""},"product_brand":[],"product_cat":[104],"product_tag":[187,215,210,191,196],"class_list":{"0":"post-2951","1":"product","2":"type-product","3":"status-publish","4":"has-post-thumbnail","6":"product_cat-processing","7":"product_tag-biscuit-creams","8":"product_tag-center-filled-products","9":"product_tag-cookies","10":"product_tag-fondants-icings","11":"product_tag-marshmallows","13":"first","14":"instock","15":"shipping-taxable","16":"product-type-simple"},"_links":{"self":[{"href":"https:\/\/cormac.eu\/de\/wp-json\/wp\/v2\/product\/2951","targetHints":{"allow":["GET"]}}],"collection":[{"href":"https:\/\/cormac.eu\/de\/wp-json\/wp\/v2\/product"}],"about":[{"href":"https:\/\/cormac.eu\/de\/wp-json\/wp\/v2\/types\/product"}],"replies":[{"embeddable":true,"href":"https:\/\/cormac.eu\/de\/wp-json\/wp\/v2\/comments?post=2951"}],"wp:featuredmedia":[{"embeddable":true,"href":"https:\/\/cormac.eu\/de\/wp-json\/wp\/v2\/media\/2955"}],"wp:attachment":[{"href":"https:\/\/cormac.eu\/de\/wp-json\/wp\/v2\/media?parent=2951"}],"wp:term":[{"taxonomy":"product_brand","embeddable":true,"href":"https:\/\/cormac.eu\/de\/wp-json\/wp\/v2\/product_brand?post=2951"},{"taxonomy":"product_cat","embeddable":true,"href":"https:\/\/cormac.eu\/de\/wp-json\/wp\/v2\/product_cat?post=2951"},{"taxonomy":"product_tag","embeddable":true,"href":"https:\/\/cormac.eu\/de\/wp-json\/wp\/v2\/product_tag?post=2951"}],"curies":[{"name":"wp","href":"https:\/\/api.w.org\/{rel}","templated":true}]}}