{"id":2939,"date":"2022-04-24T20:42:10","date_gmt":"2022-04-24T18:42:10","guid":{"rendered":"https:\/\/cormac.eu\/?post_type=product&#038;p=2939"},"modified":"2022-06-05T22:40:44","modified_gmt":"2022-06-05T20:40:44","slug":"kaltgepresste-schokoladenformanlage-2","status":"publish","type":"product","link":"https:\/\/cormac.eu\/de\/product\/cold-press-chocolate-moulding-plant\/","title":{"rendered":"Kaltgepresste Schokoladenformanlage"},"content":{"rendered":"<p>Das Knobel-Kaltpressensystem war das erste patentierte Kaltpressensystem der Welt, das sp\u00e4ter von anderen Firmen kopiert und als Frozen-Cone-Technologie vermarktet wurde. Das Kaltpressensystem erm\u00f6glicht die Herstellung gleichm\u00e4\u00dfiger und konsistenter d\u00fcnner Schokoladenschalen, die die Grundlage f\u00fcr jedes hochwertige Produkt bilden. Die Schalendicke kann pr\u00e4zise gesteuert werden und beginnt bei 0,5 mm. Einer der wichtigsten Vorteile der patentierten Cold Press Werkzeuge ist die wartungsfreie und unterbrechungsfreie Produktion. Egal welche Form das Produkt hat, diese Technologie verhindert bewegliche Teile auf den Werkzeugen und somit kann Knobel eine absolut perfekte Schale mit einem pr\u00e4zisen Volumen garantieren. Die international patentierten Coldpress-Werkzeuge verf\u00fcgen \u00fcber eine Kupfermatrize mit einer harteloxierten Silberbeschichtung, die in einer taupunktkontrollierten, trockenen Umgebung arbeitet. Die Werkzeugtemperatur beim Pressen liegt bei etwa +2 Grad Celsius, die Liniengeschwindigkeit betr\u00e4gt bis zu 24 Formen pro Minute, selbst bei verschiedenen Produkten und einer Vielzahl von unterschiedlichen Schokoladen. Mit dieser Technologie k\u00f6nnen z.B. Pralinen mit N\u00fcssen, Kirschbonbons, Hohlfiguren, Pralinen mit offener Schale, Schokoladentafeln usw. hergestellt werden.<\/p>\n<p>&nbsp;<\/p>\n<p><img decoding=\"async\" class=\"alignnone size-full wp-image-2943\" src=\"https:\/\/cormac.eu\/wp-content\/uploads\/2022\/04\/Knobel-KCM-Coldpress-app2.jpg\" alt=\"\" width=\"107\" height=\"155\" \/>\u00a0 \u00a0 <img decoding=\"async\" class=\"alignnone wp-image-2945\" src=\"https:\/\/cormac.eu\/wp-content\/uploads\/2022\/04\/cold-press-chocolate-1.jpg\" alt=\"\" width=\"128\" height=\"134\" \/>\u00a0 \u00a0 <img decoding=\"async\" class=\"alignnone wp-image-2942\" src=\"https:\/\/cormac.eu\/wp-content\/uploads\/2022\/04\/Knobel-KCM-Coldpress-app1.jpg\" alt=\"\" width=\"137\" height=\"143\" \/>\u00a0 \u00a0 <img loading=\"lazy\" decoding=\"async\" class=\"alignnone wp-image-2946\" src=\"https:\/\/cormac.eu\/wp-content\/uploads\/2022\/04\/cold-press-chocolate-2.jpg\" alt=\"\" width=\"120\" height=\"133\" \/><\/p>\n<p>&nbsp;<\/p>\n<table style=\"height: 536px\" width=\"570\">\n<tbody>\n<tr>\n<td width=\"204\">\u00a0\u00a0<strong>Eigenschaften<\/strong><\/td>\n<td width=\"238\">\u00a0<strong>Vorteile<\/strong><\/td>\n<\/tr>\n<tr>\n<td>Patentiertes ColdPress-System<\/td>\n<td>\n<ul>\n<li>konsistente und einheitliche Schalen<\/li>\n<li>d\u00fcnne Schalen (ab 0,5 mm)<\/li>\n<li>Reduzierung des Schokoladenkonsums<\/li>\n<li>Hochwertiges Endprodukt<\/li>\n<\/ul>\n<\/td>\n<\/tr>\n<tr>\n<td>\u00a0taupunktgesteuert<\/td>\n<td>\n<ul>\n<li>trockene Produktionsumgebung<\/li>\n<\/ul>\n<\/td>\n<\/tr>\n<tr>\n<td>\u00a0Kooperiert mit KCM-Einlegern<\/td>\n<td>\n<ul>\n<li>\u00e4u\u00dferst pr\u00e4zise<\/li>\n<li>leichte Reinigung<\/li>\n<li>geringer Wartungsaufwand<\/li>\n<\/ul>\n<\/td>\n<\/tr>\n<tr>\n<td>\u00a0Modulares Linienkonzept<\/td>\n<td>\n<ul>\n<li>flexibel<\/li>\n<li>Vielfalt der Produkte<\/li>\n<\/ul>\n<\/td>\n<\/tr>\n<\/tbody>\n<\/table>\n<p>&nbsp;<\/p>","protected":false},"excerpt":{"rendered":"<p>Pr\u00e4zise Produktionslinie f\u00fcr Pralinen, Tafeln, Figuren oder auch offene Schalen mit beliebigen Dekorationen.<\/p>","protected":false},"featured_media":2948,"comment_status":"open","ping_status":"closed","template":"","meta":{"uix_meta_title":"","uix_meta_description":"","uix_canonical_url":""},"product_brand":[],"product_cat":[104],"product_tag":[208,207],"class_list":{"0":"post-2939","1":"product","2":"type-product","3":"status-publish","4":"has-post-thumbnail","6":"product_cat-processing","7":"product_tag-chocolates","8":"product_tag-pralines","10":"first","11":"instock","12":"shipping-taxable","13":"product-type-simple"},"_links":{"self":[{"href":"https:\/\/cormac.eu\/de\/wp-json\/wp\/v2\/product\/2939","targetHints":{"allow":["GET"]}}],"collection":[{"href":"https:\/\/cormac.eu\/de\/wp-json\/wp\/v2\/product"}],"about":[{"href":"https:\/\/cormac.eu\/de\/wp-json\/wp\/v2\/types\/product"}],"replies":[{"embeddable":true,"href":"https:\/\/cormac.eu\/de\/wp-json\/wp\/v2\/comments?post=2939"}],"wp:featuredmedia":[{"embeddable":true,"href":"https:\/\/cormac.eu\/de\/wp-json\/wp\/v2\/media\/2948"}],"wp:attachment":[{"href":"https:\/\/cormac.eu\/de\/wp-json\/wp\/v2\/media?parent=2939"}],"wp:term":[{"taxonomy":"product_brand","embeddable":true,"href":"https:\/\/cormac.eu\/de\/wp-json\/wp\/v2\/product_brand?post=2939"},{"taxonomy":"product_cat","embeddable":true,"href":"https:\/\/cormac.eu\/de\/wp-json\/wp\/v2\/product_cat?post=2939"},{"taxonomy":"product_tag","embeddable":true,"href":"https:\/\/cormac.eu\/de\/wp-json\/wp\/v2\/product_tag?post=2939"}],"curies":[{"name":"wp","href":"https:\/\/api.w.org\/{rel}","templated":true}]}}