{"id":2930,"date":"2022-04-24T20:27:13","date_gmt":"2022-04-24T18:27:13","guid":{"rendered":"https:\/\/cormac.eu\/?post_type=product&#038;p=2930"},"modified":"2022-06-01T12:04:54","modified_gmt":"2022-06-01T10:04:54","slug":"eine-spritzgussanlage-2","status":"publish","type":"product","link":"https:\/\/cormac.eu\/de\/product\/one-shot-moulding-line\/","title":{"rendered":"One-Shot-Formanlage"},"content":{"rendered":"<p>Knobel One-Shot-Giessanlagen sind modulare Schokoladengiesssysteme, die mit Ihren Bed\u00fcrfnissen wachsen. Das modulare Konzept erlaubt es dem Hersteller, die Kapazit\u00e4t schrittweise zu erh\u00f6hen, indem er neue Komponenten im Rahmen der vier Standards hinzuf\u00fcgt:<br \/>\nKCM 275, mit Formen der Gr\u00f6\u00dfe 275 x 175\/205 mm<br \/>\nKCM 380, mit Formen der Gr\u00f6\u00dfe 380 x 295 mm<br \/>\nKCM 500, unter Verwendung von Formen der Gr\u00f6\u00dfe 450 x 425 mm<br \/>\nKCM 650, mit Formen der Gr\u00f6\u00dfe 650 x 500 mm<\/p>\n<p>Als ersten Schritt kann man eine KCM Alpha Compact mit Vibrationstisch und K\u00fchlspirale verwenden.<\/p>\n<p><img decoding=\"async\" class=\"alignnone size-full wp-image-2931\" src=\"https:\/\/cormac.eu\/wp-content\/uploads\/2022\/04\/Knobel-one-shot-modular-step-1.jpg\" alt=\"\" width=\"220\" height=\"177\" \/><\/p>\n<p>In einem zweiten Schritt kann ein F\u00f6rdersystem mit Formvorw\u00e4rmung hinzugef\u00fcgt werden.<\/p>\n<p><img decoding=\"async\" class=\"alignnone size-full wp-image-2932\" src=\"https:\/\/cormac.eu\/wp-content\/uploads\/2022\/04\/Knobel-one-shot-modular-step-2.jpg\" alt=\"\" width=\"220\" height=\"165\" \/><\/p>\n<p>Und als dritter Schritt kann ein automatisches Entformungs- und Formenwechselsystem hinzugef\u00fcgt werden.<\/p>\n<p><img decoding=\"async\" class=\"alignnone size-full wp-image-2933\" src=\"https:\/\/cormac.eu\/wp-content\/uploads\/2022\/04\/Knobel-one-shot-modular-step-3.jpg\" alt=\"\" width=\"220\" height=\"135\" \/><\/p>\n<p>Die Gie\u00dfmaschinen, die in diesen Linien verwendet werden, sind alle in der Lage, gef\u00fcllte Produkte mit einem Schuss (Schokolade + F\u00fcllung) zu produzieren, mit den entsprechenden Werkzeugen k\u00f6nnen Sie sogar doppelt gef\u00fcllte Produkte in sogenannten Triple-Shots herstellen.<\/p>\n<p><img loading=\"lazy\" decoding=\"async\" class=\"alignnone size-full wp-image-2926\" src=\"https:\/\/cormac.eu\/wp-content\/uploads\/2022\/04\/Knobel-one-shot-app-2.jpg\" alt=\"\" width=\"113\" height=\"108\" \/> \u00a0<img loading=\"lazy\" decoding=\"async\" class=\"alignnone size-full wp-image-2925\" src=\"https:\/\/cormac.eu\/wp-content\/uploads\/2022\/04\/Knobel-one-shot-app-1.jpg\" alt=\"\" width=\"107\" height=\"101\" \/><\/p>\n<p>&nbsp;<\/p>\n<table style=\"height: 661px\" width=\"692\">\n<tbody>\n<tr>\n<td width=\"197\">\u00a0<strong>Eigenschaften<\/strong><\/td>\n<td width=\"197\">\u00a0<strong>Vorteile<\/strong><\/td>\n<\/tr>\n<tr>\n<td>patentiertes Drehkolbensystem<\/td>\n<td>\n<ul>\n<li>leichte Demontage<\/li>\n<li>einfache Reinigung und schnelle Umstellung<\/li>\n<li>hohe Ablagegenauigkeit<\/li>\n<\/ul>\n<\/td>\n<\/tr>\n<tr>\n<td>\u00a0servogetrieben<\/td>\n<td>\n<ul>\n<li>hohe Genauigkeit<\/li>\n<\/ul>\n<\/td>\n<\/tr>\n<tr>\n<td>Canti-Hebel-Design<\/td>\n<td>\n<ul>\n<li>leichte Reinigung<\/li>\n<li>guter Zugang<\/li>\n<\/ul>\n<\/td>\n<\/tr>\n<tr>\n<td>\u00a0kettenloser Transport<\/td>\n<td>\n<ul>\n<li>Vielfalt der Formen m\u00f6glich<\/li>\n<\/ul>\n<\/td>\n<\/tr>\n<tr>\n<td>Schimmelpilzerkennungssystem<\/td>\n<td>\n<ul>\n<li>produktspezifische Ma\u00dfnahmen in jeder Produktionsphase<\/li>\n<\/ul>\n<\/td>\n<\/tr>\n<tr>\n<td>modulare Konstruktion<\/td>\n<td>\n<ul>\n<li>Flexibilit\u00e4t<\/li>\n<\/ul>\n<\/td>\n<\/tr>\n<\/tbody>\n<\/table>\n<p>&nbsp;<\/p>","protected":false},"excerpt":{"rendered":"<p>Komplette One-Shot-Schokoladengie\u00dfanlage zur Herstellung von gef\u00fcllten Schokoladenartikeln.<\/p>","protected":false},"featured_media":2937,"comment_status":"open","ping_status":"closed","template":"","meta":{"uix_meta_title":"","uix_meta_description":"","uix_canonical_url":""},"product_brand":[],"product_cat":[104],"product_tag":[215,208,207],"class_list":{"0":"post-2930","1":"product","2":"type-product","3":"status-publish","4":"has-post-thumbnail","6":"product_cat-processing","7":"product_tag-center-filled-products","8":"product_tag-chocolates","9":"product_tag-pralines","11":"first","12":"instock","13":"shipping-taxable","14":"product-type-simple"},"_links":{"self":[{"href":"https:\/\/cormac.eu\/de\/wp-json\/wp\/v2\/product\/2930","targetHints":{"allow":["GET"]}}],"collection":[{"href":"https:\/\/cormac.eu\/de\/wp-json\/wp\/v2\/product"}],"about":[{"href":"https:\/\/cormac.eu\/de\/wp-json\/wp\/v2\/types\/product"}],"replies":[{"embeddable":true,"href":"https:\/\/cormac.eu\/de\/wp-json\/wp\/v2\/comments?post=2930"}],"wp:featuredmedia":[{"embeddable":true,"href":"https:\/\/cormac.eu\/de\/wp-json\/wp\/v2\/media\/2937"}],"wp:attachment":[{"href":"https:\/\/cormac.eu\/de\/wp-json\/wp\/v2\/media?parent=2930"}],"wp:term":[{"taxonomy":"product_brand","embeddable":true,"href":"https:\/\/cormac.eu\/de\/wp-json\/wp\/v2\/product_brand?post=2930"},{"taxonomy":"product_cat","embeddable":true,"href":"https:\/\/cormac.eu\/de\/wp-json\/wp\/v2\/product_cat?post=2930"},{"taxonomy":"product_tag","embeddable":true,"href":"https:\/\/cormac.eu\/de\/wp-json\/wp\/v2\/product_tag?post=2930"}],"curies":[{"name":"wp","href":"https:\/\/api.w.org\/{rel}","templated":true}]}}