{"id":2922,"date":"2022-04-24T19:56:31","date_gmt":"2022-04-24T17:56:31","guid":{"rendered":"https:\/\/cormac.eu\/?post_type=product&#038;p=2922"},"modified":"2022-06-01T12:08:38","modified_gmt":"2022-06-01T10:08:38","slug":"schokolade-einleger-kcm-eta-theta-2","status":"publish","type":"product","link":"https:\/\/cormac.eu\/de\/product\/chocolate-depositor-kcm-eta-theta\/","title":{"rendered":"Schokoladeneinleger KCM Eta\/Theta"},"content":{"rendered":"<p>Das zweireihige Modell Eta\/Theta ist ein industrieller Schokoladendosierer in freitragender Ausf\u00fchrung, der sich f\u00fcr die Herstellung von massiven Schokoladenartikeln und One-Shot-Produkten eignet. Sie kann auch f\u00fcr das Gie\u00dfen von Dekorationen verwendet werden. Die Konstruktion dieser Maschine erm\u00f6glicht eine einfache Nachr\u00fcstung in bestehende Schokoladengie\u00dfanlagen, auch wenn diese von Dritten hergestellt wurden. Dank des einzigartigen Knobel-Rotationsventilsystems kann eine beeindruckende Gie\u00dfgenauigkeit erreicht werden. Alle KCM Eta\/Theta-Maschinen k\u00f6nnen mit drei Achsen (CAD) ausgestattet werden, was bedeutet, dass sich der Gie\u00dfkopf dreidimensional bewegen kann.  Wenn die optionale Nussgie\u00dffunktion gew\u00e4hlt wird, kann der Schokoladenhersteller ganze N\u00fcsse und andere Zutaten dosieren. Im Vergleich zum Modell ETA, bei dem die X-Achse (horizontal) bis zu max. 300 mm erreicht, kann die THETA bis zu 500 mm in der X-Achse erreichen. Sie ist die gr\u00f6sste Maschine im Knobel-Dosierersortiment und eignet sich speziell f\u00fcr den Einsatz in gr\u00f6sseren Formanlagen und Ofenb\u00e4ndern bis zu 1500 mm Breite.<\/p>\n<p><img decoding=\"async\" class=\"alignnone wp-image-2929\" src=\"https:\/\/cormac.eu\/wp-content\/uploads\/2022\/04\/Chocolate-tablet-with-nuts-300x267.png\" alt=\"\" width=\"170\" height=\"151\" srcset=\"https:\/\/cormac.eu\/wp-content\/uploads\/2022\/04\/Chocolate-tablet-with-nuts-300x267.png 300w, https:\/\/cormac.eu\/wp-content\/uploads\/2022\/04\/Chocolate-tablet-with-nuts.png 600w\" sizes=\"(max-width: 170px) 100vw, 170px\" \/> <img decoding=\"async\" class=\"alignnone wp-image-2928\" src=\"https:\/\/cormac.eu\/wp-content\/uploads\/2022\/04\/Knobel-KCM-Cad-decoration-3.jpg\" alt=\"\" width=\"199\" height=\"133\" \/> <img decoding=\"async\" class=\"alignnone wp-image-2927\" src=\"https:\/\/cormac.eu\/wp-content\/uploads\/2022\/04\/Knobel-KCM-Cad-decoration-2.jpg\" alt=\"\" width=\"127\" height=\"124\" \/>\u00a0 \u00a0\u00a0 <img loading=\"lazy\" decoding=\"async\" class=\"alignnone wp-image-2925\" src=\"https:\/\/cormac.eu\/wp-content\/uploads\/2022\/04\/Knobel-one-shot-app-1.jpg\" alt=\"\" width=\"123\" height=\"115\" \/><\/p>\n<p>&nbsp;<\/p>\n<table style=\"height: 520px\" width=\"676\">\n<tbody>\n<tr>\n<td width=\"226\">\u00a0<strong>Eigenschaften<\/strong><\/td>\n<td width=\"227\">\u00a0<strong>Vorteile<\/strong><\/td>\n<\/tr>\n<tr>\n<td>Servomotor angetrieben<\/td>\n<td>\n<ul>\n<li>genau<\/li>\n<li>schnell<\/li>\n<li>zuverl\u00e4ssig<\/li>\n<\/ul>\n<\/td>\n<\/tr>\n<tr>\n<td>\u00a0Konzipiert f\u00fcr die Linienintegration<\/td>\n<td>\n<ul>\n<li>geeignet f\u00fcr Nachr\u00fcstungen<\/li>\n<li>Teil der modularen Knobel-Systeme<\/li>\n<li>erm\u00f6glicht die Nutzung vorhandener Produktionsanlagen<\/li>\n<\/ul>\n<\/td>\n<\/tr>\n<tr>\n<td>\u00a0Patentiertes Drehkolbensystem<\/td>\n<td>\n<ul>\n<li>leichte Reinigung<\/li>\n<li>schnelle Umstellung<\/li>\n<li>hervorragende Ablagegenauigkeit<\/li>\n<li>Einschl\u00fcsse m\u00f6glich<\/li>\n<\/ul>\n<\/td>\n<\/tr>\n<tr>\n<td>Gebaut f\u00fcr vielf\u00e4ltige Aktionsradien<\/td>\n<td>\n<ul>\n<li>Freie Abrichtm\u00f6glichkeiten<\/li>\n<li>Herstellung von Mehrschichtprodukten<\/li>\n<\/ul>\n<\/td>\n<\/tr>\n<\/tbody>\n<\/table>\n<p>&nbsp;<\/p>","protected":false},"excerpt":{"rendered":"<p>Der industrielle Schokoladengie\u00dfer in Freischwingerbauweise l\u00e4sst sich leicht auf bestehenden Formanlagen nachr\u00fcsten und eignet sich f\u00fcr die Herstellung von massiven Schokoladenartikeln, One-Shot-Produkten und Dekorationsarbeiten.<\/p>","protected":false},"featured_media":2924,"comment_status":"open","ping_status":"closed","template":"","meta":{"uix_meta_title":"","uix_meta_description":"","uix_canonical_url":""},"product_brand":[],"product_cat":[104],"product_tag":[216,206,208,207],"class_list":{"0":"post-2922","1":"product","2":"type-product","3":"status-publish","4":"has-post-thumbnail","6":"product_cat-processing","7":"product_tag-chocolate-lollies","8":"product_tag-chocolate-tablets","9":"product_tag-chocolates","10":"product_tag-pralines","12":"first","13":"instock","14":"shipping-taxable","15":"product-type-simple"},"_links":{"self":[{"href":"https:\/\/cormac.eu\/de\/wp-json\/wp\/v2\/product\/2922","targetHints":{"allow":["GET"]}}],"collection":[{"href":"https:\/\/cormac.eu\/de\/wp-json\/wp\/v2\/product"}],"about":[{"href":"https:\/\/cormac.eu\/de\/wp-json\/wp\/v2\/types\/product"}],"replies":[{"embeddable":true,"href":"https:\/\/cormac.eu\/de\/wp-json\/wp\/v2\/comments?post=2922"}],"wp:featuredmedia":[{"embeddable":true,"href":"https:\/\/cormac.eu\/de\/wp-json\/wp\/v2\/media\/2924"}],"wp:attachment":[{"href":"https:\/\/cormac.eu\/de\/wp-json\/wp\/v2\/media?parent=2922"}],"wp:term":[{"taxonomy":"product_brand","embeddable":true,"href":"https:\/\/cormac.eu\/de\/wp-json\/wp\/v2\/product_brand?post=2922"},{"taxonomy":"product_cat","embeddable":true,"href":"https:\/\/cormac.eu\/de\/wp-json\/wp\/v2\/product_cat?post=2922"},{"taxonomy":"product_tag","embeddable":true,"href":"https:\/\/cormac.eu\/de\/wp-json\/wp\/v2\/product_tag?post=2922"}],"curies":[{"name":"wp","href":"https:\/\/api.w.org\/{rel}","templated":true}]}}