{"id":2915,"date":"2022-04-24T14:28:14","date_gmt":"2022-04-24T12:28:14","guid":{"rendered":"https:\/\/cormac.eu\/?post_type=product&#038;p=2915"},"modified":"2022-06-01T12:24:06","modified_gmt":"2022-06-01T10:24:06","slug":"schokoladeneinleger-kcm-beta","status":"publish","type":"product","link":"https:\/\/cormac.eu\/de\/product\/chocolate-depositer-kcm-beta\/","title":{"rendered":"Schokoladeneinleger KCM Beta"},"content":{"rendered":"<p>Das einreihige Modell Beta wird aufgrund seiner freitragenden Bauweise h\u00e4ufig als nachr\u00fcstbarer Gie\u00dfer in bestehenden industriellen Schokoladengie\u00dfanlagen eingesetzt.  Er wurde speziell entwickelt, um \u00fcber bestehende Transportb\u00e4nder gelegt zu werden oder um in Produktionslinien von Drittanbietern integriert zu werden. Dies bietet dem Kunden eine attraktive Option f\u00fcr den einfachen Austausch von verschlissenen Gie\u00dfmaschinen. Diese Maschine eignet sich sowohl f\u00fcr das Ablegen von festen Produkten als auch f\u00fcr Dekorationsanwendungen. Der Vorteil gegen\u00fcber zweireihigen Modellen wie Eta \/ Theta ist die schlanke Bauweise, wodurch die Beta-Maschine auch an Orten mit begrenztem Platzangebot installiert werden kann. Die Beta-Modelle sind mit der neuesten Servotechnologie ausgestattet, und die freitragende Konstruktion erm\u00f6glicht eine einfache Handhabung, Reinigung und einen schnellen Wechsel auf andere Produkte. Durch das einzigartige Drehkolbensystem kann ein sehr pr\u00e4zises Volumen erreicht werden.<\/p>\n<p><img fetchpriority=\"high\" decoding=\"async\" class=\"alignnone size-medium wp-image-2920\" src=\"https:\/\/cormac.eu\/wp-content\/uploads\/2022\/04\/Knobel-Piston-system-pic_800031-300x200.jpg\" alt=\"\" width=\"300\" height=\"200\" srcset=\"https:\/\/cormac.eu\/wp-content\/uploads\/2022\/04\/Knobel-Piston-system-pic_800031-300x200.jpg 300w, https:\/\/cormac.eu\/wp-content\/uploads\/2022\/04\/Knobel-Piston-system-pic_800031.jpg 540w\" sizes=\"(max-width: 300px) 100vw, 300px\" \/><\/p>\n<p>Mit der optionalen Nuss-Ausf\u00fchrung kann die Beta auch zum Absetzen von ganzen N\u00fcssen und anderen Einschl\u00fcssen verwendet werden. Die N\u00fcsse, Rosinen, Reistrockenfr\u00fcchte oder andere Einschl\u00fcsse werden in der gew\u00fcnschten Mischung in den KCM Trichter gegeben. Das programmierbare horizontale R\u00fchrsystem im Trichter sorgt f\u00fcr eine gute Verteilung der Zutaten in der Mischung. Verschiedene Zutaten k\u00f6nnen gleichzeitig gemischt werden.<\/p>\n<div data-row=\"1\">\n<div>\n<p>\u00a0 <img decoding=\"async\" class=\"alignnone wp-image-2921\" src=\"https:\/\/cormac.eu\/wp-content\/uploads\/2022\/04\/chocolate-with-nuts-pic_809973-300x225.jpg\" alt=\"\" width=\"263\" height=\"197\" srcset=\"https:\/\/cormac.eu\/wp-content\/uploads\/2022\/04\/chocolate-with-nuts-pic_809973-300x225.jpg 300w, https:\/\/cormac.eu\/wp-content\/uploads\/2022\/04\/chocolate-with-nuts-pic_809973.jpg 540w\" sizes=\"(max-width: 263px) 100vw, 263px\" \/> <img decoding=\"async\" class=\"alignnone wp-image-2917\" src=\"https:\/\/cormac.eu\/wp-content\/uploads\/2022\/04\/Bij-KCM-beta-pic_800033-300x200.png\" alt=\"\" width=\"327\" height=\"218\" srcset=\"https:\/\/cormac.eu\/wp-content\/uploads\/2022\/04\/Bij-KCM-beta-pic_800033-300x200.png 300w, https:\/\/cormac.eu\/wp-content\/uploads\/2022\/04\/Bij-KCM-beta-pic_800033.png 540w\" sizes=\"(max-width: 327px) 100vw, 327px\" \/><\/p>\n<\/div>\n<p>&nbsp;<\/p>\n<p>Alle Beta-Modelle k\u00f6nnen mit einer 3-Achsen-Bewegung (CAD) ausgestattet werden, die es erm\u00f6glicht, den Gie\u00dfkopf in alle Richtungen zu bewegen.<\/p>\n<\/div>\n<table style=\"height: 544px\" width=\"792\">\n<tbody>\n<tr>\n<td width=\"226\">\u00a0<strong>Eigenschaften<\/strong><\/td>\n<td width=\"227\">\u00a0<strong>Vorteile<\/strong><\/td>\n<\/tr>\n<tr>\n<td>Vollst\u00e4ndig elektrisch betrieben<\/td>\n<td>\n<ul>\n<li>genau<\/li>\n<li>schnell<\/li>\n<li>zuverl\u00e4ssig<\/li>\n<\/ul>\n<\/td>\n<\/tr>\n<tr>\n<td>\u00a0Konzipiert f\u00fcr die Linienintegration<\/td>\n<td>\n<ul>\n<li>geeignet f\u00fcr Nachr\u00fcstungen<\/li>\n<li>Teil der modularen Knobel-Systeme<\/li>\n<li>erm\u00f6glicht die Nutzung vorhandener Produktionsanlagen<\/li>\n<\/ul>\n<\/td>\n<\/tr>\n<tr>\n<td>\u00a0Patentiertes Drehkolbensystem<\/td>\n<td>\n<ul>\n<li>leichte Reinigung<\/li>\n<li>schnelle Umstellung<\/li>\n<li>hervorragende Ablagegenauigkeit<\/li>\n<\/ul>\n<\/td>\n<\/tr>\n<tr>\n<td>Gebaut f\u00fcr vielf\u00e4ltige Aktionsradien<\/td>\n<td>\n<ul>\n<li>Freie Abrichtm\u00f6glichkeiten<\/li>\n<li>Herstellung von Mehrschichtprodukten<\/li>\n<\/ul>\n<\/td>\n<\/tr>\n<\/tbody>\n<\/table>\n<div data-row=\"1\">\n<p>&nbsp;<\/p>\n<\/div>","protected":false},"excerpt":{"rendered":"<p>Industrieller Schokoladendosierer mit 3-Achsen-Bewegungsdosierer zur Herstellung von festen Produkten und festen Zutaten. Dieser Gie\u00dfer eignet sich besonders f\u00fcr die Nachr\u00fcstung bestehender Anlagen, auch von Drittherstellern.<\/p>","protected":false},"featured_media":2916,"comment_status":"open","ping_status":"closed","template":"","meta":{"uix_meta_title":"","uix_meta_description":"","uix_canonical_url":""},"product_brand":[],"product_cat":[104],"product_tag":[206,217,208,218],"class_list":{"0":"post-2915","1":"product","2":"type-product","3":"status-publish","4":"has-post-thumbnail","6":"product_cat-processing","7":"product_tag-chocolate-tablets","8":"product_tag-chocolate-tablets-with-whole-nuts","9":"product_tag-chocolates","10":"product_tag-chocolates-with-inclusions","12":"first","13":"instock","14":"shipping-taxable","15":"product-type-simple"},"_links":{"self":[{"href":"https:\/\/cormac.eu\/de\/wp-json\/wp\/v2\/product\/2915","targetHints":{"allow":["GET"]}}],"collection":[{"href":"https:\/\/cormac.eu\/de\/wp-json\/wp\/v2\/product"}],"about":[{"href":"https:\/\/cormac.eu\/de\/wp-json\/wp\/v2\/types\/product"}],"replies":[{"embeddable":true,"href":"https:\/\/cormac.eu\/de\/wp-json\/wp\/v2\/comments?post=2915"}],"wp:featuredmedia":[{"embeddable":true,"href":"https:\/\/cormac.eu\/de\/wp-json\/wp\/v2\/media\/2916"}],"wp:attachment":[{"href":"https:\/\/cormac.eu\/de\/wp-json\/wp\/v2\/media?parent=2915"}],"wp:term":[{"taxonomy":"product_brand","embeddable":true,"href":"https:\/\/cormac.eu\/de\/wp-json\/wp\/v2\/product_brand?post=2915"},{"taxonomy":"product_cat","embeddable":true,"href":"https:\/\/cormac.eu\/de\/wp-json\/wp\/v2\/product_cat?post=2915"},{"taxonomy":"product_tag","embeddable":true,"href":"https:\/\/cormac.eu\/de\/wp-json\/wp\/v2\/product_tag?post=2915"}],"curies":[{"name":"wp","href":"https:\/\/api.w.org\/{rel}","templated":true}]}}