{"id":2910,"date":"2022-04-24T13:43:56","date_gmt":"2022-04-24T11:43:56","guid":{"rendered":"https:\/\/cormac.eu\/?post_type=product&#038;p=2910"},"modified":"2022-06-01T11:13:13","modified_gmt":"2022-06-01T09:13:13","slug":"schokoladenspender-kcm-omega","status":"publish","type":"product","link":"https:\/\/cormac.eu\/de\/product\/chocolate-depositor-kcm-omega\/","title":{"rendered":"Schokoladeneinleger KCM Alpha"},"content":{"rendered":"<p>Die Knobel KCM Alpha Serie ist eine neue Generation von Gie\u00dfmaschinen, die in schwerer Ausf\u00fchrung hergestellt werden und f\u00fcr den 3-Schicht-Betrieb geeignet sind. Es ist jede Maschinenkonfiguration von 12 bis 144 Kolben erh\u00e4ltlich. Es k\u00f6nnen Standard-Zylinderlinen 21, 30\/2, 35 und 45 mm mit Kolben in 6, 8, 10, 17, 25, 30 und 45 mm verwendet werden. Hubl\u00e4nge: 52 mm. Diese Maschine kann auch in CAD-Ausf\u00fchrung mit linearer Servotechnik auf X- und Y-Achse geliefert werden.<br \/>\nZ-Achse: 150 mm<br \/>\nX-Achse: 300 mm (wahlweise)<br \/>\nY-Achse: 150 mm (optional).<\/p>\n<p>Die KCM Alpha-Serie kann direkt auf einer \u00dcberziehanlage platziert werden und wenn sie nicht f\u00fcr konfektionierte Produkte verwendet wird, kann die Makine herausgezogen und f\u00fcr One-Shot-Produkte verwendet werden.<\/p>\n<p>&nbsp;<\/p>\n<table style=\"height: 360px;\" width=\"656\">\n<tbody>\n<tr>\n<td width=\"169\">\u00a0<strong>Eigenschaften<\/strong><\/td>\n<td width=\"169\">\u00a0<strong>Vorteile<\/strong><\/td>\n<\/tr>\n<tr>\n<td>Schwergewichtige Ausf\u00fchrung<\/td>\n<td>\n<ul>\n<li>dauerhaft<\/li>\n<li>stark<\/li>\n<li>geeignet f\u00fcr 3-Schicht-Betrieb<\/li>\n<\/ul>\n<\/td>\n<\/tr>\n<tr>\n<td>Vollst\u00e4ndig elektro-servogetrieben<\/td>\n<td>\n<ul>\n<li>genau<\/li>\n<li>schnell<\/li>\n<\/ul>\n<\/td>\n<\/tr>\n<tr>\n<td>Freitragende Konstruktion<\/td>\n<td>\n<ul>\n<li>einfache Handhabung<\/li>\n<li>leichte Reinigung<\/li>\n<\/ul>\n<\/td>\n<\/tr>\n<\/tbody>\n<\/table>\n<p>&nbsp;<\/p>","protected":false},"excerpt":{"rendered":"<p>Schokoladengie\u00dfmaschine f\u00fcr die Herstellung von One-Shot-Schokoladen und Free-Dressing-Anwendungen unter anspruchsvollen industriellen Bedingungen.<\/p>","protected":false},"featured_media":2914,"comment_status":"open","ping_status":"closed","template":"","meta":{"uix_meta_title":"","uix_meta_description":"","uix_canonical_url":""},"product_brand":[],"product_cat":[104],"product_tag":[],"class_list":{"0":"post-2910","1":"product","2":"type-product","3":"status-publish","4":"has-post-thumbnail","6":"product_cat-processing","8":"first","9":"instock","10":"shipping-taxable","11":"product-type-simple"},"_links":{"self":[{"href":"https:\/\/cormac.eu\/de\/wp-json\/wp\/v2\/product\/2910","targetHints":{"allow":["GET"]}}],"collection":[{"href":"https:\/\/cormac.eu\/de\/wp-json\/wp\/v2\/product"}],"about":[{"href":"https:\/\/cormac.eu\/de\/wp-json\/wp\/v2\/types\/product"}],"replies":[{"embeddable":true,"href":"https:\/\/cormac.eu\/de\/wp-json\/wp\/v2\/comments?post=2910"}],"wp:featuredmedia":[{"embeddable":true,"href":"https:\/\/cormac.eu\/de\/wp-json\/wp\/v2\/media\/2914"}],"wp:attachment":[{"href":"https:\/\/cormac.eu\/de\/wp-json\/wp\/v2\/media?parent=2910"}],"wp:term":[{"taxonomy":"product_brand","embeddable":true,"href":"https:\/\/cormac.eu\/de\/wp-json\/wp\/v2\/product_brand?post=2910"},{"taxonomy":"product_cat","embeddable":true,"href":"https:\/\/cormac.eu\/de\/wp-json\/wp\/v2\/product_cat?post=2910"},{"taxonomy":"product_tag","embeddable":true,"href":"https:\/\/cormac.eu\/de\/wp-json\/wp\/v2\/product_tag?post=2910"}],"curies":[{"name":"wp","href":"https:\/\/api.w.org\/{rel}","templated":true}]}}