{"id":2908,"date":"2022-04-24T13:38:47","date_gmt":"2022-04-24T11:38:47","guid":{"rendered":"https:\/\/cormac.eu\/?post_type=product&#038;p=2908"},"modified":"2022-05-30T16:22:12","modified_gmt":"2022-05-30T14:22:12","slug":"schokoladeneinleger-kcm-alpha-compact","status":"publish","type":"product","link":"https:\/\/cormac.eu\/de\/product\/chocolate-depositor-kcm-alpha-compact\/","title":{"rendered":"Schokoladeneinleger KCM Alpha Compact"},"content":{"rendered":"<p>Die Schokoladenformmaschinen der Serie KCM von Knobel sind das perfekte Werkzeug f\u00fcr die handwerkliche Produktion. Die Maschine ist in verschiedenen Versionen erh\u00e4ltlich, wie zum Beispiel die KCM 9, 12, 9\/18 und 12\/24. Alle diese Maschinen verwenden dieselben 35-MM-Standard-Zylinderlaufbuchsen mit Kolben in den Gr\u00f6\u00dfen 6, 8, 10, 17, 25 und 30 mm sowie die KCM 24\/48, die einen 18-mm-Kolben verwendet. Die Hubl\u00e4nge betr\u00e4gt 52 mm. Die Z-Achse betr\u00e4gt 100 mm. Alle Knobel-Systeme erm\u00f6glichen eine einfache Bedienung, eine leichte Reinigung und ein schnelles Umr\u00fcsten. Es m\u00fcssen weder Wellen herausgezogen noch K\u00f6pfe ausgetauscht werden, sondern lediglich Kolbenblock f\u00fcr Kolbenblock herausgenommen werden.<\/p>\n<p>&nbsp;<\/p>\n<table style=\"height: 284px;\" width=\"613\">\n<tbody>\n<tr>\n<td width=\"159\">\u00a0<strong>Eigenschaften<\/strong><\/td>\n<td width=\"159\">\u00a0<strong>Vorteile<\/strong><\/td>\n<\/tr>\n<tr>\n<td>\u00a0Elektrisch Servoangetrieben<\/td>\n<td>\n<ul>\n<li>perfekte Bewegungskontrolle<\/li>\n<li>genau<\/li>\n<\/ul>\n<\/td>\n<\/tr>\n<tr>\n<td>\u00a0Freitragende Konstruktion<\/td>\n<td>\n<ul>\n<li>Einfache Handhabung<\/li>\n<li>Leichte Reinigung<\/li>\n<li>Einfacher Zugang<\/li>\n<\/ul>\n<\/td>\n<\/tr>\n<\/tbody>\n<\/table>","protected":false},"excerpt":{"rendered":"<p>Perfekter Schokoladendosierer f\u00fcr die kleine und mittlere Produktion von festen oder gef\u00fcllten Pralinen.<\/p>","protected":false},"featured_media":2912,"comment_status":"open","ping_status":"closed","template":"","meta":{"uix_meta_title":"","uix_meta_description":"","uix_canonical_url":""},"product_brand":[],"product_cat":[104],"product_tag":[],"class_list":{"0":"post-2908","1":"product","2":"type-product","3":"status-publish","4":"has-post-thumbnail","6":"product_cat-processing","8":"first","9":"instock","10":"shipping-taxable","11":"product-type-simple"},"_links":{"self":[{"href":"https:\/\/cormac.eu\/de\/wp-json\/wp\/v2\/product\/2908","targetHints":{"allow":["GET"]}}],"collection":[{"href":"https:\/\/cormac.eu\/de\/wp-json\/wp\/v2\/product"}],"about":[{"href":"https:\/\/cormac.eu\/de\/wp-json\/wp\/v2\/types\/product"}],"replies":[{"embeddable":true,"href":"https:\/\/cormac.eu\/de\/wp-json\/wp\/v2\/comments?post=2908"}],"wp:featuredmedia":[{"embeddable":true,"href":"https:\/\/cormac.eu\/de\/wp-json\/wp\/v2\/media\/2912"}],"wp:attachment":[{"href":"https:\/\/cormac.eu\/de\/wp-json\/wp\/v2\/media?parent=2908"}],"wp:term":[{"taxonomy":"product_brand","embeddable":true,"href":"https:\/\/cormac.eu\/de\/wp-json\/wp\/v2\/product_brand?post=2908"},{"taxonomy":"product_cat","embeddable":true,"href":"https:\/\/cormac.eu\/de\/wp-json\/wp\/v2\/product_cat?post=2908"},{"taxonomy":"product_tag","embeddable":true,"href":"https:\/\/cormac.eu\/de\/wp-json\/wp\/v2\/product_tag?post=2908"}],"curies":[{"name":"wp","href":"https:\/\/api.w.org\/{rel}","templated":true}]}}