{"id":2905,"date":"2022-04-24T13:34:09","date_gmt":"2022-04-24T11:34:09","guid":{"rendered":"https:\/\/cormac.eu\/?post_type=product&#038;p=2905"},"modified":"2022-06-05T19:05:25","modified_gmt":"2022-06-05T17:05:25","slug":"vorratspufferbehalter-2","status":"publish","type":"product","link":"https:\/\/cormac.eu\/de\/product\/storage-buffer-tank\/","title":{"rendered":"Speicher\/Pufferspeicher"},"content":{"rendered":"<p>AR-Tanks sind mit einem Doppelmantel ausgef\u00fchrt und je nach Anwendung ausgestattet. So gibt es beispielsweise den Typ ARFO f\u00fcr das Schmelzen, den Typ ARA f\u00fcr die Lagerung und den Typ ARX f\u00fcr das H\u00e4rten und Conchieren. Im Allgemeinen haben die AR-Beh\u00e4lter einen Doppelmantel, in dem das Wasser in einem effizienten Kreislauf um den gesamten Beh\u00e4lter herum verteilt wird, um eine perfekte W\u00e4rmeverteilung zu erreichen. Die Tanks sind mit einem Planetenr\u00fchrwerk ausgestattet, um die Klumpenbildung in der Masse zu vermeiden und ihr mehr Homogenit\u00e4t und Plastizit\u00e4t zu verleihen. Das Heizsystem besteht aus elektrischen Heizelementen, die in den Doppelmantel eingetaucht sind und von einem Thermostat gesteuert werden. Optional kann eine vollautomatische Temperaturregelung f\u00fcr eine bessere Temperierung geliefert werden. Der Tank wird mit einem Motorreduzierer, einem Thermometer f\u00fcr den Inhalt und einer Pumpe f\u00fcr die Wasserzirkulation geliefert, die sich am Boden der Maschine befindet. Der Conchierbeschleuniger, der bei der ARX-Version verwendet wird, befindet sich oben auf dem Tank. Er nimmt die Schokolade von der gleichen Pumpe auf, die den Tank entleert und sie durch die Pumpe zum oberen Teil des Tanks zur\u00fcckf\u00fchrt. Sobald die Rohrleitung den oberen Teil des Tanks erreicht hat, verengt sich ihr Ausgang zu einem Fischschwanzende, wodurch ein sehr d\u00fcnner Schokoladenfilm entsteht. Hei\u00dfe Luft wird direkt durch diesen Schokoladenfilm geblasen, wodurch Feuchtigkeit und fl\u00fcchtige S\u00e4uren verdampfen und die Schokoladenmasse kondensiert. Die Rezirkulation durch diese Vorrichtung kann je nach Bedarf verl\u00e4ngert werden. Die Kapazit\u00e4t reicht von 250 bis 7.000 kg.<\/p>\n<p>&nbsp;<\/p>\n<table style=\"height: 592px\" width=\"776\">\n<tbody>\n<tr>\n<td width=\"197\"><strong>\u00a0Eigenschaften<\/strong><\/td>\n<td width=\"197\">\u00a0<strong>Vorteile<\/strong><\/td>\n<\/tr>\n<tr>\n<td>Doppelmanteltank<\/td>\n<td>\n<ul>\n<li>Hervorragende Temperiereigenschaften<\/li>\n<\/ul>\n<\/td>\n<\/tr>\n<tr>\n<td>R\u00fchrwerk mit planetarischer Bewegung<\/td>\n<td>\n<ul>\n<li>Homogene Massenkonditionierung<\/li>\n<\/ul>\n<\/td>\n<\/tr>\n<tr>\n<td>Einschlie\u00dflich Motorreduzierer, Thermometer und Wasserumw\u00e4lzpumpe<\/td>\n<td>\n<ul>\n<li>Robust und zuverl\u00e4ssig<\/li>\n<li>vollst\u00e4ndig<\/li>\n<li>gute Prozesskontrolle<\/li>\n<\/ul>\n<\/td>\n<\/tr>\n<tr>\n<td>Optionaler Conchierbeschleuniger<\/td>\n<td>\n<ul>\n<li>erh\u00f6hte Produktqualit\u00e4t<\/li>\n<li>bessere Homogenisierung<\/li>\n<li>besserer Geschmack<\/li>\n<\/ul>\n<\/td>\n<\/tr>\n<tr>\n<td>Optionale Ausf\u00fchrung in Edelstahl<\/td>\n<td>\n<ul>\n<li>Hygienische Ausf\u00fchrung<\/li>\n<\/ul>\n<\/td>\n<\/tr>\n<\/tbody>\n<\/table>","protected":false},"excerpt":{"rendered":"<p>Beh\u00e4lter zum Lagern und R\u00fchren bei eingestellter Temperatur f\u00fcr Fettmassen wie Compounds, Schokoladenmassen und Sahne.<\/p>","protected":false},"featured_media":2904,"comment_status":"open","ping_status":"closed","template":"","meta":{"uix_meta_title":"","uix_meta_description":"","uix_canonical_url":""},"product_brand":[],"product_cat":[104],"product_tag":[238,237,239],"class_list":{"0":"post-2905","1":"product","2":"type-product","3":"status-publish","4":"has-post-thumbnail","6":"product_cat-processing","7":"product_tag-chocolate-mass","8":"product_tag-fat-masses","9":"product_tag-storage","11":"first","12":"instock","13":"shipping-taxable","14":"product-type-simple"},"_links":{"self":[{"href":"https:\/\/cormac.eu\/de\/wp-json\/wp\/v2\/product\/2905","targetHints":{"allow":["GET"]}}],"collection":[{"href":"https:\/\/cormac.eu\/de\/wp-json\/wp\/v2\/product"}],"about":[{"href":"https:\/\/cormac.eu\/de\/wp-json\/wp\/v2\/types\/product"}],"replies":[{"embeddable":true,"href":"https:\/\/cormac.eu\/de\/wp-json\/wp\/v2\/comments?post=2905"}],"wp:featuredmedia":[{"embeddable":true,"href":"https:\/\/cormac.eu\/de\/wp-json\/wp\/v2\/media\/2904"}],"wp:attachment":[{"href":"https:\/\/cormac.eu\/de\/wp-json\/wp\/v2\/media?parent=2905"}],"wp:term":[{"taxonomy":"product_brand","embeddable":true,"href":"https:\/\/cormac.eu\/de\/wp-json\/wp\/v2\/product_brand?post=2905"},{"taxonomy":"product_cat","embeddable":true,"href":"https:\/\/cormac.eu\/de\/wp-json\/wp\/v2\/product_cat?post=2905"},{"taxonomy":"product_tag","embeddable":true,"href":"https:\/\/cormac.eu\/de\/wp-json\/wp\/v2\/product_tag?post=2905"}],"curies":[{"name":"wp","href":"https:\/\/api.w.org\/{rel}","templated":true}]}}