{"id":2901,"date":"2022-04-24T12:47:37","date_gmt":"2022-04-24T10:47:37","guid":{"rendered":"https:\/\/cormac.eu\/?post_type=product&#038;p=2901"},"modified":"2022-04-24T12:48:50","modified_gmt":"2022-04-24T10:48:50","slug":"beschichtungssystem-ade-2","status":"publish","type":"product","link":"https:\/\/cormac.eu\/de\/product\/coating-system-ade\/","title":{"rendered":"Beschichtungssystem ADE"},"content":{"rendered":"<p>Das Beschichtungssystem Typ ADE ist schwenkbar. Die Wanne kann mittels eines Getriebemotors von -90\u00b0 bis +90\u00b0 zur Horizontalen geschwenkt werden. Die Maschine ist mit einer Haube zur F\u00fchrung der Zu- und Abluft und Anschl\u00fcssen f\u00fcr ein Spr\u00fchsystem ausgestattet. Die Bedienung der ADE erfolgt \u00fcber ein grafisches Display (Touchpanel), mit dem die Steuerung der Peripherie (Beh\u00e4lter f\u00fcr das Medium, Luftbehandlungsstation, automatisiertes Spr\u00fchen) realisiert werden kann. F\u00fcr einen hohen Automatisierungsgrad kann die Anlage nat\u00fcrlich auch mit einer Rezeptursteuerung ausgestattet werden.<\/p>\n<p>&nbsp;<\/p>\n<table style=\"height: 413px\" width=\"589\">\n<tbody>\n<tr>\n<td width=\"153\">\u00a0<strong>Eigenschaften<\/strong><\/td>\n<td width=\"153\">\u00a0<strong>Vorteile<\/strong><\/td>\n<\/tr>\n<tr>\n<td>Kippmechanismus<\/td>\n<td>\n<ul>\n<li>Bedienerfreundlich<\/li>\n<li>Leichtere Entleerung<\/li>\n<\/ul>\n<\/td>\n<\/tr>\n<tr>\n<td>Rostfreier Stahl 1.4301<\/td>\n<td>\n<ul>\n<li>Hygenisch<\/li>\n<li>Stark<\/li>\n<\/ul>\n<\/td>\n<\/tr>\n<tr>\n<td>Frequenzgesteuerter Antrieb<\/td>\n<td>\n<ul>\n<li>Geschwindigkeitskontrolle<\/li>\n<\/ul>\n<\/td>\n<\/tr>\n<tr>\n<td>Digitale Geschwindigkeitsanzeige<\/td>\n<td>\n<ul>\n<li>Prozesskontrolle<\/li>\n<\/ul>\n<\/td>\n<\/tr>\n<\/tbody>\n<\/table>\n<p>&nbsp;<\/p>\n<p>&nbsp;<\/p>","protected":false},"excerpt":{"rendered":"<p>Titeltisch-Dragiersystem f\u00fcr die Zuckerdragierung im industriellen Ma\u00dfstab.<\/p>","protected":false},"featured_media":2900,"comment_status":"open","ping_status":"closed","template":"","meta":{"uix_meta_title":"","uix_meta_description":"","uix_canonical_url":""},"product_brand":[],"product_cat":[104],"product_tag":[],"class_list":{"0":"post-2901","1":"product","2":"type-product","3":"status-publish","4":"has-post-thumbnail","6":"product_cat-processing","8":"first","9":"instock","10":"shipping-taxable","11":"product-type-simple"},"_links":{"self":[{"href":"https:\/\/cormac.eu\/de\/wp-json\/wp\/v2\/product\/2901","targetHints":{"allow":["GET"]}}],"collection":[{"href":"https:\/\/cormac.eu\/de\/wp-json\/wp\/v2\/product"}],"about":[{"href":"https:\/\/cormac.eu\/de\/wp-json\/wp\/v2\/types\/product"}],"replies":[{"embeddable":true,"href":"https:\/\/cormac.eu\/de\/wp-json\/wp\/v2\/comments?post=2901"}],"wp:featuredmedia":[{"embeddable":true,"href":"https:\/\/cormac.eu\/de\/wp-json\/wp\/v2\/media\/2900"}],"wp:attachment":[{"href":"https:\/\/cormac.eu\/de\/wp-json\/wp\/v2\/media?parent=2901"}],"wp:term":[{"taxonomy":"product_brand","embeddable":true,"href":"https:\/\/cormac.eu\/de\/wp-json\/wp\/v2\/product_brand?post=2901"},{"taxonomy":"product_cat","embeddable":true,"href":"https:\/\/cormac.eu\/de\/wp-json\/wp\/v2\/product_cat?post=2901"},{"taxonomy":"product_tag","embeddable":true,"href":"https:\/\/cormac.eu\/de\/wp-json\/wp\/v2\/product_tag?post=2901"}],"curies":[{"name":"wp","href":"https:\/\/api.w.org\/{rel}","templated":true}]}}