{"id":2899,"date":"2022-04-24T12:43:18","date_gmt":"2022-04-24T10:43:18","guid":{"rendered":"https:\/\/cormac.eu\/?post_type=product&#038;p=2899"},"modified":"2022-04-24T12:43:51","modified_gmt":"2022-04-24T10:43:51","slug":"beschichtungspfanne-adf","status":"publish","type":"product","link":"https:\/\/cormac.eu\/de\/product\/coating-pan-adf\/","title":{"rendered":"Beschichtungswanne ADF"},"content":{"rendered":"<p>Die Beschichtungsmaschine vom Typ ADF hat einen festen Winkel. Der Schwenkwinkel wird nach den Bed\u00fcrfnissen des Kunden festgelegt. Die ADF kann mit einer Haube mit Zu- und Abluftrohren, Schauglas und Anschl\u00fcssen f\u00fcr Spr\u00fchpistolen ausgestattet werden. Die Bedienung der Beschichtungsanlage erfolgt \u00fcber ein grafisches Display (Touchpanel), mit dem die Steuerung der Peripherie (Beh\u00e4lter f\u00fcr das Medium, Luftbehandlungsstation, automatisches Spr\u00fchen) realisiert werden kann. F\u00fcr einen hohen Automatisierungsgrad kann die Anlage nat\u00fcrlich auch mit einer Rezeptursteuerung ausger\u00fcstet werden.<\/p>\n<p>&nbsp;<\/p>\n<table style=\"height: 304px\" width=\"521\">\n<tbody>\n<tr>\n<td width=\"162\">\u00a0<strong>Eigenschaften<\/strong><\/td>\n<td width=\"162\">\u00a0<strong>Vorteile<\/strong><\/td>\n<\/tr>\n<tr>\n<td>\u00a0Rostfreier Stahl 1.4301<\/td>\n<td>\n<ul>\n<li>Hygenisch<\/li>\n<li>Stark<\/li>\n<\/ul>\n<\/td>\n<\/tr>\n<tr>\n<td>\u00a0Frequenzgesteuerter Antrieb<\/td>\n<td>\n<ul>\n<li>Geschwindigkeitskontrolle<\/li>\n<li>zuverl\u00e4ssiger Motor<\/li>\n<\/ul>\n<\/td>\n<\/tr>\n<tr>\n<td>\u00a0Digitale Geschwindigkeitsanzeige<\/td>\n<td>\n<ul>\n<li>Prozesskontrolle<\/li>\n<\/ul>\n<\/td>\n<\/tr>\n<\/tbody>\n<\/table>","protected":false},"excerpt":{"rendered":"<p>Industriell gefertigte Zuckerwanne mit festem Winkel.<\/p>","protected":false},"featured_media":2898,"comment_status":"open","ping_status":"closed","template":"","meta":{"uix_meta_title":"","uix_meta_description":"","uix_canonical_url":""},"product_brand":[],"product_cat":[104],"product_tag":[],"class_list":{"0":"post-2899","1":"product","2":"type-product","3":"status-publish","4":"has-post-thumbnail","6":"product_cat-processing","8":"first","9":"instock","10":"shipping-taxable","11":"product-type-simple"},"_links":{"self":[{"href":"https:\/\/cormac.eu\/de\/wp-json\/wp\/v2\/product\/2899","targetHints":{"allow":["GET"]}}],"collection":[{"href":"https:\/\/cormac.eu\/de\/wp-json\/wp\/v2\/product"}],"about":[{"href":"https:\/\/cormac.eu\/de\/wp-json\/wp\/v2\/types\/product"}],"replies":[{"embeddable":true,"href":"https:\/\/cormac.eu\/de\/wp-json\/wp\/v2\/comments?post=2899"}],"wp:featuredmedia":[{"embeddable":true,"href":"https:\/\/cormac.eu\/de\/wp-json\/wp\/v2\/media\/2898"}],"wp:attachment":[{"href":"https:\/\/cormac.eu\/de\/wp-json\/wp\/v2\/media?parent=2899"}],"wp:term":[{"taxonomy":"product_brand","embeddable":true,"href":"https:\/\/cormac.eu\/de\/wp-json\/wp\/v2\/product_brand?post=2899"},{"taxonomy":"product_cat","embeddable":true,"href":"https:\/\/cormac.eu\/de\/wp-json\/wp\/v2\/product_cat?post=2899"},{"taxonomy":"product_tag","embeddable":true,"href":"https:\/\/cormac.eu\/de\/wp-json\/wp\/v2\/product_tag?post=2899"}],"curies":[{"name":"wp","href":"https:\/\/api.w.org\/{rel}","templated":true}]}}