{"id":2895,"date":"2022-04-24T12:37:20","date_gmt":"2022-04-24T10:37:20","guid":{"rendered":"https:\/\/cormac.eu\/?post_type=product&#038;p=2895"},"modified":"2022-04-24T12:37:20","modified_gmt":"2022-04-24T10:37:20","slug":"labor-zuckerwanne","status":"publish","type":"product","link":"https:\/\/cormac.eu\/de\/product\/laboratory-sugar-coating-pan\/","title":{"rendered":"Labor-Zuckerwanne"},"content":{"rendered":"<p>Die Beschichtungsmaschine Typ ADO ist eine kleinere Maschine, die f\u00fcr das Labor geeignet ist. Der Schwenkwinkel liegt zwischen 0\u00b0 und 50\u00b0 zur Horizontalen und kann mit einem manuell bet\u00e4tigten Hebel ver\u00e4ndert werden. Somit kann der Schalenwinkel an unterschiedliche Produkte angepasst werden. Die R\u00fcckseite der Schale, die Wellen, die Lager usw. sind mit Zweikomponentenlack beschichtet. Auf Wunsch k\u00f6nnen die Pfannenr\u00fcckseite und die Wellen auch aus rostfreiem Stahl gefertigt werden. Die Lieferung von rezeptgesteuerten Beschichtungsanlagen ist m\u00f6glich.<\/p>\n<p>&nbsp;<\/p>\n<table style=\"height: 350px\" width=\"620\">\n<tbody>\n<tr>\n<td width=\"153\">\u00a0<strong>Eigenschaften<\/strong><\/td>\n<td width=\"153\">\u00a0<strong>Vorteile<\/strong><\/td>\n<\/tr>\n<tr>\n<td>Ausf\u00fchrung in Edelstahl<\/td>\n<td>\n<ul>\n<li>Hygenisch<\/li>\n<\/ul>\n<\/td>\n<\/tr>\n<tr>\n<td>Robuste Konstruktion<\/td>\n<td>\n<ul>\n<li>Dauerhaft<\/li>\n<\/ul>\n<\/td>\n<\/tr>\n<tr>\n<td>Frequenzgesteuerter Antrieb<\/td>\n<td>\n<ul>\n<li>Geschwindigkeitskontrolle<\/li>\n<\/ul>\n<\/td>\n<\/tr>\n<tr>\n<td>Digitale Geschwindigkeitsanzeige<\/td>\n<td>\n<ul>\n<li>Prozesssteuerung<\/li>\n<\/ul>\n<\/td>\n<\/tr>\n<\/tbody>\n<\/table>","protected":false},"excerpt":{"rendered":"<p>Zuckerbeschichtungspfanne f\u00fcr den Labor- und Handwerksma\u00dfstab.<\/p>","protected":false},"featured_media":2894,"comment_status":"open","ping_status":"closed","template":"","meta":{"uix_meta_title":"","uix_meta_description":"","uix_canonical_url":""},"product_brand":[],"product_cat":[107,135,104],"product_tag":[],"class_list":{"0":"post-2895","1":"product","2":"type-product","3":"status-publish","4":"has-post-thumbnail","6":"product_cat-artisanal","7":"product_cat-laboratory","8":"product_cat-processing","10":"first","11":"instock","12":"shipping-taxable","13":"product-type-simple"},"_links":{"self":[{"href":"https:\/\/cormac.eu\/de\/wp-json\/wp\/v2\/product\/2895","targetHints":{"allow":["GET"]}}],"collection":[{"href":"https:\/\/cormac.eu\/de\/wp-json\/wp\/v2\/product"}],"about":[{"href":"https:\/\/cormac.eu\/de\/wp-json\/wp\/v2\/types\/product"}],"replies":[{"embeddable":true,"href":"https:\/\/cormac.eu\/de\/wp-json\/wp\/v2\/comments?post=2895"}],"wp:featuredmedia":[{"embeddable":true,"href":"https:\/\/cormac.eu\/de\/wp-json\/wp\/v2\/media\/2894"}],"wp:attachment":[{"href":"https:\/\/cormac.eu\/de\/wp-json\/wp\/v2\/media?parent=2895"}],"wp:term":[{"taxonomy":"product_brand","embeddable":true,"href":"https:\/\/cormac.eu\/de\/wp-json\/wp\/v2\/product_brand?post=2895"},{"taxonomy":"product_cat","embeddable":true,"href":"https:\/\/cormac.eu\/de\/wp-json\/wp\/v2\/product_cat?post=2895"},{"taxonomy":"product_tag","embeddable":true,"href":"https:\/\/cormac.eu\/de\/wp-json\/wp\/v2\/product_tag?post=2895"}],"curies":[{"name":"wp","href":"https:\/\/api.w.org\/{rel}","templated":true}]}}