{"id":2893,"date":"2022-04-24T12:31:25","date_gmt":"2022-04-24T10:31:25","guid":{"rendered":"https:\/\/cormac.eu\/?post_type=product&#038;p=2893"},"modified":"2022-04-24T12:31:25","modified_gmt":"2022-04-24T10:31:25","slug":"klimatisierungssystem-fur-den-beschichtungsprozess-2","status":"publish","type":"product","link":"https:\/\/cormac.eu\/de\/product\/airconditioning-system-for-coating-process\/","title":{"rendered":"Klimatisierungssystem f\u00fcr den Beschichtungsprozess"},"content":{"rendered":"<p>Die LAA-Klimasysteme sind f\u00fcr Luftheizungs-, Luftk\u00fchlungs- oder kombinierte Luftheizungs- und K\u00fchlungssysteme konzipiert. Sie garantieren eine hohe Qualit\u00e4t der Zu- und Abluft. Temperatur, Menge und Reinheit der Zuluft bleiben stets konstant. F\u00fcr staubfreie Abluft werden Abluftfilter eingebaut. Entsprechend der gew\u00fcnschten Anwendung und den individuellen Bed\u00fcrfnissen unserer Kunden werden Vor- und Feinfilter, Ventilator, Heiz-\/K\u00fchlger\u00e4t, Bypass-System und der Kompensator ausgelegt und kombiniert.<\/p>\n<p>Beschichtungsprozesse k\u00f6nnen extrem zeitaufw\u00e4ndig sein, da es Zeit braucht, um die im Beschichtungsmedium enthaltenen Wasserpartikel aus dem Produkt zu entfernen. Eine Verk\u00fcrzung der Trocknungszeit hat gro\u00dfen Einfluss auf die Produktivit\u00e4t und Rentabilit\u00e4t einer Beschichtungsanlage. Die Standardausf\u00fchrung eines LAA-Klimasystems umfasst einen Zuluftventilator, Abluftventilator, Zuluftfilter und Abluftfilter. Je nach Anwendung werden Filterklassen von G3 (Vorfilter) bis H11 installiert. Dar\u00fcber hinaus enth\u00e4lt die Basis-Klimaanlage ein Heizger\u00e4t, zwei Luftdrosselklappen und ein Bypassventil. Der Erhitzer kann als Elektroerhitzer oder als Dampfw\u00e4rmetauscher geliefert werden, die beide an den W\u00e4rmebedarf angepasst sind. Ein Klimasystem kann mit mehreren Modulen zur K\u00fchlung oder Entfeuchtung erweitert werden. Mit der Standardentfeuchtung der Luft mittels Kondensation kann eine Endfeuchte (absolut) von 10 g Wasser\/kg Luft erreicht werden. Wird zus\u00e4tzlich zum K\u00fchler ein Absorptionsentfeuchter eingesetzt, ist eine Feuchtigkeit von 2 g Wasser\/kg Luft m\u00f6glich. Wenn die Klimaanlage mit Au\u00dfenluft betrieben wird, ist im Winter ein Vorw\u00e4rmer erforderlich. Um Energie zu sparen, Ressourcen zu schonen und die Umwelt zu sch\u00fctzen, kann die Abluftw\u00e4rme recycelt werden.<\/p>\n<p>&nbsp;<\/p>\n<table style=\"height: 309px\" width=\"580\">\n<tbody>\n<tr>\n<td width=\"153\">\u00a0<strong>Eigenschaften<\/strong><\/td>\n<td width=\"153\">\u00a0<strong>Vorteile<\/strong><\/td>\n<\/tr>\n<tr>\n<td>Abluftfilter<\/td>\n<td>\n<ul>\n<li>staubfreie Abluft<\/li>\n<\/ul>\n<\/td>\n<\/tr>\n<tr>\n<td>Eine Vielzahl von Filtern verf\u00fcgbar<\/td>\n<td>\n<ul>\n<li>Vielseitigkeit<\/li>\n<\/ul>\n<\/td>\n<\/tr>\n<tr>\n<td>\u00a0Luftrecycling m\u00f6glich<\/td>\n<td>\n<ul>\n<li>Energieeinsparungen<\/li>\n<li>Schutz der Umwelt<\/li>\n<\/ul>\n<\/td>\n<\/tr>\n<\/tbody>\n<\/table>\n<p>&nbsp;<\/p>\n<p>&nbsp;<\/p>\n<p>&nbsp;<\/p>","protected":false},"excerpt":{"rendered":"<p>System zur Konditionierung der Luft, die zum Trocknen einer Charge von Produkten in einer Beschichtungswanne zugef\u00fchrt wird.<\/p>","protected":false},"featured_media":2892,"comment_status":"open","ping_status":"closed","template":"","meta":{"uix_meta_title":"","uix_meta_description":"","uix_canonical_url":""},"product_brand":[],"product_cat":[104],"product_tag":[],"class_list":{"0":"post-2893","1":"product","2":"type-product","3":"status-publish","4":"has-post-thumbnail","6":"product_cat-processing","8":"first","9":"instock","10":"shipping-taxable","11":"product-type-simple"},"_links":{"self":[{"href":"https:\/\/cormac.eu\/de\/wp-json\/wp\/v2\/product\/2893","targetHints":{"allow":["GET"]}}],"collection":[{"href":"https:\/\/cormac.eu\/de\/wp-json\/wp\/v2\/product"}],"about":[{"href":"https:\/\/cormac.eu\/de\/wp-json\/wp\/v2\/types\/product"}],"replies":[{"embeddable":true,"href":"https:\/\/cormac.eu\/de\/wp-json\/wp\/v2\/comments?post=2893"}],"wp:featuredmedia":[{"embeddable":true,"href":"https:\/\/cormac.eu\/de\/wp-json\/wp\/v2\/media\/2892"}],"wp:attachment":[{"href":"https:\/\/cormac.eu\/de\/wp-json\/wp\/v2\/media?parent=2893"}],"wp:term":[{"taxonomy":"product_brand","embeddable":true,"href":"https:\/\/cormac.eu\/de\/wp-json\/wp\/v2\/product_brand?post=2893"},{"taxonomy":"product_cat","embeddable":true,"href":"https:\/\/cormac.eu\/de\/wp-json\/wp\/v2\/product_cat?post=2893"},{"taxonomy":"product_tag","embeddable":true,"href":"https:\/\/cormac.eu\/de\/wp-json\/wp\/v2\/product_tag?post=2893"}],"curies":[{"name":"wp","href":"https:\/\/api.w.org\/{rel}","templated":true}]}}