{"id":2886,"date":"2022-04-24T12:19:21","date_gmt":"2022-04-24T10:19:21","guid":{"rendered":"https:\/\/cormac.eu\/?post_type=product&#038;p=2886"},"modified":"2022-04-24T12:19:42","modified_gmt":"2022-04-24T10:19:42","slug":"fordersysteme-2","status":"publish","type":"product","link":"https:\/\/cormac.eu\/de\/product\/conveying-systems\/","title":{"rendered":"F\u00f6rdersysteme"},"content":{"rendered":"<p>Standard-, Hub- und Schwanenhals-F\u00f6rdersysteme. Die variable Bandgeschwindigkeit wird durch den Einsatz von frequenzgesteuerten Getriebemotoren erreicht und gew\u00e4hrleistet ein flexibles Transportsystem. Die F\u00f6rdersysteme zur Bef\u00fcllung und Entleerung der Beschichtungsmaschinen garantieren einen hohen Automatisierungsgrad und sorgen f\u00fcr eine st\u00f6rungsfreie Produktion. Konfiguration nach Kundenwunsch.<\/p>\n<p>&nbsp;<\/p>\n<table style=\"height: 335px\" width=\"653\">\n<tbody>\n<tr>\n<td width=\"160\">\u00a0<strong>Eigenschaften<\/strong><\/td>\n<td width=\"160\">\u00a0<strong>Vorteile<\/strong><\/td>\n<\/tr>\n<tr>\n<td>Lebensmitteltaugliches Bandmaterial<\/td>\n<td>\n<ul>\n<li>hygenisch<\/li>\n<li>leicht zu reinigen<\/li>\n<\/ul>\n<\/td>\n<\/tr>\n<tr>\n<td>Robuste Konstruktion<\/td>\n<td>\n<ul>\n<li>dauerhaft<\/li>\n<li>zuverl\u00e4ssig<\/li>\n<\/ul>\n<\/td>\n<\/tr>\n<tr>\n<td>Frequenzgesteuerte Antriebe<\/td>\n<td>\n<ul>\n<li>reibungsloser Ablauf<\/li>\n<li>st\u00f6rungsfreier Betrieb<\/li>\n<\/ul>\n<\/td>\n<\/tr>\n<\/tbody>\n<\/table>\n<p>&nbsp;<\/p>\n<p>&nbsp;<\/p>\n<p>&nbsp;<\/p>","protected":false},"excerpt":{"rendered":"<p>F\u00f6rderband zur Aufnahme und zum Abtransport von Produkten.<\/p>","protected":false},"featured_media":2885,"comment_status":"open","ping_status":"closed","template":"","meta":{"uix_meta_title":"","uix_meta_description":"","uix_canonical_url":""},"product_brand":[],"product_cat":[104],"product_tag":[],"class_list":{"0":"post-2886","1":"product","2":"type-product","3":"status-publish","4":"has-post-thumbnail","6":"product_cat-processing","8":"first","9":"instock","10":"shipping-taxable","11":"product-type-simple"},"_links":{"self":[{"href":"https:\/\/cormac.eu\/de\/wp-json\/wp\/v2\/product\/2886","targetHints":{"allow":["GET"]}}],"collection":[{"href":"https:\/\/cormac.eu\/de\/wp-json\/wp\/v2\/product"}],"about":[{"href":"https:\/\/cormac.eu\/de\/wp-json\/wp\/v2\/types\/product"}],"replies":[{"embeddable":true,"href":"https:\/\/cormac.eu\/de\/wp-json\/wp\/v2\/comments?post=2886"}],"wp:featuredmedia":[{"embeddable":true,"href":"https:\/\/cormac.eu\/de\/wp-json\/wp\/v2\/media\/2885"}],"wp:attachment":[{"href":"https:\/\/cormac.eu\/de\/wp-json\/wp\/v2\/media?parent=2886"}],"wp:term":[{"taxonomy":"product_brand","embeddable":true,"href":"https:\/\/cormac.eu\/de\/wp-json\/wp\/v2\/product_brand?post=2886"},{"taxonomy":"product_cat","embeddable":true,"href":"https:\/\/cormac.eu\/de\/wp-json\/wp\/v2\/product_cat?post=2886"},{"taxonomy":"product_tag","embeddable":true,"href":"https:\/\/cormac.eu\/de\/wp-json\/wp\/v2\/product_tag?post=2886"}],"curies":[{"name":"wp","href":"https:\/\/api.w.org\/{rel}","templated":true}]}}