{"id":2883,"date":"2022-04-24T12:12:35","date_gmt":"2022-04-24T10:12:35","guid":{"rendered":"https:\/\/cormac.eu\/?post_type=product&#038;p=2883"},"modified":"2022-04-24T12:12:46","modified_gmt":"2022-04-24T10:12:46","slug":"beschichtungspfanne-kc-2","status":"publish","type":"product","link":"https:\/\/cormac.eu\/de\/product\/coating-pan-kc\/","title":{"rendered":"Beschichtungswanne KC"},"content":{"rendered":"<p>Der KC-Pfannenbeschichter ist in einem Geh\u00e4use montiert und durchgehend perforiert. Die Luft wird durch einen mit der Pfanne abgedichteten Luftanschluss direkt durch das Produktbett gef\u00fchrt. F\u00fcr die Richtung des Trocknungsluftstroms sind sowohl Gleichstrom als auch Gegenstrom m\u00f6glich. Die gesamte Pfanne ist um 180\u00b0 schwenkbar, so dass die Bef\u00fcllung und Entleerung leicht automatisiert werden kann, z.B. mit F\u00f6rderb\u00e4ndern. W\u00e4hrend des Beschichtungsprozesses kann die Pfanne kontinuierlich oder diskontinuierlich geschwenkt werden, um eine bessere Durchmischung der Charge zu erreichen. Zus\u00e4tzliche Schikanen sind nicht erforderlich. Da die Trocknungsluft direkt durch die Charge gef\u00fchrt wird, wird die Trocknung des Produkts optimiert. Die Trocknungszeit und damit die Produktionszeit wird drastisch reduziert. Die Luft wird in einer Luftaufbereitungsanlage (LAA) konditioniert, die aus den erforderlichen Filtern, Ventilatoren und einer Heizung besteht. Je nach Kundenwunsch kann zus\u00e4tzlich eine K\u00fchl- oder Entfeuchtungseinrichtung integriert werden. Der Pan Coater KC wird haupts\u00e4chlich in der S\u00fc\u00dfwaren- und Pharmaindustrie eingesetzt. Er kann aber auch in der chemischen Industrie eingesetzt werden, z.B. um Katalysatoren zu beschichten. Auch Granulate wie z.B. Tee k\u00f6nnen mit diesem Pan Coater getrocknet werden. Ob in der Produktion oder im Labor - seinen vielseitigen Einsatzm\u00f6glichkeiten sind kaum Grenzen gesetzt. Das Fassungsverm\u00f6gen reicht von 7 - 700 Litern.<\/p>\n<p>&nbsp;<\/p>\n<table style=\"height: 442px\" width=\"661\">\n<tbody>\n<tr>\n<td width=\"169\">\u00a0<strong>Eigenschaften<\/strong><\/td>\n<td width=\"169\">\u00a0<strong>Vorteile<\/strong><\/td>\n<\/tr>\n<tr>\n<td>Perforiertes Geh\u00e4use<\/td>\n<td>\n<ul>\n<li>optimale Trocknung<\/li>\n<li>Prozesssteuerung<\/li>\n<\/ul>\n<\/td>\n<\/tr>\n<tr>\n<td>180\u00b0 schwenkbar<\/td>\n<td>\n<ul>\n<li>einfache Bef\u00fcllung und Entleerung<\/li>\n<li>bessere Durchmischung<\/li>\n<\/ul>\n<\/td>\n<\/tr>\n<tr>\n<td>\u00a0Rostfreier Stahl 1.4301<\/td>\n<td>\n<ul>\n<li>hygenisch<\/li>\n<\/ul>\n<\/td>\n<\/tr>\n<tr>\n<td>\u00a0Frequenzgeregelter Antrieb mit<br \/>\nGeschwindigkeitsanzeige<\/td>\n<td>\n<ul>\n<li>Geschwindigkeitskontrolle<\/li>\n<\/ul>\n<\/td>\n<\/tr>\n<\/tbody>\n<\/table>\n<p>&nbsp;<\/p>\n<p>&nbsp;<\/p>\n<p>&nbsp;<\/p>\n<p>&nbsp;<\/p>","protected":false},"excerpt":{"rendered":"<p>Zuckerbeschichtungspfanne f\u00fcr den industriellen Ma\u00dfstab und f\u00fcr Laboranwendungen.<\/p>","protected":false},"featured_media":2881,"comment_status":"open","ping_status":"closed","template":"","meta":{"uix_meta_title":"","uix_meta_description":"","uix_canonical_url":""},"product_brand":[],"product_cat":[104],"product_tag":[],"class_list":{"0":"post-2883","1":"product","2":"type-product","3":"status-publish","4":"has-post-thumbnail","6":"product_cat-processing","8":"first","9":"instock","10":"shipping-taxable","11":"product-type-simple"},"_links":{"self":[{"href":"https:\/\/cormac.eu\/de\/wp-json\/wp\/v2\/product\/2883","targetHints":{"allow":["GET"]}}],"collection":[{"href":"https:\/\/cormac.eu\/de\/wp-json\/wp\/v2\/product"}],"about":[{"href":"https:\/\/cormac.eu\/de\/wp-json\/wp\/v2\/types\/product"}],"replies":[{"embeddable":true,"href":"https:\/\/cormac.eu\/de\/wp-json\/wp\/v2\/comments?post=2883"}],"wp:featuredmedia":[{"embeddable":true,"href":"https:\/\/cormac.eu\/de\/wp-json\/wp\/v2\/media\/2881"}],"wp:attachment":[{"href":"https:\/\/cormac.eu\/de\/wp-json\/wp\/v2\/media?parent=2883"}],"wp:term":[{"taxonomy":"product_brand","embeddable":true,"href":"https:\/\/cormac.eu\/de\/wp-json\/wp\/v2\/product_brand?post=2883"},{"taxonomy":"product_cat","embeddable":true,"href":"https:\/\/cormac.eu\/de\/wp-json\/wp\/v2\/product_cat?post=2883"},{"taxonomy":"product_tag","embeddable":true,"href":"https:\/\/cormac.eu\/de\/wp-json\/wp\/v2\/product_tag?post=2883"}],"curies":[{"name":"wp","href":"https:\/\/api.w.org\/{rel}","templated":true}]}}