{"id":2880,"date":"2022-04-24T12:07:22","date_gmt":"2022-04-24T10:07:22","guid":{"rendered":"https:\/\/cormac.eu\/?post_type=product&#038;p=2880"},"modified":"2022-04-24T12:07:22","modified_gmt":"2022-04-24T10:07:22","slug":"beschichtungspfanne-anzeigen-2","status":"publish","type":"product","link":"https:\/\/cormac.eu\/de\/product\/coating-pan-ads\/","title":{"rendered":"Beschichtungswanne ADS"},"content":{"rendered":"<p>Die Tpe ADS Beschichtungsmaschine ist eine Entwicklung von Friedhelm Stechel.  Die Schale ist in einem U-f\u00f6rmigen Rahmen schwenkbar, so dass der Winkel der Schale ver\u00e4ndert werden kann. Das Bef\u00fcllen und Entleeren bestehender Streichmaschinen kann automatisiert werden, da sie in diesen speziellen Rahmen eingebaut werden k\u00f6nnen. Eines der bemerkenswerten Merkmale dieser Konstruktion ist, dass die Gesamtbreite des Beschichtungsger\u00e4ts nicht gr\u00f6\u00dfer ist als die Pfanne selbst. Dies macht die ADS zu einer platzsparenden Einheit. Selbstverst\u00e4ndlich kann diese Beschichtungsmaschine mit Hauben f\u00fcr die Zu- und Abluftf\u00fchrung und Anschl\u00fcssen f\u00fcr ein Spr\u00fchsystem ausgestattet werden. Kapazit\u00e4t: je nach Kundenwunsch.<\/p>\n<p>&nbsp;<\/p>\n<table style=\"height: 489px\" width=\"595\">\n<tbody>\n<tr>\n<td width=\"158\">\u00a0<strong>Eigenschaften<\/strong><\/td>\n<td width=\"158\">\u00a0<strong>Vorteile<\/strong><\/td>\n<\/tr>\n<tr>\n<td>U-f\u00f6rmiger Rahmen<\/td>\n<td>\n<ul>\n<li>gro\u00dfer Bereich von Schwenkwinkeln<\/li>\n<li>einfachere Automatisierung<\/li>\n<\/ul>\n<\/td>\n<\/tr>\n<tr>\n<td>Rostfreier Stahl 1.4301<\/td>\n<td>\n<ul>\n<li>hygenisch<\/li>\n<li>robuste Konstruktion<\/li>\n<li>Nutzen 3<\/li>\n<\/ul>\n<\/td>\n<\/tr>\n<tr>\n<td>Frequenzgesteuerter Antrieb<\/td>\n<td>\n<ul>\n<li>Geschwindigkeitskontrolle<\/li>\n<\/ul>\n<\/td>\n<\/tr>\n<tr>\n<td>Digitale Geschwindigkeitsanzeige<\/td>\n<td>\n<ul>\n<li>Prozesssteuerung<\/li>\n<\/ul>\n<\/td>\n<\/tr>\n<\/tbody>\n<\/table>\n<p>&nbsp;<\/p>","protected":false},"excerpt":{"rendered":"<p>Dragierwanne f\u00fcr die industrielle Zuckerdragierung<\/p>","protected":false},"featured_media":2879,"comment_status":"open","ping_status":"closed","template":"","meta":{"uix_meta_title":"","uix_meta_description":"","uix_canonical_url":""},"product_brand":[],"product_cat":[104],"product_tag":[],"class_list":{"0":"post-2880","1":"product","2":"type-product","3":"status-publish","4":"has-post-thumbnail","6":"product_cat-processing","8":"first","9":"instock","10":"shipping-taxable","11":"product-type-simple"},"_links":{"self":[{"href":"https:\/\/cormac.eu\/de\/wp-json\/wp\/v2\/product\/2880","targetHints":{"allow":["GET"]}}],"collection":[{"href":"https:\/\/cormac.eu\/de\/wp-json\/wp\/v2\/product"}],"about":[{"href":"https:\/\/cormac.eu\/de\/wp-json\/wp\/v2\/types\/product"}],"replies":[{"embeddable":true,"href":"https:\/\/cormac.eu\/de\/wp-json\/wp\/v2\/comments?post=2880"}],"wp:featuredmedia":[{"embeddable":true,"href":"https:\/\/cormac.eu\/de\/wp-json\/wp\/v2\/media\/2879"}],"wp:attachment":[{"href":"https:\/\/cormac.eu\/de\/wp-json\/wp\/v2\/media?parent=2880"}],"wp:term":[{"taxonomy":"product_brand","embeddable":true,"href":"https:\/\/cormac.eu\/de\/wp-json\/wp\/v2\/product_brand?post=2880"},{"taxonomy":"product_cat","embeddable":true,"href":"https:\/\/cormac.eu\/de\/wp-json\/wp\/v2\/product_cat?post=2880"},{"taxonomy":"product_tag","embeddable":true,"href":"https:\/\/cormac.eu\/de\/wp-json\/wp\/v2\/product_tag?post=2880"}],"curies":[{"name":"wp","href":"https:\/\/api.w.org\/{rel}","templated":true}]}}