{"id":2868,"date":"2022-04-24T11:30:16","date_gmt":"2022-04-24T09:30:16","guid":{"rendered":"https:\/\/cormac.eu\/?post_type=product&#038;p=2868"},"modified":"2022-07-04T16:44:13","modified_gmt":"2022-07-04T14:44:13","slug":"beschichtungstrommel-2","status":"publish","type":"product","link":"https:\/\/cormac.eu\/de\/product\/coating-drum\/","title":{"rendered":"Beschichtungstrommel"},"content":{"rendered":"<p>Die Vomacoat-Zuckertrommel tr\u00e4gt einen feinen Kristallzucker\u00fcberzug auf Gelees und Gummis auf. \u00dcber das D\u00e4mpfungsband werden die entpuderten Produkte in das Dampffach geleitet, wo sie mit Trockendampf klebrig gemacht werden. Anschlie\u00dfend werden die Produkte in die Zuckertrommel eingef\u00fchrt.  Die Transportrille im Inneren der Trommel bewegt das Produkt und den Kristallzucker durch die Trommel. Am Auslaufende hat die doppelwandige Trommel eine perforierte Zone. Hier werden das Produkt und der \u00fcbersch\u00fcssige Zucker getrennt. Der \u00fcbersch\u00fcssige Zucker wird mit frischem Zucker vermischt und - w\u00e4hrend er getrocknet wird - \u00fcber eine Spiralkonstruktion zwischen Innen- und Au\u00dfentrommel zur\u00fcck in den Zuckerausgabebereich transportiert. Das \u00fcberzuckerte Produkt verl\u00e4sst die Trommel. Diese Anlage ist mit einem dampfbeheizten Hei\u00dflufttrockner ausgestattet, um die Feuchtigkeit zu entfernen. Die Trommel kann sich nach links und rechts drehen. Dies ist notwendig, um den Zucker w\u00e4hrend der Reinigung aus der Trommel zu entfernen. Die Drehgeschwindigkeit der Trommel ist frequenzgesteuert. Diese Maschinen haben ein hygienisches Design und sind komplett aus rostfreiem Stahl gefertigt. Die Kapazit\u00e4t reicht von 1.000 bis 5.000 kg\/Std.<\/p>\n<p>&nbsp;<\/p>\n<p><img decoding=\"async\" class=\"alignnone size-full wp-image-2876\" src=\"https:\/\/cormac.eu\/wp-content\/uploads\/2022\/04\/Vomacoat-product-sample-2.jpg\" alt=\"\" width=\"220\" height=\"220\" srcset=\"https:\/\/cormac.eu\/wp-content\/uploads\/2022\/04\/Vomacoat-product-sample-2.jpg 220w, https:\/\/cormac.eu\/wp-content\/uploads\/2022\/04\/Vomacoat-product-sample-2-150x150.jpg 150w, https:\/\/cormac.eu\/wp-content\/uploads\/2022\/04\/Vomacoat-product-sample-2-100x100.jpg 100w\" sizes=\"(max-width: 220px) 100vw, 220px\" \/> <img decoding=\"async\" class=\"alignnone wp-image-2875\" src=\"https:\/\/cormac.eu\/wp-content\/uploads\/2022\/04\/sugar-coated-candy-300x300.jpg\" alt=\"\" width=\"222\" height=\"222\" srcset=\"https:\/\/cormac.eu\/wp-content\/uploads\/2022\/04\/sugar-coated-candy-300x300.jpg 300w, https:\/\/cormac.eu\/wp-content\/uploads\/2022\/04\/sugar-coated-candy-150x150.jpg 150w, https:\/\/cormac.eu\/wp-content\/uploads\/2022\/04\/sugar-coated-candy-100x100.jpg 100w, https:\/\/cormac.eu\/wp-content\/uploads\/2022\/04\/sugar-coated-candy.jpg 600w\" sizes=\"(max-width: 222px) 100vw, 222px\" \/>\u00a0 <img fetchpriority=\"high\" decoding=\"async\" class=\"alignnone wp-image-2874\" src=\"https:\/\/cormac.eu\/wp-content\/uploads\/2022\/04\/sugar-coated-2-300x233.jpg\" alt=\"\" width=\"291\" height=\"226\" srcset=\"https:\/\/cormac.eu\/wp-content\/uploads\/2022\/04\/sugar-coated-2-300x233.jpg 300w, https:\/\/cormac.eu\/wp-content\/uploads\/2022\/04\/sugar-coated-2.jpg 518w\" sizes=\"(max-width: 291px) 100vw, 291px\" \/><\/p>\n<p>&nbsp;<\/p>\n<table style=\"height: 687px\" width=\"771\">\n<tbody>\n<tr>\n<td width=\"197\">\u00a0<strong>Eigenschaften<\/strong><\/td>\n<td width=\"249\">\u00a0<strong>Vorteile<\/strong><\/td>\n<\/tr>\n<tr>\n<td>\u00a0Produktzufuhrbandeins\u00e4tze<br \/>\nin die Trommel<\/td>\n<td>\n<ul>\n<li>direkte Einwirkung von Zuckernebel<\/li>\n<\/ul>\n<\/td>\n<\/tr>\n<tr>\n<td>\u00a0Hervorragende Schwei\u00dftechnik<\/td>\n<td>\n<ul>\n<li>hygienische Ausf\u00fchrung<\/li>\n<li>keine Haarrisse im Stahl<\/li>\n<li>einfache Reinigung und Sp\u00fclung<\/li>\n<\/ul>\n<\/td>\n<\/tr>\n<tr>\n<td>\u00a0Warmluft und Heizspirale<\/td>\n<td>\n<ul>\n<li>effiziente Trocknung der Zuckermischung<\/li>\n<\/ul>\n<\/td>\n<\/tr>\n<tr>\n<td>\u00a0Transportkeile<\/td>\n<td>\n<ul>\n<li>sensible Produkthandhabung<\/li>\n<\/ul>\n<\/td>\n<\/tr>\n<tr>\n<td>Warme Luft und frische Zuckermischung<\/td>\n<td>\n<ul>\n<li>l\u00e4ngere Standzeit des Zuckers<\/li>\n<li>Voll- und Konstantzuckervorhang<\/li>\n<\/ul>\n<\/td>\n<\/tr>\n<tr>\n<td>Radlauffl\u00e4chenring<\/td>\n<td>\n<ul>\n<li>Keine Verformung der Trommel<\/li>\n<\/ul>\n<\/td>\n<\/tr>\n<tr>\n<td>Zentrierring f\u00fcr das Rad<\/td>\n<td>\n<ul>\n<li>reibungslose Trommeldrehung<\/li>\n<\/ul>\n<\/td>\n<\/tr>\n<tr>\n<td>Hochbelastbare Konstruktion<\/td>\n<td>\n<ul>\n<li>geringer Wartungsaufwand<\/li>\n<\/ul>\n<\/td>\n<\/tr>\n<\/tbody>\n<\/table>\n<p>&nbsp;<\/p>\n<p>&nbsp;<\/p>\n<p>&nbsp;<\/p>\n<p>&nbsp;<\/p>","protected":false},"excerpt":{"rendered":"<p>\u00dcberzugstrommel zum Auftragen eines Zucker\u00fcberzugs auf aus St\u00e4rke geformte Produkte wie Gelees und Gummis.<\/p>","protected":false},"featured_media":2866,"comment_status":"open","ping_status":"closed","template":"","meta":{"uix_meta_title":"","uix_meta_description":"","uix_canonical_url":""},"product_brand":[],"product_cat":[104],"product_tag":[],"class_list":{"0":"post-2868","1":"product","2":"type-product","3":"status-publish","4":"has-post-thumbnail","6":"product_cat-processing","8":"first","9":"instock","10":"shipping-taxable","11":"product-type-simple"},"_links":{"self":[{"href":"https:\/\/cormac.eu\/de\/wp-json\/wp\/v2\/product\/2868","targetHints":{"allow":["GET"]}}],"collection":[{"href":"https:\/\/cormac.eu\/de\/wp-json\/wp\/v2\/product"}],"about":[{"href":"https:\/\/cormac.eu\/de\/wp-json\/wp\/v2\/types\/product"}],"replies":[{"embeddable":true,"href":"https:\/\/cormac.eu\/de\/wp-json\/wp\/v2\/comments?post=2868"}],"wp:featuredmedia":[{"embeddable":true,"href":"https:\/\/cormac.eu\/de\/wp-json\/wp\/v2\/media\/2866"}],"wp:attachment":[{"href":"https:\/\/cormac.eu\/de\/wp-json\/wp\/v2\/media?parent=2868"}],"wp:term":[{"taxonomy":"product_brand","embeddable":true,"href":"https:\/\/cormac.eu\/de\/wp-json\/wp\/v2\/product_brand?post=2868"},{"taxonomy":"product_cat","embeddable":true,"href":"https:\/\/cormac.eu\/de\/wp-json\/wp\/v2\/product_cat?post=2868"},{"taxonomy":"product_tag","embeddable":true,"href":"https:\/\/cormac.eu\/de\/wp-json\/wp\/v2\/product_tag?post=2868"}],"curies":[{"name":"wp","href":"https:\/\/api.w.org\/{rel}","templated":true}]}}