{"id":2865,"date":"2022-04-24T11:24:01","date_gmt":"2022-04-24T09:24:01","guid":{"rendered":"https:\/\/cormac.eu\/?post_type=product&#038;p=2865"},"modified":"2022-04-24T11:36:31","modified_gmt":"2022-04-24T09:36:31","slug":"olfass-2","status":"publish","type":"product","link":"https:\/\/cormac.eu\/de\/product\/oiling-drum\/","title":{"rendered":"\u00d6len des Fasses"},"content":{"rendered":"<p>Die Vomashine ist eine \u00d6ltrommel zum Auftragen einer gl\u00e4nzenden Beschichtung auf Produkte wie Gelees und Gummis. Dies geschieht, nachdem das Pulver aus dem Produkt entfernt wurde. Die Drehgeschwindigkeit der Trommel ist frequenzgesteuert. Die Trommel kann sich nach links und rechts drehen. Die eine Drehrichtung ist f\u00fcr die Produktion, die andere f\u00fcr die Entleerung. Diese Maschinen haben ein hygienisches Design und sind komplett aus rostfreiem Stahl gefertigt. Die Kapazit\u00e4t reicht von 1.000 bis 5.000 kg\/Std.<\/p>\n<p><img decoding=\"async\" class=\"alignnone size-medium wp-image-2871\" src=\"https:\/\/cormac.eu\/wp-content\/uploads\/2022\/04\/iStock_000051985832_Large-300x161.jpg\" alt=\"\" width=\"300\" height=\"161\" srcset=\"https:\/\/cormac.eu\/wp-content\/uploads\/2022\/04\/iStock_000051985832_Large-300x161.jpg 300w, https:\/\/cormac.eu\/wp-content\/uploads\/2022\/04\/iStock_000051985832_Large-1024x549.jpg 1024w, https:\/\/cormac.eu\/wp-content\/uploads\/2022\/04\/iStock_000051985832_Large-768x412.jpg 768w, https:\/\/cormac.eu\/wp-content\/uploads\/2022\/04\/iStock_000051985832_Large-1536x823.jpg 1536w, https:\/\/cormac.eu\/wp-content\/uploads\/2022\/04\/iStock_000051985832_Large-2048x1097.jpg 2048w, https:\/\/cormac.eu\/wp-content\/uploads\/2022\/04\/iStock_000051985832_Large-600x321.jpg 600w\" sizes=\"(max-width: 300px) 100vw, 300px\" \/><\/p>\n<p>&nbsp;<\/p>\n<table style=\"height: 365px\" width=\"560\">\n<tbody>\n<tr>\n<td width=\"159\">\u00a0<strong>Eigenschaften<\/strong><\/td>\n<td width=\"159\">\u00a0<strong>Vorteile<\/strong><\/td>\n<\/tr>\n<tr>\n<td>\u00a0Robuste Konstruktion<\/td>\n<td>\n<ul>\n<li>lange technische Lebensdauer<\/li>\n<li>geringer Wartungsaufwand<\/li>\n<\/ul>\n<\/td>\n<\/tr>\n<tr>\n<td>\u00a0Konstruktion aus rostfreiem Stahl<\/td>\n<td>\n<ul>\n<li>hygenisch<\/li>\n<li>leichte Reinigung<\/li>\n<\/ul>\n<\/td>\n<\/tr>\n<tr>\n<td>\u00a0frequenzgeregelter Antrieb<\/td>\n<td>\n<ul>\n<li>Kontrolle der Drehgeschwindigkeit<\/li>\n<\/ul>\n<\/td>\n<\/tr>\n<\/tbody>\n<\/table>","protected":false},"excerpt":{"rendered":"<p>OIling-Trommel zum Auftragen einer gl\u00e4nzenden Beschichtung auf aus St\u00e4rke geformte S\u00fc\u00dfwaren.<\/p>","protected":false},"featured_media":2864,"comment_status":"open","ping_status":"closed","template":"","meta":{"uix_meta_title":"","uix_meta_description":"","uix_canonical_url":""},"product_brand":[],"product_cat":[104],"product_tag":[],"class_list":{"0":"post-2865","1":"product","2":"type-product","3":"status-publish","4":"has-post-thumbnail","6":"product_cat-processing","8":"first","9":"instock","10":"shipping-taxable","11":"product-type-simple"},"_links":{"self":[{"href":"https:\/\/cormac.eu\/de\/wp-json\/wp\/v2\/product\/2865","targetHints":{"allow":["GET"]}}],"collection":[{"href":"https:\/\/cormac.eu\/de\/wp-json\/wp\/v2\/product"}],"about":[{"href":"https:\/\/cormac.eu\/de\/wp-json\/wp\/v2\/types\/product"}],"replies":[{"embeddable":true,"href":"https:\/\/cormac.eu\/de\/wp-json\/wp\/v2\/comments?post=2865"}],"wp:featuredmedia":[{"embeddable":true,"href":"https:\/\/cormac.eu\/de\/wp-json\/wp\/v2\/media\/2864"}],"wp:attachment":[{"href":"https:\/\/cormac.eu\/de\/wp-json\/wp\/v2\/media?parent=2865"}],"wp:term":[{"taxonomy":"product_brand","embeddable":true,"href":"https:\/\/cormac.eu\/de\/wp-json\/wp\/v2\/product_brand?post=2865"},{"taxonomy":"product_cat","embeddable":true,"href":"https:\/\/cormac.eu\/de\/wp-json\/wp\/v2\/product_cat?post=2865"},{"taxonomy":"product_tag","embeddable":true,"href":"https:\/\/cormac.eu\/de\/wp-json\/wp\/v2\/product_tag?post=2865"}],"curies":[{"name":"wp","href":"https:\/\/api.w.org\/{rel}","templated":true}]}}