{"id":2863,"date":"2022-04-24T11:20:17","date_gmt":"2022-04-24T09:20:17","guid":{"rendered":"https:\/\/cormac.eu\/?post_type=product&#038;p=2863"},"modified":"2022-04-24T11:20:17","modified_gmt":"2022-04-24T09:20:17","slug":"chargenkocher-2","status":"publish","type":"product","link":"https:\/\/cormac.eu\/de\/product\/batch-cooker\/","title":{"rendered":"Batch-Kocher"},"content":{"rendered":"<p>Der Chargenkocher hat die Form einer Halbkugel mit Dampfmantel (doppelwandig). Sie sind mit Ankerr\u00fchrern, mit und ohne Teflonabstreifer ausgestattet. Die Kessel werden mit oder ohne Vakuum geliefert und k\u00f6nnen f\u00fcr die Entleerung unter Druck gebaut werden. Diese Kessel sind aus rostfreiem Stahl gefertigt und k\u00f6nnen entweder manuell oder automatisch betrieben werden. Sie sind in verschiedenen Gr\u00f6\u00dfen und in einer gro\u00dfen Vielfalt von Ausf\u00fchrungen erh\u00e4ltlich. Es ist auch m\u00f6glich, eine Doppelausf\u00fchrung zu haben, um die Kapazit\u00e4t zu erh\u00f6hen und ein halbkontinuierliches Kochen zu erm\u00f6glichen. Leistungsbereich: 100 kg, 250 kg, 500 kg.  F\u00fcr Kapazit\u00e4ten von mehr als 500 kg\/h empfehlen wir in der Regel einen Durchlaufkocher.<\/p>\n<p>&nbsp;<\/p>\n<table style=\"height: 386px\" width=\"612\">\n<tbody>\n<tr>\n<td width=\"165\">\u00a0<strong>Eigenschaften<\/strong><\/td>\n<td width=\"165\">\u00a0<strong>Vorteile<\/strong><\/td>\n<\/tr>\n<tr>\n<td>\u00a0Rostfreier Stahl<\/td>\n<td>\n<ul>\n<li>hygienisch<\/li>\n<li>leichte Reinigung<\/li>\n<li>robust<\/li>\n<\/ul>\n<\/td>\n<\/tr>\n<tr>\n<td>\u00a0doppelwandig<\/td>\n<td>\n<ul>\n<li>hervorragende W\u00e4rme\u00fcbertragung<\/li>\n<\/ul>\n<\/td>\n<\/tr>\n<tr>\n<td>\u00a0Ankerr\u00fchrer wahlweise mit<br \/>\nTeflonschaber<\/td>\n<td>\n<ul>\n<li>gute Vermischung<\/li>\n<li>keine Verbrennung<\/li>\n<li>saubere Innenw\u00e4nde<\/li>\n<\/ul>\n<\/td>\n<\/tr>\n<\/tbody>\n<\/table>\n<p>&nbsp;<\/p>","protected":false},"excerpt":{"rendered":"<p>Batch-Kocher f\u00fcr Zuckermassen.<\/p>","protected":false},"featured_media":2862,"comment_status":"open","ping_status":"closed","template":"","meta":{"uix_meta_title":"","uix_meta_description":"","uix_canonical_url":""},"product_brand":[],"product_cat":[104],"product_tag":[],"class_list":{"0":"post-2863","1":"product","2":"type-product","3":"status-publish","4":"has-post-thumbnail","6":"product_cat-processing","8":"first","9":"instock","10":"shipping-taxable","11":"product-type-simple"},"_links":{"self":[{"href":"https:\/\/cormac.eu\/de\/wp-json\/wp\/v2\/product\/2863","targetHints":{"allow":["GET"]}}],"collection":[{"href":"https:\/\/cormac.eu\/de\/wp-json\/wp\/v2\/product"}],"about":[{"href":"https:\/\/cormac.eu\/de\/wp-json\/wp\/v2\/types\/product"}],"replies":[{"embeddable":true,"href":"https:\/\/cormac.eu\/de\/wp-json\/wp\/v2\/comments?post=2863"}],"wp:featuredmedia":[{"embeddable":true,"href":"https:\/\/cormac.eu\/de\/wp-json\/wp\/v2\/media\/2862"}],"wp:attachment":[{"href":"https:\/\/cormac.eu\/de\/wp-json\/wp\/v2\/media?parent=2863"}],"wp:term":[{"taxonomy":"product_brand","embeddable":true,"href":"https:\/\/cormac.eu\/de\/wp-json\/wp\/v2\/product_brand?post=2863"},{"taxonomy":"product_cat","embeddable":true,"href":"https:\/\/cormac.eu\/de\/wp-json\/wp\/v2\/product_cat?post=2863"},{"taxonomy":"product_tag","embeddable":true,"href":"https:\/\/cormac.eu\/de\/wp-json\/wp\/v2\/product_tag?post=2863"}],"curies":[{"name":"wp","href":"https:\/\/api.w.org\/{rel}","templated":true}]}}