{"id":2857,"date":"2022-04-24T10:56:55","date_gmt":"2022-04-24T08:56:55","guid":{"rendered":"https:\/\/cormac.eu\/?post_type=product&#038;p=2857"},"modified":"2022-04-24T11:01:45","modified_gmt":"2022-04-24T09:01:45","slug":"farb-und-sauredosierstation-2","status":"publish","type":"product","link":"https:\/\/cormac.eu\/de\/product\/colour-and-acid-dosing-station\/","title":{"rendered":"Farb- und S\u00e4uredosierstation"},"content":{"rendered":"<p>Mit dem Vomados-Dosiersystem werden Farben, Aromen und S\u00e4ure INLINE eingespritzt. Dieses System kann in verschiedenen Ausf\u00fchrungen hergestellt werden. Die einfachste ist ein Vomados 1+1+1, f\u00fcr 1 Farb-, 1 Aroma- und 1 S\u00e4ureinjektion. Die Kapazit\u00e4t kann jedoch vollst\u00e4ndig auf die Kapazit\u00e4t der K\u00fcche, die Rezepturen des Kunden und die Anzahl der ben\u00f6tigten Farben und Aromen abgestimmt werden. Eine h\u00e4ufig gelieferte Ausf\u00fchrung ist zum Beispiel der Vomados 6+6+1 Flow. Das bedeutet, dass der Hauptstrom in 6 Str\u00f6me (Flows) aufgeteilt wird, in die 6 Farben, 6 Aromen und 1 S\u00e4ure eingespritzt werden. Es sind immer zwei Farbpumpen gekoppelt und haben einen gemeinsamen frequenzgesteuerten Antrieb. Das Gleiche gilt f\u00fcr die Aromapumpen. Die Pumpenk\u00f6pfe werden durch frequenzgesteuerte Elektromotoren angetrieben. Die Pumpenleistungen werden \u00fcber einen Drehknopf mit Mikrometeranzeige eingestellt. Der Antrieb wird mit Hilfe eines elektrischen Durchflussmessers gesteuert, der den Zuckerdurchfluss misst und diese Information an die Frequenzsteuerung weitergibt. Die S\u00e4ureeinspritzpumpe hat einen eigenen frequenzgeregelten Antrieb und einen eigenen Durchflussmesser im Hauptstrom. Ein Durchflusserkennungssystem \u00fcberwacht das ordnungsgem\u00e4\u00dfe Funktionieren der S\u00e4ure- und Aromapumpen. Die eingespritzten Fl\u00fcssigkeiten werden mit Hilfe von statischen Mischern homogenisiert (gr\u00fcndlich gemischt). Das Injektionssystem kann leicht mit warmem Wasser gereinigt werden. Ablasspunkte im Rohrsystem sorgen f\u00fcr minimale Verluste der teuren Zusatzstoffe.<\/p>\n<p>&nbsp;<\/p>\n<p><img fetchpriority=\"high\" decoding=\"async\" class=\"alignnone size-medium wp-image-2858\" src=\"https:\/\/cormac.eu\/wp-content\/uploads\/2022\/04\/Vomados-2-300x208.jpg\" alt=\"\" width=\"300\" height=\"208\" srcset=\"https:\/\/cormac.eu\/wp-content\/uploads\/2022\/04\/Vomados-2-300x208.jpg 300w, https:\/\/cormac.eu\/wp-content\/uploads\/2022\/04\/Vomados-2-1024x709.jpg 1024w, https:\/\/cormac.eu\/wp-content\/uploads\/2022\/04\/Vomados-2-768x532.jpg 768w, https:\/\/cormac.eu\/wp-content\/uploads\/2022\/04\/Vomados-2-1536x1064.jpg 1536w, https:\/\/cormac.eu\/wp-content\/uploads\/2022\/04\/Vomados-2-2048x1418.jpg 2048w, https:\/\/cormac.eu\/wp-content\/uploads\/2022\/04\/Vomados-2-600x416.jpg 600w\" sizes=\"(max-width: 300px) 100vw, 300px\" \/><\/p>\n<p>&nbsp;<\/p>\n<table style=\"height: 499px\" width=\"690\">\n<tbody>\n<tr>\n<td width=\"197\">\u00a0<strong>Eigenschaften<\/strong><\/td>\n<td width=\"197\">\u00a0<strong>Vorteile<\/strong><\/td>\n<\/tr>\n<tr>\n<td>\u00a0eine Einheit auf Kufe<\/td>\n<td>\n<ul>\n<li>leicht zu integrieren<\/li>\n<\/ul>\n<\/td>\n<\/tr>\n<tr>\n<td>\u00a0elektrische Durchflussmesser<\/td>\n<td>\n<ul>\n<li>Dosiersteuerung<\/li>\n<\/ul>\n<\/td>\n<\/tr>\n<tr>\n<td>\u00a0Durchflusserkennungssystem<\/td>\n<td>\n<ul>\n<li>Alarmfunktion<\/li>\n<li>gew\u00e4hrleistet das reibungslose Funktionieren von S\u00e4ure und<br \/>\nAromapumpen<\/li>\n<\/ul>\n<\/td>\n<\/tr>\n<tr>\n<td>\u00a0Statikmischer<\/td>\n<td>\n<ul>\n<li>Homogenisierung<\/li>\n<li>leichte Reinigung<\/li>\n<\/ul>\n<\/td>\n<\/tr>\n<tr>\n<td>Entleerungsstellen im Rohrsystem<\/td>\n<td>\n<ul>\n<li>Min. Verlust von Inhaltsstoffen<\/li>\n<\/ul>\n<\/td>\n<\/tr>\n<\/tbody>\n<\/table>","protected":false},"excerpt":{"rendered":"<p>Dosierstation f\u00fcr die automatische Dosierung von Aromen, Farben und S\u00e4ure in einer kontinuierlichen Kochlinie.<\/p>","protected":false},"featured_media":2856,"comment_status":"open","ping_status":"closed","template":"","meta":{"uix_meta_title":"","uix_meta_description":"","uix_canonical_url":""},"product_brand":[],"product_cat":[104],"product_tag":[],"class_list":{"0":"post-2857","1":"product","2":"type-product","3":"status-publish","4":"has-post-thumbnail","6":"product_cat-processing","8":"first","9":"instock","10":"shipping-taxable","11":"product-type-simple"},"_links":{"self":[{"href":"https:\/\/cormac.eu\/de\/wp-json\/wp\/v2\/product\/2857","targetHints":{"allow":["GET"]}}],"collection":[{"href":"https:\/\/cormac.eu\/de\/wp-json\/wp\/v2\/product"}],"about":[{"href":"https:\/\/cormac.eu\/de\/wp-json\/wp\/v2\/types\/product"}],"replies":[{"embeddable":true,"href":"https:\/\/cormac.eu\/de\/wp-json\/wp\/v2\/comments?post=2857"}],"wp:featuredmedia":[{"embeddable":true,"href":"https:\/\/cormac.eu\/de\/wp-json\/wp\/v2\/media\/2856"}],"wp:attachment":[{"href":"https:\/\/cormac.eu\/de\/wp-json\/wp\/v2\/media?parent=2857"}],"wp:term":[{"taxonomy":"product_brand","embeddable":true,"href":"https:\/\/cormac.eu\/de\/wp-json\/wp\/v2\/product_brand?post=2857"},{"taxonomy":"product_cat","embeddable":true,"href":"https:\/\/cormac.eu\/de\/wp-json\/wp\/v2\/product_cat?post=2857"},{"taxonomy":"product_tag","embeddable":true,"href":"https:\/\/cormac.eu\/de\/wp-json\/wp\/v2\/product_tag?post=2857"}],"curies":[{"name":"wp","href":"https:\/\/api.w.org\/{rel}","templated":true}]}}