{"id":2849,"date":"2022-04-24T10:01:33","date_gmt":"2022-04-24T08:01:33","guid":{"rendered":"https:\/\/cormac.eu\/?post_type=product&#038;p=2849"},"modified":"2022-04-24T11:37:04","modified_gmt":"2022-04-24T09:37:04","slug":"schlusselfertige-kochanlage-2","status":"publish","type":"product","link":"https:\/\/cormac.eu\/de\/product\/turn-key-cooking-installation\/","title":{"rendered":"Schl\u00fcsselfertige komplette Produktionsk\u00fcche"},"content":{"rendered":"<p>Eine vollautomatische Produktionsk\u00fcche, gebaut auf einem Skid, bereit f\u00fcr Plug &amp; Play Anschluss. Diese Bauweise erm\u00f6glicht eine platzsparende Installation. Jede Anlage wird vollst\u00e4ndig kundenspezifisch gebaut. Eine solche Produktionsk\u00fcche kann ein automatisches Wiegen und Dosieren der Zutaten, eine Vormischungs- und Mischanlage, einen Durchlaufkocher, einen Dampfinjektionsstrahlkocher, die Vakuumkammer, den zentralen Schaltschrank mit der Siemens SPS sowie eine Dosieranlage f\u00fcr Aromen, Farben und S\u00e4ure umfassen. Kapazit\u00e4t bis zu 3 Tonnen pro Stunde.<\/p>\n<p><img fetchpriority=\"high\" decoding=\"async\" class=\"alignnone size-medium wp-image-2869\" src=\"https:\/\/cormac.eu\/wp-content\/uploads\/2022\/04\/Candy-iStock_000012762654_Large-300x199.jpg\" alt=\"\" width=\"300\" height=\"199\" srcset=\"https:\/\/cormac.eu\/wp-content\/uploads\/2022\/04\/Candy-iStock_000012762654_Large-300x199.jpg 300w, https:\/\/cormac.eu\/wp-content\/uploads\/2022\/04\/Candy-iStock_000012762654_Large-1024x680.jpg 1024w, https:\/\/cormac.eu\/wp-content\/uploads\/2022\/04\/Candy-iStock_000012762654_Large-768x510.jpg 768w, https:\/\/cormac.eu\/wp-content\/uploads\/2022\/04\/Candy-iStock_000012762654_Large-1536x1019.jpg 1536w, https:\/\/cormac.eu\/wp-content\/uploads\/2022\/04\/Candy-iStock_000012762654_Large-2048x1359.jpg 2048w, https:\/\/cormac.eu\/wp-content\/uploads\/2022\/04\/Candy-iStock_000012762654_Large-600x398.jpg 600w\" sizes=\"(max-width: 300px) 100vw, 300px\" \/><\/p>\n<p>&nbsp;<\/p>\n<table style=\"height: 396px\" width=\"547\">\n<tbody>\n<tr>\n<td width=\"179\">\u00a0<strong>Eigenschaften<\/strong><\/td>\n<td width=\"179\">\u00a0<strong>Vorteile<\/strong><\/td>\n<\/tr>\n<tr>\n<td>\u00a0auf Kufen gebaut<\/td>\n<td>\n<ul>\n<li>einfache Installation<\/li>\n<li>kompakt<\/li>\n<\/ul>\n<\/td>\n<\/tr>\n<tr>\n<td>\u00a0komplett aus Edelstahl<\/td>\n<td>\n<ul>\n<li>hygenisch<\/li>\n<li>leichte Reinigung<\/li>\n<\/ul>\n<\/td>\n<\/tr>\n<tr>\n<td>\u00a0PLC-gesteuert<\/td>\n<td>\n<ul>\n<li>vollst\u00e4ndige Prozesskontrolle<\/li>\n<li>Aufbewahrung von Rezepten<\/li>\n<\/ul>\n<\/td>\n<\/tr>\n<tr>\n<td>\u00a0Sonderanfertigung<\/td>\n<td>\n<ul>\n<li>gebaut nach Kundenspezifikation<\/li>\n<\/ul>\n<\/td>\n<\/tr>\n<\/tbody>\n<\/table>","protected":false},"excerpt":{"rendered":"<p>Vollautomatische Produktionsk\u00fcche nach Kundenwunsch, auf Skid gebaut, kompakt, Plug &amp; Play. Geeignet f\u00fcr die Herstellung von gekochten Zuckerwaren, einschlie\u00dflich Gelees und Gummis, Marshmallows, Kaubonbons, Lakritze, Fondant, Nougat, Hartbonbons, zuckerfreie Artikel, usw.<\/p>","protected":false},"featured_media":2853,"comment_status":"open","ping_status":"closed","template":"","meta":{"uix_meta_title":"","uix_meta_description":"","uix_canonical_url":""},"product_brand":[],"product_cat":[104],"product_tag":[],"class_list":{"0":"post-2849","1":"product","2":"type-product","3":"status-publish","4":"has-post-thumbnail","6":"product_cat-processing","8":"first","9":"instock","10":"shipping-taxable","11":"product-type-simple"},"_links":{"self":[{"href":"https:\/\/cormac.eu\/de\/wp-json\/wp\/v2\/product\/2849","targetHints":{"allow":["GET"]}}],"collection":[{"href":"https:\/\/cormac.eu\/de\/wp-json\/wp\/v2\/product"}],"about":[{"href":"https:\/\/cormac.eu\/de\/wp-json\/wp\/v2\/types\/product"}],"replies":[{"embeddable":true,"href":"https:\/\/cormac.eu\/de\/wp-json\/wp\/v2\/comments?post=2849"}],"wp:featuredmedia":[{"embeddable":true,"href":"https:\/\/cormac.eu\/de\/wp-json\/wp\/v2\/media\/2853"}],"wp:attachment":[{"href":"https:\/\/cormac.eu\/de\/wp-json\/wp\/v2\/media?parent=2849"}],"wp:term":[{"taxonomy":"product_brand","embeddable":true,"href":"https:\/\/cormac.eu\/de\/wp-json\/wp\/v2\/product_brand?post=2849"},{"taxonomy":"product_cat","embeddable":true,"href":"https:\/\/cormac.eu\/de\/wp-json\/wp\/v2\/product_cat?post=2849"},{"taxonomy":"product_tag","embeddable":true,"href":"https:\/\/cormac.eu\/de\/wp-json\/wp\/v2\/product_tag?post=2849"}],"curies":[{"name":"wp","href":"https:\/\/api.w.org\/{rel}","templated":true}]}}