{"id":2847,"date":"2022-04-24T09:58:59","date_gmt":"2022-04-24T07:58:59","guid":{"rendered":"https:\/\/cormac.eu\/?post_type=product&#038;p=2847"},"modified":"2022-04-24T09:58:59","modified_gmt":"2022-04-24T07:58:59","slug":"speedmixer","status":"publish","type":"product","link":"https:\/\/cormac.eu\/de\/product\/speedmixer\/","title":{"rendered":"Speedmixer"},"content":{"rendered":"<p>Der speedmix ist eine gute L\u00f6sung f\u00fcr viele Mischprobleme.  Bei der speedmix-Mischturbine ist die Rotationswelle durch ein Mantelrohr gesch\u00fctzt. Unterhalb dieses Rohres ist eine Stauschleuse angebracht, in der sich der Propeller dreht. Diese Stauschleuse wirkt wie eine Pumpe und verursacht eine axiale Str\u00f6mung. Das Mantelrohr verhindert, dass ein Wirbel entlang der schnell drehenden Welle aufsteigt. Die Axialstrompatrone des speedmix garantiert eine intensive Durchmischung ohne Luftsto\u00df zwischen den zu mischenden Fl\u00fcssigkeiten mit Pulvern und Granulaten, auch bei hohen Drehzahlen. Der speedmix kann zum Mischen, Homogenisieren, Dispergieren, Suspendieren und L\u00f6sen einer Vielzahl von Massen eingesetzt werden. Leistungsbereich: von 0,75 bis 30 kW , 750 - 3000 U\/min.<\/p>\n<p><img fetchpriority=\"high\" decoding=\"async\" class=\"alignnone size-medium wp-image-2846\" src=\"https:\/\/cormac.eu\/wp-content\/uploads\/2022\/04\/Speedmix4-200x300.jpg\" alt=\"\" width=\"200\" height=\"300\" srcset=\"https:\/\/cormac.eu\/wp-content\/uploads\/2022\/04\/Speedmix4-200x300.jpg 200w, https:\/\/cormac.eu\/wp-content\/uploads\/2022\/04\/Speedmix4-681x1024.jpg 681w, https:\/\/cormac.eu\/wp-content\/uploads\/2022\/04\/Speedmix4-768x1154.jpg 768w, https:\/\/cormac.eu\/wp-content\/uploads\/2022\/04\/Speedmix4-1022x1536.jpg 1022w, https:\/\/cormac.eu\/wp-content\/uploads\/2022\/04\/Speedmix4-1363x2048.jpg 1363w, https:\/\/cormac.eu\/wp-content\/uploads\/2022\/04\/Speedmix4-600x902.jpg 600w, https:\/\/cormac.eu\/wp-content\/uploads\/2022\/04\/Speedmix4-scaled.jpg 1703w\" sizes=\"(max-width: 200px) 100vw, 200px\" \/><\/p>\n<table style=\"height: 514px\" width=\"653\">\n<tbody>\n<tr>\n<td width=\"252\">\u00a0<strong>Eigenschaften<\/strong><\/td>\n<td width=\"249\">\u00a0<strong>Vorteile<\/strong><\/td>\n<\/tr>\n<tr>\n<td>\u00a0Stufenlos frequenzgeregelter Drehzahlantrieb<\/td>\n<td>\n<ul>\n<li>Geschwindigkeitskontrolle<\/li>\n<\/ul>\n<\/td>\n<\/tr>\n<tr>\n<td>\u00a0Hervorragende Schwei\u00dftechnik<\/td>\n<td>\n<ul>\n<li>hygienische Ausf\u00fchrung<\/li>\n<li>keine Haarrisse im Stahl<\/li>\n<li>einfache Reinigung und Sp\u00fclung<\/li>\n<\/ul>\n<\/td>\n<\/tr>\n<tr>\n<td>\u00a0Konstruktion aus rostfreiem Stahl<\/td>\n<td>\n<ul>\n<li>hygenisch<\/li>\n<li>leichte Reinigung<\/li>\n<\/ul>\n<\/td>\n<\/tr>\n<tr>\n<td>\u00a0Ber\u00fchrungsloses Bearring-Produkt<\/td>\n<td>\n<ul>\n<li>keine Verunreinigung<\/li>\n<li>Hygiene<\/li>\n<\/ul>\n<\/td>\n<\/tr>\n<tr>\n<td>Standardisierte Flansche<\/td>\n<td>\n<ul>\n<li>einfacher Austausch und Wartung<\/li>\n<\/ul>\n<\/td>\n<\/tr>\n<\/tbody>\n<\/table>\n<p>&nbsp;<\/p>\n<p>&nbsp;<\/p>","protected":false},"excerpt":{"rendered":"<p>Speedmixer zum Mischen, Homogenisieren, Dispergieren, Suspendieren und L\u00f6sen einer breiten Palette von Massen.<\/p>","protected":false},"featured_media":2845,"comment_status":"open","ping_status":"closed","template":"","meta":{"uix_meta_title":"","uix_meta_description":"","uix_canonical_url":""},"product_brand":[],"product_cat":[104],"product_tag":[],"class_list":{"0":"post-2847","1":"product","2":"type-product","3":"status-publish","4":"has-post-thumbnail","6":"product_cat-processing","8":"first","9":"instock","10":"shipping-taxable","11":"product-type-simple"},"_links":{"self":[{"href":"https:\/\/cormac.eu\/de\/wp-json\/wp\/v2\/product\/2847","targetHints":{"allow":["GET"]}}],"collection":[{"href":"https:\/\/cormac.eu\/de\/wp-json\/wp\/v2\/product"}],"about":[{"href":"https:\/\/cormac.eu\/de\/wp-json\/wp\/v2\/types\/product"}],"replies":[{"embeddable":true,"href":"https:\/\/cormac.eu\/de\/wp-json\/wp\/v2\/comments?post=2847"}],"wp:featuredmedia":[{"embeddable":true,"href":"https:\/\/cormac.eu\/de\/wp-json\/wp\/v2\/media\/2845"}],"wp:attachment":[{"href":"https:\/\/cormac.eu\/de\/wp-json\/wp\/v2\/media?parent=2847"}],"wp:term":[{"taxonomy":"product_brand","embeddable":true,"href":"https:\/\/cormac.eu\/de\/wp-json\/wp\/v2\/product_brand?post=2847"},{"taxonomy":"product_cat","embeddable":true,"href":"https:\/\/cormac.eu\/de\/wp-json\/wp\/v2\/product_cat?post=2847"},{"taxonomy":"product_tag","embeddable":true,"href":"https:\/\/cormac.eu\/de\/wp-json\/wp\/v2\/product_tag?post=2847"}],"curies":[{"name":"wp","href":"https:\/\/api.w.org\/{rel}","templated":true}]}}