{"id":2840,"date":"2022-04-24T09:05:50","date_gmt":"2022-04-24T07:05:50","guid":{"rendered":"https:\/\/cormac.eu\/?post_type=product&#038;p=2840"},"modified":"2022-04-24T09:12:47","modified_gmt":"2022-04-24T07:12:47","slug":"kontinuierliches-kochsystem-2","status":"publish","type":"product","link":"https:\/\/cormac.eu\/de\/product\/continuous-cooking-system\/","title":{"rendered":"Kontinuierliches Kochsystem"},"content":{"rendered":"<p>Der Vomadiss ist ein revolution\u00e4res Kochsystem, das von Vomatec entwickelt und patentiert wurde. Es handelt sich um ein horizontales Kochsystem, das aus einem zylindrischen Kochbeh\u00e4lter besteht, in dem sich eine Reihe von Rohren befindet. Die Rohre sind mit statischen Mischern versehen, die ein schnelles Aufheizen der Masse erm\u00f6glichen, die durch die Rohre gepumpt wird.<\/p>\n<p><img decoding=\"async\" class=\"alignnone size-medium wp-image-2841\" src=\"https:\/\/cormac.eu\/wp-content\/uploads\/2022\/04\/Vomadiss-internal-2-300x153.jpg\" alt=\"\" width=\"300\" height=\"153\" srcset=\"https:\/\/cormac.eu\/wp-content\/uploads\/2022\/04\/Vomadiss-internal-2-300x153.jpg 300w, https:\/\/cormac.eu\/wp-content\/uploads\/2022\/04\/Vomadiss-internal-2.jpg 400w\" sizes=\"(max-width: 300px) 100vw, 300px\" \/><\/p>\n<p>Diese Erfindung reduziert die Kochzeiten auf etwa 30% der \u00fcblichen Kochzeiten, was zu Einsparungen beim Energieverbrauch und bei den Kosten f\u00fchrt. Die durchschnittliche Verweilzeit im Kocher betr\u00e4gt zwischen 60 und 90 Sekunden. Diese kurze Verweilzeit tr\u00e4gt zur Umkehrung des gegarten Produkts bei. Dadurch ist es m\u00f6glich, dass hitzeempfindliche Zutaten wie Gelatine mit der Masse gekocht werden k\u00f6nnen. Der Vomadiss l\u00e4sst sich leicht \u00f6ffnen und mit Wasser und Dampf reinigen. Dies ist ein gro\u00dfer Vorteil im Vergleich zu anderen Systemen.<\/p>\n<p><img fetchpriority=\"high\" decoding=\"async\" class=\"alignnone  wp-image-2842\" src=\"https:\/\/cormac.eu\/wp-content\/uploads\/2022\/04\/Vomadiss-showing-static-mixers-3.jpg\" alt=\"\" width=\"267\" height=\"215\" \/><\/p>\n<p>Die Produktzuf\u00fchrungsrohre des Kochers sind mit zus\u00e4tzlichen Vorkehrungen versehen, so dass im Falle einer Stromunterbrechung der Kocher sauber geblasen werden kann und keine Verbrennungen auftreten. Das Innere des Kochers kann durch Abnehmen der Kopfplatten aus Edelstahl leicht \u00fcberpr\u00fcft werden. Der Vomadiss ist f\u00fcr die meisten Zuckerprodukte oder Zuckeraustauschstoffe geeignet und wird je nach Produkt mit oder ohne Vakuumkammer geliefert. Die Vakuumkammer dient zur Absaugung des Kochdampfes mittels Vakuum. Der Dampf wird in einem Kondensator kondensiert. Gleichzeitig wird die Temperatur der gekochten Masse heruntergek\u00fchlt.<\/p>\n<p>&nbsp;<\/p>\n<table style=\"height: 578px\" width=\"634\">\n<tbody>\n<tr>\n<td width=\"182\">\u00a0<strong>Eigenschaften<\/strong><\/td>\n<td width=\"182\">\u00a0<strong>Vorteile<\/strong><\/td>\n<\/tr>\n<tr>\n<td>\u00a0auf Rahmen montiert<\/td>\n<td>\n<ul>\n<li>kompakt<\/li>\n<li>einfache Installation<\/li>\n<\/ul>\n<\/td>\n<\/tr>\n<tr>\n<td>\u00a0verschraubte Seitenplatte<\/td>\n<td>\n<ul>\n<li>leichtes \u00d6ffnen<\/li>\n<li>Entnahme von statischen Mischern<\/li>\n<li>leichte Reinigung<\/li>\n<\/ul>\n<\/td>\n<\/tr>\n<tr>\n<td>\u00a0Rohre und statische Mischer<\/td>\n<td>\n<ul>\n<li>kurze Garzeiten<\/li>\n<li>keine Produktverbrennung<\/li>\n<li>Energieeinsparungen<\/li>\n<\/ul>\n<\/td>\n<\/tr>\n<tr>\n<td>\u00a0angeschlossene Vakuumkammer<\/td>\n<td>\n<ul>\n<li>effiziente Abk\u00fchlung der Masse<\/li>\n<li>schnelle Absaugung des Dampfes<\/li>\n<li>Ausf\u00fchrungen von harten und weichen S\u00fc\u00dfigkeiten<\/li>\n<\/ul>\n<\/td>\n<\/tr>\n<\/tbody>\n<\/table>","protected":false},"excerpt":{"rendered":"<p>Durchlaufkocher f\u00fcr Zuckermassen wie Gelees und Gummis, Marshmallows, Kaubonbons, Lakritz, Fondant, Nougat, Hard Candy, zuckerfreie Produkte.<\/p>","protected":false},"featured_media":2839,"comment_status":"open","ping_status":"closed","template":"","meta":{"uix_meta_title":"","uix_meta_description":"","uix_canonical_url":""},"product_brand":[],"product_cat":[104],"product_tag":[],"class_list":{"0":"post-2840","1":"product","2":"type-product","3":"status-publish","4":"has-post-thumbnail","6":"product_cat-processing","8":"first","9":"instock","10":"shipping-taxable","11":"product-type-simple"},"_links":{"self":[{"href":"https:\/\/cormac.eu\/de\/wp-json\/wp\/v2\/product\/2840","targetHints":{"allow":["GET"]}}],"collection":[{"href":"https:\/\/cormac.eu\/de\/wp-json\/wp\/v2\/product"}],"about":[{"href":"https:\/\/cormac.eu\/de\/wp-json\/wp\/v2\/types\/product"}],"replies":[{"embeddable":true,"href":"https:\/\/cormac.eu\/de\/wp-json\/wp\/v2\/comments?post=2840"}],"wp:featuredmedia":[{"embeddable":true,"href":"https:\/\/cormac.eu\/de\/wp-json\/wp\/v2\/media\/2839"}],"wp:attachment":[{"href":"https:\/\/cormac.eu\/de\/wp-json\/wp\/v2\/media?parent=2840"}],"wp:term":[{"taxonomy":"product_brand","embeddable":true,"href":"https:\/\/cormac.eu\/de\/wp-json\/wp\/v2\/product_brand?post=2840"},{"taxonomy":"product_cat","embeddable":true,"href":"https:\/\/cormac.eu\/de\/wp-json\/wp\/v2\/product_cat?post=2840"},{"taxonomy":"product_tag","embeddable":true,"href":"https:\/\/cormac.eu\/de\/wp-json\/wp\/v2\/product_tag?post=2840"}],"curies":[{"name":"wp","href":"https:\/\/api.w.org\/{rel}","templated":true}]}}