{"id":2793,"date":"2022-04-22T11:37:24","date_gmt":"2022-04-22T09:37:24","guid":{"rendered":"https:\/\/cormac.eu\/?post_type=product&#038;p=2793"},"modified":"2022-05-30T16:29:02","modified_gmt":"2022-05-30T14:29:02","slug":"durchlaufmischer-2","status":"publish","type":"product","link":"https:\/\/cormac.eu\/de\/product\/continuous-blender\/","title":{"rendered":"Kontinuierlicher Mixer"},"content":{"rendered":"<p>Die neue Trefa-Mischmaschine erm\u00f6glicht das kontinuierliche Mischen und Vermengen mehrerer Zutaten in einer Linie. Das Einzigartige an dieser Maschine ist, dass das Mischen mit einem Minimum an Scherkr\u00e4ften und ohne das Risiko einer Verstopfung oder Besch\u00e4digung der Zutaten oder der empfindlichen Schaumzellenstruktur erfolgt. Wenn sie an eine Trefa-Maschine f\u00fcr kontinuierliches Sch\u00e4umen angeschlossen ist, kann dieser Schaum oder diese Mousse kontinuierlich mit einem anderen Schaum\/einer anderen Mousse oder mit festen Partikeln verschiedener Gr\u00f6\u00dfe wie (trockenen) Fruchtst\u00fccken, Schokolade, N\u00fcssen, Rosinen usw. gemischt werden. In dem speziell entwickelten Mischkopf werden die Zutaten sorgf\u00e4ltig gemischt, ohne dass die Gefahr besteht, dass die Zutaten oder die empfindliche Schaumstruktur besch\u00e4digt werden, was zu einem sehr stabilen und homogenen Endprodukt f\u00fchrt. W\u00e4hrend dieses Prozesses kann der Mischkopf bei Bedarf gek\u00fchlt oder beheizt werden. Diese Maschine kann mit einer Einspritzeinheit f\u00fcr die Einspritzung von Aromen und\/oder Farbe ausgestattet werden. Nat\u00fcrlich wurde diese Maschine mit Blick auf die Hygiene entwickelt und hergestellt, daher ist sie vollst\u00e4ndig aus Edelstahl gefertigt und kann inline gereinigt oder an ein Cleaning In Place (CIP)-System angeschlossen werden.<\/p>\n<p>&nbsp;<\/p>\n<p><img fetchpriority=\"high\" decoding=\"async\" class=\"alignnone size-medium wp-image-2796\" src=\"https:\/\/cormac.eu\/wp-content\/uploads\/2022\/04\/mixing-ingredients-into-batter-300x217.jpg\" alt=\"\" width=\"300\" height=\"217\" srcset=\"https:\/\/cormac.eu\/wp-content\/uploads\/2022\/04\/mixing-ingredients-into-batter-300x217.jpg 300w, https:\/\/cormac.eu\/wp-content\/uploads\/2022\/04\/mixing-ingredients-into-batter.jpg 406w\" sizes=\"(max-width: 300px) 100vw, 300px\" \/><\/p>\n<p>&nbsp;<\/p>\n<table style=\"height: 351px;\" width=\"587\">\n<tbody>\n<tr>\n<td width=\"197\">\u00a0<strong>Eigenschaften<\/strong><\/td>\n<td width=\"197\">\u00a0<strong>Vorteile<\/strong><\/td>\n<\/tr>\n<tr>\n<td>Mischkopf in Sonderausf\u00fchrung<\/td>\n<td>\n<ul>\n<li>geringe Scherung<\/li>\n<li>keine Besch\u00e4digung der empfindlichen Schaumstoffstrukturen<\/li>\n<li>keine Besch\u00e4digung der Inhaltsstoffe<\/li>\n<\/ul>\n<\/td>\n<\/tr>\n<tr>\n<td>Ausf\u00fchrung aus rostfreiem Stahl<\/td>\n<td>\n<ul>\n<li>Hygiene<\/li>\n<li>leicht zu reinigen<\/li>\n<\/ul>\n<\/td>\n<\/tr>\n<tr>\n<td>Ummantelter Mischkopf<\/td>\n<td>\n<ul>\n<li>Temperaturkontrolle<\/li>\n<\/ul>\n<\/td>\n<\/tr>\n<\/tbody>\n<\/table>\n<p>&nbsp;<\/p>","protected":false},"excerpt":{"rendered":"<p>Maschine zum Mischen von (bel\u00fcfteten) Sch\u00e4umen mit anderen Massen oder Zutaten wie Fruchtpartikeln, N\u00fcssen, Schokoladenst\u00fcckchen, Rosinen usw. Die Kapazit\u00e4t reicht von 25 kg\/Std. bis zu 7.500 kg\/Std.<\/p>","protected":false},"featured_media":2794,"comment_status":"open","ping_status":"closed","template":"","meta":{"uix_meta_title":"","uix_meta_description":"","uix_canonical_url":""},"product_brand":[],"product_cat":[104],"product_tag":[],"class_list":{"0":"post-2793","1":"product","2":"type-product","3":"status-publish","4":"has-post-thumbnail","6":"product_cat-processing","8":"first","9":"instock","10":"shipping-taxable","11":"product-type-simple"},"_links":{"self":[{"href":"https:\/\/cormac.eu\/de\/wp-json\/wp\/v2\/product\/2793","targetHints":{"allow":["GET"]}}],"collection":[{"href":"https:\/\/cormac.eu\/de\/wp-json\/wp\/v2\/product"}],"about":[{"href":"https:\/\/cormac.eu\/de\/wp-json\/wp\/v2\/types\/product"}],"replies":[{"embeddable":true,"href":"https:\/\/cormac.eu\/de\/wp-json\/wp\/v2\/comments?post=2793"}],"wp:featuredmedia":[{"embeddable":true,"href":"https:\/\/cormac.eu\/de\/wp-json\/wp\/v2\/media\/2794"}],"wp:attachment":[{"href":"https:\/\/cormac.eu\/de\/wp-json\/wp\/v2\/media?parent=2793"}],"wp:term":[{"taxonomy":"product_brand","embeddable":true,"href":"https:\/\/cormac.eu\/de\/wp-json\/wp\/v2\/product_brand?post=2793"},{"taxonomy":"product_cat","embeddable":true,"href":"https:\/\/cormac.eu\/de\/wp-json\/wp\/v2\/product_cat?post=2793"},{"taxonomy":"product_tag","embeddable":true,"href":"https:\/\/cormac.eu\/de\/wp-json\/wp\/v2\/product_tag?post=2793"}],"curies":[{"name":"wp","href":"https:\/\/api.w.org\/{rel}","templated":true}]}}