{"id":2780,"date":"2022-04-22T10:56:03","date_gmt":"2022-04-22T08:56:03","guid":{"rendered":"https:\/\/cormac.eu\/?post_type=product&#038;p=2780"},"modified":"2022-05-30T16:29:27","modified_gmt":"2022-05-30T14:29:27","slug":"dauerbelufter-2","status":"publish","type":"product","link":"https:\/\/cormac.eu\/de\/product\/continuous-aerator\/","title":{"rendered":"Durchlaufbel\u00fcfter"},"content":{"rendered":"<p>Die Trefa-Durchlaufbel\u00fcftungsmaschine ist ein geschlossenes Produktionssystem, das die neuesten technologischen Entwicklungen im Bereich der Bel\u00fcftung integriert. Das Herzst\u00fcck der Maschine ist ein hocheffizienter Mischkopf, der aus einem Rotor und einem Stator besteht. Trefa-Durchlaufmischer sorgen f\u00fcr eine homogene Durchmischung, die zu gleichm\u00e4\u00dfigen Enddichten f\u00fchrt. Trefa-Durchlaufmischer sind vollst\u00e4ndig aus Edelstahl gefertigt und f\u00fcr eine einfache Reinigung und Wartung ausgelegt. Sie k\u00f6nnen an ein CIP-System (Cleaning In Place) angeschlossen werden oder mit einer eigenen Reinigungspumpe ausgestattet werden. Durch den Einsatz moderner Technologie ist eine vollst\u00e4ndige Kontrolle der Dichte gew\u00e4hrleistet. Die Konstruktion des Bel\u00fcftungskopfes stellt sicher, dass es keinen Kontakt zwischen dem Produkt und dem K\u00fchl-\/Heizmedium gibt. Die Produktwechselzeiten sind minimal und eine manuelle Einstellung des Mischers ist praktisch nicht erforderlich. Rezepte k\u00f6nnen im Speicher des Systems mit den Einstellungen Ihrer Prozesslinie gespeichert werden. Trefa-Mischer\/Sch\u00e4umer sind aufr\u00fcstbar, und es ist einfach, die neueste (SPS-)Technologie in \u00e4ltere Trefa-Maschinen einzubauen. Die Maschinen k\u00f6nnen f\u00fcr manuelle, automatische oder Computersteuerung ausgef\u00fchrt werden und verf\u00fcgen \u00fcber digitale Anzeigen aller Maschinenfunktionen.  Optional k\u00f6nnen Zusatzstoffe wie Farben, Aromen und Fruchtpulpen in das Produkt injiziert werden. Der Ger\u00e4uschpegel der Trefa-Bel\u00fcfter betr\u00e4gt weniger als 60 dBA und liegt damit weit unter dem in der VDI 2159 angegebenen Bereich. Die Ergebnisse der im Laborma\u00dfstab erh\u00e4ltlichen Mischer sind vollst\u00e4ndig skalierbar.<\/p>\n<p>&nbsp;<\/p>\n<p><img fetchpriority=\"high\" decoding=\"async\" class=\"alignnone size-medium wp-image-2798\" src=\"https:\/\/cormac.eu\/wp-content\/uploads\/2022\/04\/Trefa-application-_74547805-1024x708-1-300x207.webp\" alt=\"\" width=\"300\" height=\"207\" srcset=\"https:\/\/cormac.eu\/wp-content\/uploads\/2022\/04\/Trefa-application-_74547805-1024x708-1-300x207.webp 300w, https:\/\/cormac.eu\/wp-content\/uploads\/2022\/04\/Trefa-application-_74547805-1024x708-1-768x531.webp 768w, https:\/\/cormac.eu\/wp-content\/uploads\/2022\/04\/Trefa-application-_74547805-1024x708-1-600x415.webp 600w, https:\/\/cormac.eu\/wp-content\/uploads\/2022\/04\/Trefa-application-_74547805-1024x708-1.webp 1024w\" sizes=\"(max-width: 300px) 100vw, 300px\" \/><\/p>\n<p>Eine Testmaschine ist zu g\u00fcnstigen Konditionen erh\u00e4ltlich.<\/p>\n<p><img decoding=\"async\" class=\"alignnone size-medium wp-image-2797\" src=\"https:\/\/cormac.eu\/wp-content\/uploads\/2022\/04\/Test-machine-New-model-T-50-100-684x1024-1-200x300.webp\" alt=\"\" width=\"200\" height=\"300\" srcset=\"https:\/\/cormac.eu\/wp-content\/uploads\/2022\/04\/Test-machine-New-model-T-50-100-684x1024-1-200x300.webp 200w, https:\/\/cormac.eu\/wp-content\/uploads\/2022\/04\/Test-machine-New-model-T-50-100-684x1024-1-600x898.webp 600w, https:\/\/cormac.eu\/wp-content\/uploads\/2022\/04\/Test-machine-New-model-T-50-100-684x1024-1.webp 684w\" sizes=\"(max-width: 200px) 100vw, 200px\" \/><\/p>\n<p>&nbsp;<\/p>\n<table>\n<tbody>\n<tr>\n<td width=\"197\">\u00a0<strong>Eigenschaften<\/strong><\/td>\n<td width=\"197\">\u00a0<strong>Vorteile<\/strong><\/td>\n<\/tr>\n<tr>\n<td>Geschlossenes System<\/td>\n<td>\n<ul>\n<li>hoher Hygienestandard<\/li>\n<\/ul>\n<\/td>\n<\/tr>\n<tr>\n<td>Konstruktion aus rostfreiem Stahl<\/td>\n<td>\n<ul>\n<li>Hygienisch<\/li>\n<\/ul>\n<\/td>\n<\/tr>\n<tr>\n<td>Getrennte ummantelte K\u00fchlabschnitte am Mischkopf<\/td>\n<td>\n<ul>\n<li>optimale Temperaturregelung<\/li>\n<\/ul>\n<\/td>\n<\/tr>\n<tr>\n<td>Einzigartige Vormischkammer<\/td>\n<td>\n<ul>\n<li>Niedrigere Drehzahlen<\/li>\n<li>Weniger Reibungsw\u00e4rme<\/li>\n<li>Keine Sch\u00e4digung der Proteine in den Produkten<\/li>\n<li>Homogeneres Endprodukt<\/li>\n<li>Besserer Geschmack<\/li>\n<\/ul>\n<\/td>\n<\/tr>\n<tr>\n<td>Integrierte Frequenzumrichter<\/td>\n<td>\n<ul>\n<li>Rotor-Drehzahlregelung<\/li>\n<li>Pumpendrehzahlregelung<\/li>\n<\/ul>\n<\/td>\n<\/tr>\n<tr>\n<td>Modularer Aufbau<\/td>\n<td>\n<ul>\n<li>leicht aufr\u00fcstbar<\/li>\n<li>leicht in bestehende Anlagen zu integrieren<\/li>\n<\/ul>\n<\/td>\n<\/tr>\n<\/tbody>\n<\/table>","protected":false},"excerpt":{"rendered":"<p>Die kontinuierliche Bel\u00fcftungsmaschine mit einzigartiger Vormischkammer und effektivem Mischkopf liefert eine homogene Masse mit konstanter Schaumdichte.<\/p>","protected":false},"featured_media":2782,"comment_status":"open","ping_status":"closed","template":"","meta":{"uix_meta_title":"","uix_meta_description":"","uix_canonical_url":""},"product_brand":[],"product_cat":[104],"product_tag":[],"class_list":{"0":"post-2780","1":"product","2":"type-product","3":"status-publish","4":"has-post-thumbnail","6":"product_cat-processing","8":"first","9":"instock","10":"shipping-taxable","11":"product-type-simple"},"_links":{"self":[{"href":"https:\/\/cormac.eu\/de\/wp-json\/wp\/v2\/product\/2780","targetHints":{"allow":["GET"]}}],"collection":[{"href":"https:\/\/cormac.eu\/de\/wp-json\/wp\/v2\/product"}],"about":[{"href":"https:\/\/cormac.eu\/de\/wp-json\/wp\/v2\/types\/product"}],"replies":[{"embeddable":true,"href":"https:\/\/cormac.eu\/de\/wp-json\/wp\/v2\/comments?post=2780"}],"wp:featuredmedia":[{"embeddable":true,"href":"https:\/\/cormac.eu\/de\/wp-json\/wp\/v2\/media\/2782"}],"wp:attachment":[{"href":"https:\/\/cormac.eu\/de\/wp-json\/wp\/v2\/media?parent=2780"}],"wp:term":[{"taxonomy":"product_brand","embeddable":true,"href":"https:\/\/cormac.eu\/de\/wp-json\/wp\/v2\/product_brand?post=2780"},{"taxonomy":"product_cat","embeddable":true,"href":"https:\/\/cormac.eu\/de\/wp-json\/wp\/v2\/product_cat?post=2780"},{"taxonomy":"product_tag","embeddable":true,"href":"https:\/\/cormac.eu\/de\/wp-json\/wp\/v2\/product_tag?post=2780"}],"curies":[{"name":"wp","href":"https:\/\/api.w.org\/{rel}","templated":true}]}}