{"id":2734,"date":"2022-04-21T20:24:05","date_gmt":"2022-04-21T18:24:05","guid":{"rendered":"https:\/\/cormac.eu\/?post_type=product&#038;p=2734"},"modified":"2022-06-20T12:06:20","modified_gmt":"2022-06-20T10:06:20","slug":"ru-universal-einwickelmaschine-2","status":"publish","type":"product","link":"https:\/\/cormac.eu\/de\/product\/ru-universal-wrapping-machine\/","title":{"rendered":"Universal-Verpackungsmaschine RU"},"content":{"rendered":"<p>Universelle Verpackungsmaschine f\u00fcr eine breite Palette von Produkten, wie z.B. Produkte mit flachem Boden, Eier, Kugeln, F\u00e4sser, Hohlfiguren, Schokoladenlollys mit flachem Boden, kleine Riegel, Tr\u00fcffel, usw., in verschiedenen Verpackungsarten. Auf Wunsch kann diese Maschine mit einem Etikettierger\u00e4t ausgestattet werden.  Leistungsbereich: Bis zu 120 St\u00fcck pro Minute. Gewicht ca. 1400 kg; Leistung 3kVA;<\/p>\n<p><strong>Stil der Umh\u00fcllung<\/strong>: B\u00fcndelpackung, Doppeldrehung, Etikettierung, Hei\u00dfsiegelung, Banderole, Vorderseitenfaltung, Vorderseitenfaltung mit Gl\u00e4ttungsvorrichtung, R\u00fcckennaht, Ziffernfolierung, Schirm hei\u00dfgesiegelt, Ziffernfolierung hei\u00dfgesiegelt, gedrehte Schnur, Schnur mit Klebeband, Umschlagpackung, Doppel- oder Einfachdrallpackung, Banderole, usw.<\/p>\n<p><img fetchpriority=\"high\" decoding=\"async\" class=\"alignnone wp-image-2732\" src=\"https:\/\/cormac.eu\/wp-content\/uploads\/2022\/04\/Products-Knipsel-300x157.jpg\" alt=\"\" width=\"334\" height=\"176\" srcset=\"https:\/\/cormac.eu\/wp-content\/uploads\/2022\/04\/Products-Knipsel-300x157.jpg 300w, https:\/\/cormac.eu\/wp-content\/uploads\/2022\/04\/Products-Knipsel.jpg 414w\" sizes=\"(max-width: 334px) 100vw, 334px\" \/><\/p>\n<p>&nbsp;<\/p>\n<table>\n<tbody>\n<tr>\n<td width=\"293\"><strong>Merkmale (einige optional)<\/strong><\/td>\n<td width=\"293\"><strong>Vorteile<\/strong><\/td>\n<\/tr>\n<tr>\n<td width=\"293\">Registerregelkopf<\/td>\n<td width=\"293\">\n<ul>\n<li>Volle Kontrolle der Maschinenfunktionen<\/li>\n<\/ul>\n<\/td>\n<\/tr>\n<tr>\n<td width=\"293\">Geschlossenes Getriebe mit zentralem Schmiersystem und konstanter \u00d6lfilterung<\/td>\n<td width=\"293\">\n<ul>\n<li>Verhinderung von \u00d6lverschmutzung<\/li>\n<li>geringer Wartungsaufwand<\/li>\n<\/ul>\n<\/td>\n<\/tr>\n<tr>\n<td width=\"293\">Stufenlose Drehzahlregelung mit Frequenzumrichter<\/td>\n<td width=\"293\">\n<ul>\n<li>Perfekte Geschwindigkeitskontrolle<\/li>\n<\/ul>\n<\/td>\n<\/tr>\n<tr>\n<td width=\"293\">Entladetransport<\/td>\n<td width=\"293\">\n<ul>\n<li>Kontrollierte Produktabgabe<\/li>\n<\/ul>\n<\/td>\n<\/tr>\n<tr>\n<td width=\"293\">Zuf\u00fchrband und automatische Zuf\u00fchrsysteme<\/td>\n<td width=\"293\">\n<ul>\n<li>H\u00f6here Effizienz<\/li>\n<\/ul>\n<\/td>\n<\/tr>\n<tr>\n<td width=\"293\">Kontrolle der Fotozelle vor Ort<\/td>\n<td width=\"293\">\n<ul>\n<li>Kontrolle der Druckpositionierung<\/li>\n<\/ul>\n<\/td>\n<\/tr>\n<tr>\n<td width=\"293\">St\u00fcck- und Taktz\u00e4hler<\/td>\n<td width=\"293\">\n<ul>\n<li>Genaue Messung des Produkts<\/li>\n<\/ul>\n<\/td>\n<\/tr>\n<tr>\n<td width=\"293\">Formatteile, Einlauf-, Falt- und Auslaufteile leicht zug\u00e4nglich<\/td>\n<td width=\"293\">\n<ul>\n<li>Schnelle Umstellung<\/li>\n<li>Einfache Wartung<\/li>\n<\/ul>\n<\/td>\n<\/tr>\n<tr>\n<td width=\"293\">Automatischer Stopp der Folienzuf\u00fchrung<\/td>\n<td width=\"293\">\n<ul>\n<li>Kein Produkt - keine Verpackung<\/li>\n<li>Verhinderung von Folienstaus<\/li>\n<\/ul>\n<\/td>\n<\/tr>\n<tr>\n<td width=\"293\">Zweite Folienabwickelvorrichtung<\/td>\n<td width=\"293\">\n<ul>\n<li>Anwendung eines inneren und \u00e4u\u00dferen Umh\u00fcllungsmaterials<\/li>\n<\/ul>\n<\/td>\n<\/tr>\n<tr>\n<td width=\"293\">Splei\u00dfeinheit<\/td>\n<td width=\"293\">\n<ul>\n<li>Automatischer Spulenwechsel f\u00fcr mehr Effizienz<\/li>\n<\/ul>\n<\/td>\n<\/tr>\n<tr>\n<td width=\"293\">Schaltschrank mit SPS<\/td>\n<td width=\"293\">\n<ul>\n<li>Ausgezeichnete zentrale Maschinensteuerung<\/li>\n<\/ul>\n<\/td>\n<\/tr>\n<\/tbody>\n<\/table>\n<p>&nbsp;<\/p>\n<table>\n<tbody>\n<tr>\n<td colspan=\"4\" width=\"585\">\n<p style=\"text-align: center\"><strong>Abmessungen des Verpackungsmaterials<\/strong><\/p>\n<\/td>\n<\/tr>\n<tr>\n<td width=\"146\">\n<p style=\"text-align: center\">Breite<\/p>\n<\/td>\n<td style=\"text-align: center\" width=\"146\">Abgeschnittene L\u00e4nge<\/td>\n<td style=\"text-align: center\" width=\"146\">Trommel-\u00d8<\/td>\n<td width=\"146\">\n<p style=\"text-align: center\">Kern-\u00d8<\/p>\n<\/td>\n<\/tr>\n<tr>\n<td style=\"text-align: center\" width=\"146\">40-100 mm<\/td>\n<td style=\"text-align: center\" width=\"146\">40-100 mm<\/td>\n<td style=\"text-align: center\" width=\"146\">250 mm<\/td>\n<td width=\"146\">\n<p style=\"text-align: center\">35-78 mm<\/p>\n<\/td>\n<\/tr>\n<\/tbody>\n<\/table>\n<p>&nbsp;<\/p>\n<p>&nbsp;<\/p>","protected":false},"excerpt":{"rendered":"<p>Universelle Verpackungsmaschine f\u00fcr eine breite Palette von Schokoladen- und einigen B\u00e4ckereiprodukten<\/p>","protected":false},"featured_media":2733,"comment_status":"open","ping_status":"closed","template":"","meta":{"uix_meta_title":"","uix_meta_description":"","uix_canonical_url":""},"product_brand":[],"product_cat":[105],"product_tag":[],"class_list":{"0":"post-2734","1":"product","2":"type-product","3":"status-publish","4":"has-post-thumbnail","6":"product_cat-packaging","8":"first","9":"instock","10":"shipping-taxable","11":"product-type-simple"},"_links":{"self":[{"href":"https:\/\/cormac.eu\/de\/wp-json\/wp\/v2\/product\/2734","targetHints":{"allow":["GET"]}}],"collection":[{"href":"https:\/\/cormac.eu\/de\/wp-json\/wp\/v2\/product"}],"about":[{"href":"https:\/\/cormac.eu\/de\/wp-json\/wp\/v2\/types\/product"}],"replies":[{"embeddable":true,"href":"https:\/\/cormac.eu\/de\/wp-json\/wp\/v2\/comments?post=2734"}],"wp:featuredmedia":[{"embeddable":true,"href":"https:\/\/cormac.eu\/de\/wp-json\/wp\/v2\/media\/2733"}],"wp:attachment":[{"href":"https:\/\/cormac.eu\/de\/wp-json\/wp\/v2\/media?parent=2734"}],"wp:term":[{"taxonomy":"product_brand","embeddable":true,"href":"https:\/\/cormac.eu\/de\/wp-json\/wp\/v2\/product_brand?post=2734"},{"taxonomy":"product_cat","embeddable":true,"href":"https:\/\/cormac.eu\/de\/wp-json\/wp\/v2\/product_cat?post=2734"},{"taxonomy":"product_tag","embeddable":true,"href":"https:\/\/cormac.eu\/de\/wp-json\/wp\/v2\/product_tag?post=2734"}],"curies":[{"name":"wp","href":"https:\/\/api.w.org\/{rel}","templated":true}]}}