{"id":2727,"date":"2022-04-21T19:02:27","date_gmt":"2022-04-21T17:02:27","guid":{"rendered":"https:\/\/cormac.eu\/?post_type=product&#038;p=2727"},"modified":"2022-04-21T22:38:40","modified_gmt":"2022-04-21T20:38:40","slug":"rks-einwickelmaschine-2","status":"publish","type":"product","link":"https:\/\/cormac.eu\/de\/product\/rks-wrapping-machine\/","title":{"rendered":"Einwickelmaschine RKS ll"},"content":{"rendered":"<p><span lang=\"EN-US\">Hochgeschwindigkeits-Wickelmaschine f\u00fcr Produkte mit flachem Boden, Wickeln in Bodenfaltung, inkl. Zuf\u00fchrsystem SV 4 Feeder. Die Maschine kann optional mit automatischen Zuf\u00fchrsystemen ausgestattet werden. Leistungsbereich: Bis zu 400 St\u00fcck pro Minute; Anwendung: Produkte mit flachem Boden in B\u00fcndelpackung, Hei\u00dfsiegeln\u00a0<\/span><\/p>\n<p><img decoding=\"async\" class=\"alignnone wp-image-2700\" src=\"https:\/\/cormac.eu\/wp-content\/uploads\/2022\/04\/sample-4.jpg\" alt=\"\" width=\"132\" height=\"95\" \/><img decoding=\"async\" class=\"alignnone wp-image-2701\" src=\"https:\/\/cormac.eu\/wp-content\/uploads\/2022\/04\/sample-5.jpg\" alt=\"\" width=\"99\" height=\"125\" \/><img decoding=\"async\" class=\"alignnone wp-image-2728\" src=\"https:\/\/cormac.eu\/wp-content\/uploads\/2022\/04\/style-Knipsel.jpg\" alt=\"\" width=\"128\" height=\"91\" \/><\/p>\n<table>\n<tbody>\n<tr>\n<td colspan=\"4\" width=\"585\"><strong>Abmessungen der Verpackungsmaterialien<\/strong><\/td>\n<\/tr>\n<tr>\n<td width=\"146\">\n<p style=\"text-align: center\"><strong>Breite<\/strong><\/p>\n<\/td>\n<td style=\"text-align: center\" width=\"146\"><strong>Abgeschnittene L\u00e4nge<\/strong><\/td>\n<td style=\"text-align: center\" width=\"146\"><strong>Rolle <\/strong><strong>\u00d8<\/strong><\/td>\n<td style=\"text-align: center\" width=\"146\"><strong>Kern <\/strong><strong>\u00d8<\/strong><\/td>\n<\/tr>\n<tr>\n<td style=\"text-align: center\" width=\"146\">40 - 100 mm<\/td>\n<td style=\"text-align: center\" width=\"146\">40 -100 mm<\/td>\n<td style=\"text-align: center\" width=\"146\">250 mm<\/td>\n<td width=\"146\">\n<p style=\"text-align: center\">35 - 78 mm<\/p>\n<\/td>\n<\/tr>\n<\/tbody>\n<\/table>\n<p>&nbsp;<\/p>\n<table style=\"height: 1081px\" width=\"612\">\n<tbody>\n<tr>\n<td width=\"293\">\n<p style=\"text-align: center\"><strong>Merkmale (einige optional)<\/strong><\/p>\n<\/td>\n<td width=\"293\">\n<p style=\"text-align: center\"><strong>Vorteile<\/strong><\/p>\n<\/td>\n<\/tr>\n<tr>\n<td width=\"293\">Registerregelkopf<\/td>\n<td width=\"293\">\n<ul>\n<li>Steuerung aller Maschinenfunktionen<\/li>\n<\/ul>\n<\/td>\n<\/tr>\n<tr>\n<td width=\"293\">Geschlossenes Getriebe, zentralisiertes Schmiersystem, konstante \u00d6lfilterung<\/td>\n<td width=\"293\">\n<ul>\n<li>Vermeidung von \u00d6lverschmutzung, geringer Wartungsaufwand<\/li>\n<\/ul>\n<\/td>\n<\/tr>\n<tr>\n<td width=\"293\">Stufenlose Drehzahlregelung mit Frequenzumrichter<\/td>\n<td width=\"293\">\n<ul>\n<li>Perfekte Geschwindigkeitskontrolle<\/li>\n<\/ul>\n<p>&nbsp;<\/td>\n<\/tr>\n<tr>\n<td width=\"293\">Antriebsmotor 1,1 kW<\/td>\n<td width=\"293\">\n<ul>\n<li>Leichtg\u00e4ngiger, starker und zuverl\u00e4ssiger Antrieb<\/li>\n<\/ul>\n<\/td>\n<\/tr>\n<tr>\n<td width=\"293\">Entladetransport<\/td>\n<td width=\"293\">\n<ul>\n<li>Kontrollierte Produktabgabe<\/li>\n<\/ul>\n<\/td>\n<\/tr>\n<tr>\n<td width=\"293\">Zuf\u00fchrband und automatische Zuf\u00fchrsysteme<\/td>\n<td width=\"293\">\n<ul>\n<li>H\u00f6here Effizienz<\/li>\n<\/ul>\n<p>&nbsp;<\/td>\n<\/tr>\n<tr>\n<td width=\"293\">Kontrolle der Fotozelle vor Ort<\/td>\n<td width=\"293\">\n<ul>\n<li>Kontrolle der Druckpositionierung<\/li>\n<\/ul>\n<\/td>\n<\/tr>\n<tr>\n<td width=\"293\">St\u00fcck- und Taktz\u00e4hler<\/td>\n<td width=\"293\">\n<ul>\n<li>Genaue Messung des Produkts<\/li>\n<\/ul>\n<\/td>\n<\/tr>\n<tr>\n<td width=\"293\">Formatteile, Einlauf-, Klapp- und Auslaufteile leicht zug\u00e4nglich<\/td>\n<td width=\"293\">\n<ul>\n<li>Schnelle Umstellung<\/li>\n<li>Leichte Reinigung<\/li>\n<\/ul>\n<\/td>\n<\/tr>\n<tr>\n<td width=\"293\">Automatischer Stopp der Folienzuf\u00fchrung<\/td>\n<td width=\"293\">\n<ul>\n<li>Kein Produkt - keine Verpackung<\/li>\n<li>Verhinderung von Folienstaus<\/li>\n<\/ul>\n<\/td>\n<\/tr>\n<tr>\n<td width=\"293\">Zweite Folienabwickelvorrichtung<\/td>\n<td width=\"293\">\n<ul>\n<li>Anwendung eines inneren und eines \u00e4usseren Umh\u00fcllungsmaterials<\/li>\n<\/ul>\n<\/td>\n<\/tr>\n<tr>\n<td width=\"293\">Splei\u00dfeinheit<\/td>\n<td width=\"293\">\n<ul>\n<li>Automatischer Spulenwechsel f\u00fcr mehr Effizienz<\/li>\n<\/ul>\n<\/td>\n<\/tr>\n<tr>\n<td width=\"293\">Schaltschrank mit SPS<\/td>\n<td width=\"293\">\n<ul>\n<li>Ausgezeichnete Maschinensteuerung<\/li>\n<\/ul>\n<\/td>\n<\/tr>\n<\/tbody>\n<\/table>","protected":false},"excerpt":{"rendered":"<p>Hochgeschwindigkeits-Verpackungsmaschine f\u00fcr Produkte mit flachem Boden.<\/p>","protected":false},"featured_media":2726,"comment_status":"open","ping_status":"closed","template":"","meta":{"uix_meta_title":"","uix_meta_description":"","uix_canonical_url":""},"product_brand":[],"product_cat":[105],"product_tag":[],"class_list":{"0":"post-2727","1":"product","2":"type-product","3":"status-publish","4":"has-post-thumbnail","6":"product_cat-packaging","8":"first","9":"instock","10":"shipping-taxable","11":"product-type-simple"},"_links":{"self":[{"href":"https:\/\/cormac.eu\/de\/wp-json\/wp\/v2\/product\/2727","targetHints":{"allow":["GET"]}}],"collection":[{"href":"https:\/\/cormac.eu\/de\/wp-json\/wp\/v2\/product"}],"about":[{"href":"https:\/\/cormac.eu\/de\/wp-json\/wp\/v2\/types\/product"}],"replies":[{"embeddable":true,"href":"https:\/\/cormac.eu\/de\/wp-json\/wp\/v2\/comments?post=2727"}],"wp:featuredmedia":[{"embeddable":true,"href":"https:\/\/cormac.eu\/de\/wp-json\/wp\/v2\/media\/2726"}],"wp:attachment":[{"href":"https:\/\/cormac.eu\/de\/wp-json\/wp\/v2\/media?parent=2727"}],"wp:term":[{"taxonomy":"product_brand","embeddable":true,"href":"https:\/\/cormac.eu\/de\/wp-json\/wp\/v2\/product_brand?post=2727"},{"taxonomy":"product_cat","embeddable":true,"href":"https:\/\/cormac.eu\/de\/wp-json\/wp\/v2\/product_cat?post=2727"},{"taxonomy":"product_tag","embeddable":true,"href":"https:\/\/cormac.eu\/de\/wp-json\/wp\/v2\/product_tag?post=2727"}],"curies":[{"name":"wp","href":"https:\/\/api.w.org\/{rel}","templated":true}]}}