{"id":2725,"date":"2022-04-21T16:56:38","date_gmt":"2022-04-21T14:56:38","guid":{"rendered":"https:\/\/cormac.eu\/?post_type=product&#038;p=2725"},"modified":"2022-04-21T22:39:30","modified_gmt":"2022-04-21T20:39:30","slug":"rge-einwickelmaschine","status":"publish","type":"product","link":"https:\/\/cormac.eu\/de\/product\/rge-wrapping-machine\/","title":{"rendered":"Einwickelmaschine RGE"},"content":{"rendered":"<p>Einwickelmaschine f\u00fcr Produkte wie Eier und Kugeln (hohl oder gef\u00fcllt) in Frontfaltung, eingedrehter Schnur und Doppeldreheinschlag. Diese Schokoladeneinwickelmaschine kann Geschwindigkeiten von bis zu 55 St\u00fcck pro Minute erreichen. Die Standardversion RGE kann Produkte mit einem Durchmesser von bis zu 70 mm verarbeiten. Der Typ RGE-100 verpackt Produkte mit einem maximalen Durchmesser von 100 mm. Die Rasch RGE-Maschine kann entweder manuell beschickt werden oder mit einem automatischen Zuf\u00fchrsystem ausgestattet werden, das z.B. Zuf\u00fchrb\u00e4nder, Ausrichtsysteme sowie Pick &amp; Place-Robotersysteme umfassen kann. Kundenspezifische Formatteile k\u00f6nnen angebracht werden und Umr\u00fcstungen sind nicht kompliziert.<\/p>\n<p>&nbsp;<\/p>\n<table style=\"height: 924px\" width=\"949\">\n<tbody>\n<tr>\n<td width=\"197\"><strong>Eigenschaften<\/strong><\/td>\n<td width=\"197\"><strong>Vorteile<\/strong><\/td>\n<\/tr>\n<tr>\n<td>Zuf\u00fchrtisch und optionale automatische Zuf\u00fchrsysteme<\/p>\n<p>&nbsp;<\/td>\n<td>\n<ul>\n<li>H\u00f6here Effizienz<\/li>\n<\/ul>\n<\/td>\n<\/tr>\n<tr>\n<td>Registerregelkopf<\/td>\n<td>\n<ul>\n<li>Drucksteuerung<\/li>\n<\/ul>\n<\/td>\n<\/tr>\n<tr>\n<td>Automatischer Stopp der Folienzuf\u00fchrung<\/td>\n<td>\n<ul>\n<li>Kein Produkt - keine Verpackung<\/li>\n<li>verhindern Folienstau<\/li>\n<\/ul>\n<\/td>\n<\/tr>\n<tr>\n<td>&nbsp;<\/p>\n<p>Stufenlose Drehzahlregelung mit Frequenzumrichter<\/td>\n<td>\n<ul>\n<li>Perfekte Geschwindigkeitskontrolle<\/li>\n<\/ul>\n<\/td>\n<\/tr>\n<tr>\n<td>Zweite Folienabwickelvorrichtung<\/td>\n<td>\n<ul>\n<li>Anwendung eines inneren und eines \u00e4usseren Umh\u00fcllungsmaterials<\/li>\n<\/ul>\n<\/td>\n<\/tr>\n<tr>\n<td>Geschlossenes Getriebe mit zentralem Schmiersystem<\/td>\n<td>\n<ul>\n<li>Geringe Wartung<\/li>\n<\/ul>\n<\/td>\n<\/tr>\n<tr>\n<td>Optionale Splei\u00dfeinheit<\/td>\n<td>\n<ul>\n<li>Automatischer Spulenwechsel<\/li>\n<li>h\u00f6herer Wirkungsgrad<\/li>\n<\/ul>\n<\/td>\n<\/tr>\n<tr>\n<td>Schaltschrank mit SPS<\/td>\n<td>\n<ul>\n<li>Ausgezeichnete Maschinensteuerung<\/li>\n<\/ul>\n<\/td>\n<\/tr>\n<\/tbody>\n<\/table>\n<p>&nbsp;<\/p>","protected":false},"excerpt":{"rendered":"<p>Einwickelmaschine f\u00fcr Schokoladeneier und -kugeln<\/p>","protected":false},"featured_media":2724,"comment_status":"open","ping_status":"closed","template":"","meta":{"uix_meta_title":"","uix_meta_description":"","uix_canonical_url":""},"product_brand":[],"product_cat":[105],"product_tag":[],"class_list":{"0":"post-2725","1":"product","2":"type-product","3":"status-publish","4":"has-post-thumbnail","6":"product_cat-packaging","8":"first","9":"instock","10":"shipping-taxable","11":"product-type-simple"},"_links":{"self":[{"href":"https:\/\/cormac.eu\/de\/wp-json\/wp\/v2\/product\/2725","targetHints":{"allow":["GET"]}}],"collection":[{"href":"https:\/\/cormac.eu\/de\/wp-json\/wp\/v2\/product"}],"about":[{"href":"https:\/\/cormac.eu\/de\/wp-json\/wp\/v2\/types\/product"}],"replies":[{"embeddable":true,"href":"https:\/\/cormac.eu\/de\/wp-json\/wp\/v2\/comments?post=2725"}],"wp:featuredmedia":[{"embeddable":true,"href":"https:\/\/cormac.eu\/de\/wp-json\/wp\/v2\/media\/2724"}],"wp:attachment":[{"href":"https:\/\/cormac.eu\/de\/wp-json\/wp\/v2\/media?parent=2725"}],"wp:term":[{"taxonomy":"product_brand","embeddable":true,"href":"https:\/\/cormac.eu\/de\/wp-json\/wp\/v2\/product_brand?post=2725"},{"taxonomy":"product_cat","embeddable":true,"href":"https:\/\/cormac.eu\/de\/wp-json\/wp\/v2\/product_cat?post=2725"},{"taxonomy":"product_tag","embeddable":true,"href":"https:\/\/cormac.eu\/de\/wp-json\/wp\/v2\/product_tag?post=2725"}],"curies":[{"name":"wp","href":"https:\/\/api.w.org\/{rel}","templated":true}]}}