{"id":2703,"date":"2022-04-14T23:17:54","date_gmt":"2022-04-14T21:17:54","guid":{"rendered":"https:\/\/cormac.eu\/?post_type=product&#038;p=2703"},"modified":"2022-04-21T22:40:51","modified_gmt":"2022-04-21T20:40:51","slug":"rg-einwickelmaschine-2","status":"publish","type":"product","link":"https:\/\/cormac.eu\/de\/product\/rg-wrapping-machine\/","title":{"rendered":"Einwickelmaschine RG"},"content":{"rendered":"<p><strong>Beschreibung:<br \/>\n<\/strong>Universelle Verpackungsmaschine f\u00fcr verschiedene Produkte, wie z.B. Produkte mit flachem Boden, Stangen, Eier, Kugeln, F\u00e4sser und Hohlfiguren in verschiedenen Verpackungsarten.<br \/>\n<strong>Anwendung<\/strong><br \/>\nEinwickeln von Stangen, Flachbodenprodukten, Eiern, Kugeln, F\u00e4ssern, Figuren, Hohlfiguren aller Art.<br \/>\n<strong>Leistungsbereich<\/strong><br \/>\nBis zu 70 St\u00fcck pro Minute (ca. 55 ppm f\u00fcr Zahlen)<br \/>\n<strong>Stile f\u00fcr die Umh\u00fcllung:<\/strong><br \/>\nB\u00fcndelpackung, Vorderfaltung, Doppeldrehung, Zubeh\u00f6rbefestigung am Boden, Hei\u00dfsiegelung, Etikettierung, Vorderfaltung mit Gl\u00e4ttungsvorrichtung\/Rollform, R\u00fcckennaht, Figurenfolierung.<\/p>\n<p><img decoding=\"async\" class=\"alignnone wp-image-2702\" src=\"https:\/\/cormac.eu\/wp-content\/uploads\/2022\/04\/sample-6.jpg\" alt=\"\" width=\"110\" height=\"102\" \/><img decoding=\"async\" class=\"alignnone wp-image-2701\" src=\"https:\/\/cormac.eu\/wp-content\/uploads\/2022\/04\/sample-5.jpg\" alt=\"\" width=\"83\" height=\"105\" \/><img decoding=\"async\" class=\"alignnone wp-image-2700\" src=\"https:\/\/cormac.eu\/wp-content\/uploads\/2022\/04\/sample-4.jpg\" alt=\"\" width=\"128\" height=\"92\" \/><img loading=\"lazy\" decoding=\"async\" class=\"alignnone wp-image-2699\" src=\"https:\/\/cormac.eu\/wp-content\/uploads\/2022\/04\/sample-3.jpg\" alt=\"\" width=\"124\" height=\"112\" \/><img loading=\"lazy\" decoding=\"async\" class=\"alignnone wp-image-2698\" src=\"https:\/\/cormac.eu\/wp-content\/uploads\/2022\/04\/sample-2.jpg\" alt=\"\" width=\"109\" height=\"116\" \/><img loading=\"lazy\" decoding=\"async\" class=\"alignnone wp-image-2697\" src=\"https:\/\/cormac.eu\/wp-content\/uploads\/2022\/04\/sample-1.jpg\" alt=\"\" width=\"147\" height=\"105\" \/><\/p>\n<table>\n<tbody>\n<tr>\n<td width=\"262\">\n<p style=\"text-align: center\"><strong>Eigenschaften<\/strong><\/p>\n<\/td>\n<td width=\"323\">\n<p style=\"text-align: center\"><strong>Vorteile<\/strong><\/p>\n<\/td>\n<\/tr>\n<tr>\n<td width=\"262\">Einlaufband<\/td>\n<td width=\"323\">\n<ul>\n<li>Erh\u00f6hung der Kapazit\u00e4t<\/li>\n<\/ul>\n<\/td>\n<\/tr>\n<tr>\n<td width=\"262\">Registerregelkopf<\/td>\n<td width=\"323\">\n<ul>\n<li>Drucksteuerung<\/li>\n<\/ul>\n<\/td>\n<\/tr>\n<tr>\n<td width=\"262\">Kein Produkt - keine Verpackung<\/td>\n<td width=\"323\">\n<ul>\n<li>Verhinderung von Folienstaus<\/li>\n<\/ul>\n<\/td>\n<\/tr>\n<tr>\n<td width=\"262\">Stufenlose Geschwindigkeitsregelung<\/td>\n<td width=\"323\">\n<ul>\n<li>Geschwindigkeitskontrolle<\/li>\n<\/ul>\n<\/td>\n<\/tr>\n<tr>\n<td width=\"262\">Fakultativ 2<sup>und<\/sup> Folienabwickelvorrichtung<\/td>\n<td width=\"323\">\n<ul>\n<li>Anbringen von innerem und \u00e4u\u00dferem Umh\u00fcllungsmaterial<\/li>\n<\/ul>\n<\/td>\n<\/tr>\n<tr>\n<td width=\"262\">Geschlossenes Getriebe<\/td>\n<td width=\"323\">\n<ul>\n<li>Kein \u00d6laustritt<\/li>\n<\/ul>\n<\/td>\n<\/tr>\n<tr>\n<td width=\"262\">Zentralisiertes Schmiersystem<\/td>\n<td width=\"323\">\n<ul>\n<li>Geringe Wartung<\/li>\n<li>Leichter Lauf<\/li>\n<\/ul>\n<\/td>\n<\/tr>\n<tr>\n<td width=\"262\">Schaltschrank mit SPS<\/td>\n<td width=\"323\">\n<ul>\n<li>Einfache Steuerung der Maschine<br \/>\nEinstellungen speichern<\/li>\n<\/ul>\n<\/td>\n<\/tr>\n<tr>\n<td width=\"262\">Optionen<\/td>\n<td width=\"323\">\n<ul>\n<li>Automatisches F\u00fctterungssystem<\/li>\n<li>Splei\u00dfeinheit<\/li>\n<li>Zweite Folienabwickelvorrichtung<\/li>\n<\/ul>\n<\/td>\n<\/tr>\n<tr>\n<td width=\"262\">Abmessungen des Materials<\/td>\n<td width=\"323\">\n<ul>\n<li>Breite: 80-300 mm<\/li>\n<li>Abgeschnittene L\u00e4nge : 60-250 mm<\/li>\n<li>Trommeldurchmesser: max. 250 mm<\/li>\n<li>Kerndurchmesser: 45-78 mm<\/li>\n<\/ul>\n<\/td>\n<\/tr>\n<\/tbody>\n<\/table>\n<p>&nbsp;<\/p>","protected":false},"excerpt":{"rendered":"<p>Universelle Einwickelmaschine f\u00fcr Pralinen mit flachem Boden, Tafeln, Eier, Kugeln, F\u00e4sser und Hohlfiguren mit einer Geschwindigkeit von bis zu 70 ppm.<\/p>","protected":false},"featured_media":2695,"comment_status":"open","ping_status":"closed","template":"","meta":{"uix_meta_title":"","uix_meta_description":"","uix_canonical_url":""},"product_brand":[],"product_cat":[105],"product_tag":[],"class_list":{"0":"post-2703","1":"product","2":"type-product","3":"status-publish","4":"has-post-thumbnail","6":"product_cat-packaging","8":"first","9":"instock","10":"shipping-taxable","11":"product-type-simple"},"_links":{"self":[{"href":"https:\/\/cormac.eu\/de\/wp-json\/wp\/v2\/product\/2703","targetHints":{"allow":["GET"]}}],"collection":[{"href":"https:\/\/cormac.eu\/de\/wp-json\/wp\/v2\/product"}],"about":[{"href":"https:\/\/cormac.eu\/de\/wp-json\/wp\/v2\/types\/product"}],"replies":[{"embeddable":true,"href":"https:\/\/cormac.eu\/de\/wp-json\/wp\/v2\/comments?post=2703"}],"wp:featuredmedia":[{"embeddable":true,"href":"https:\/\/cormac.eu\/de\/wp-json\/wp\/v2\/media\/2695"}],"wp:attachment":[{"href":"https:\/\/cormac.eu\/de\/wp-json\/wp\/v2\/media?parent=2703"}],"wp:term":[{"taxonomy":"product_brand","embeddable":true,"href":"https:\/\/cormac.eu\/de\/wp-json\/wp\/v2\/product_brand?post=2703"},{"taxonomy":"product_cat","embeddable":true,"href":"https:\/\/cormac.eu\/de\/wp-json\/wp\/v2\/product_cat?post=2703"},{"taxonomy":"product_tag","embeddable":true,"href":"https:\/\/cormac.eu\/de\/wp-json\/wp\/v2\/product_tag?post=2703"}],"curies":[{"name":"wp","href":"https:\/\/api.w.org\/{rel}","templated":true}]}}