{"id":2681,"date":"2022-04-12T21:43:50","date_gmt":"2022-04-12T19:43:50","guid":{"rendered":"https:\/\/cormac.eu\/?post_type=product&#038;p=2681"},"modified":"2023-08-16T17:05:39","modified_gmt":"2023-08-16T15:05:39","slug":"kugelformanlage","status":"publish","type":"product","link":"https:\/\/cormac.eu\/de\/product\/ball-forming-line\/","title":{"rendered":"Kugelumformungsanlage"},"content":{"rendered":"<p>Carugil-Kugelformanlagen erm\u00f6glichen die Herstellung von massiven oder mittig gef\u00fcllten zylindrischen Produkten. Bei der F\u00fcllung kann es sich um ein Pulver oder eine halbfl\u00fcssige Fl\u00fcssigkeit handeln. Die Linie kann mit einer S\u00fc\u00dfwarenk\u00fcche beginnen, gefolgt von einem Kneter, einem Extruder, einer Kugelformmaschine und einem K\u00fchltunnel, gefolgt z. B. von Beschichtungspfannen und Schlauchbeutelmaschinen f\u00fcr die Prim\u00e4rverpackung. Carugil ist in der Lage, komplette, schl\u00fcsselfertige Kugelformungssysteme einschlie\u00dflich vorgeschalteter Mischer und Kochanlagen zu liefern. Diese Linien k\u00f6nnen eine Kapazit\u00e4t von bis zu 380.000 Produkten pro Stunde haben. Mit den neuen Doppellinienkonfigurationen k\u00f6nnen Produktionsleistungen von bis zu 1500 kg\/h erreicht werden, wobei der Platz und die Arbeitskr\u00e4fte f\u00fcr eine einzige Linie ausreichen.<\/p>\n<p>&nbsp;<\/p>\n<p><img decoding=\"async\" class=\"alignnone size-medium wp-image-2683\" src=\"https:\/\/cormac.eu\/wp-content\/uploads\/2022\/04\/Complete-ball-forming-line-Knipsel-300x98.jpg\" alt=\"\" width=\"300\" height=\"98\" srcset=\"https:\/\/cormac.eu\/wp-content\/uploads\/2022\/04\/Complete-ball-forming-line-Knipsel-300x98.jpg 300w, https:\/\/cormac.eu\/wp-content\/uploads\/2022\/04\/Complete-ball-forming-line-Knipsel-1024x335.jpg 1024w, https:\/\/cormac.eu\/wp-content\/uploads\/2022\/04\/Complete-ball-forming-line-Knipsel-768x252.jpg 768w, https:\/\/cormac.eu\/wp-content\/uploads\/2022\/04\/Complete-ball-forming-line-Knipsel-600x197.jpg 600w, https:\/\/cormac.eu\/wp-content\/uploads\/2022\/04\/Complete-ball-forming-line-Knipsel.jpg 1093w\" sizes=\"(max-width: 300px) 100vw, 300px\" \/><\/p>\n<p><img decoding=\"async\" class=\"alignnone wp-image-2641\" src=\"https:\/\/cormac.eu\/wp-content\/uploads\/2022\/04\/Gum-tennis-balls-300x208.jpg\" alt=\"\" width=\"166\" height=\"116\" srcset=\"https:\/\/cormac.eu\/wp-content\/uploads\/2022\/04\/Gum-tennis-balls-300x208.jpg 300w, https:\/\/cormac.eu\/wp-content\/uploads\/2022\/04\/Gum-tennis-balls.jpg 600w\" sizes=\"(max-width: 166px) 100vw, 166px\" \/><img decoding=\"async\" class=\"alignnone wp-image-2516\" src=\"https:\/\/cormac.eu\/wp-content\/uploads\/2022\/04\/Gum-center-filled-300x197.jpg\" alt=\"\" width=\"164\" height=\"108\" srcset=\"https:\/\/cormac.eu\/wp-content\/uploads\/2022\/04\/Gum-center-filled-300x197.jpg 300w, https:\/\/cormac.eu\/wp-content\/uploads\/2022\/04\/Gum-center-filled.jpg 600w\" sizes=\"(max-width: 164px) 100vw, 164px\" \/><img loading=\"lazy\" decoding=\"async\" class=\"alignnone wp-image-2671\" src=\"https:\/\/cormac.eu\/wp-content\/uploads\/2022\/04\/Gum-center-filled2-275x300.jpg\" alt=\"\" width=\"149\" height=\"163\" srcset=\"https:\/\/cormac.eu\/wp-content\/uploads\/2022\/04\/Gum-center-filled2-275x300.jpg 275w, https:\/\/cormac.eu\/wp-content\/uploads\/2022\/04\/Gum-center-filled2.jpg 600w\" sizes=\"(max-width: 149px) 100vw, 149px\" \/><img loading=\"lazy\" decoding=\"async\" class=\"alignnone wp-image-2676\" src=\"https:\/\/cormac.eu\/wp-content\/uploads\/2022\/04\/Gum-barrels2-300x209.jpg\" alt=\"\" width=\"154\" height=\"107\" srcset=\"https:\/\/cormac.eu\/wp-content\/uploads\/2022\/04\/Gum-barrels2-300x209.jpg 300w, https:\/\/cormac.eu\/wp-content\/uploads\/2022\/04\/Gum-barrels2.jpg 600w\" sizes=\"(max-width: 154px) 100vw, 154px\" \/><img loading=\"lazy\" decoding=\"async\" class=\"alignnone wp-image-2395\" src=\"https:\/\/cormac.eu\/wp-content\/uploads\/2022\/03\/Gum-fruits2-2.jpg\" alt=\"\" width=\"169\" height=\"103\" \/><\/p>\n<table style=\"height: 424px\" width=\"616\">\n<tbody>\n<tr>\n<td width=\"243\">\u00a0<strong>Eigenschaften<\/strong><\/td>\n<td width=\"253\">\u00a0<strong>Vorteile<\/strong><\/td>\n<\/tr>\n<tr>\n<td>Extruder STR mit F\u00fcllvorrichtung<\/td>\n<td>\n<ul>\n<li>Pulverabf\u00fcllung<\/li>\n<li>halbfl\u00fcssige F\u00fcllung<\/li>\n<li>hochpr\u00e4zise Dosierung<\/li>\n<\/ul>\n<\/td>\n<\/tr>\n<tr>\n<td>Ma\u00dfgeschneiderte Mischschnecken<\/td>\n<td>\n<ul>\n<li>auf die Bed\u00fcrfnisse der Kunden abgestimmt<\/li>\n<\/ul>\n<\/td>\n<\/tr>\n<tr>\n<td>Automatische Diemateriekontrolle<\/td>\n<td>\n<ul>\n<li>einheitliches Produkt<\/li>\n<\/ul>\n<\/td>\n<\/tr>\n<tr>\n<td>Kugelformer ist servomotorisch angetrieben<\/td>\n<td>\n<ul>\n<li>Geschwindigkeit und Bewegungskontrolle<\/li>\n<\/ul>\n<\/td>\n<\/tr>\n<tr>\n<td>Vorgl\u00e4ttungsvorrichtung auf Kugelformer<\/td>\n<td>\n<ul>\n<li>verhindern das Auslaufen der Fl\u00fcssigkeitsf\u00fcllung<\/li>\n<\/ul>\n<\/td>\n<\/tr>\n<\/tbody>\n<\/table>\n<p>&nbsp;<\/p>","protected":false},"excerpt":{"rendered":"<p>Kugelformanlagen zur Herstellung von massiven oder gef\u00fcllten zylindrischen Produkten mit einer Leistung von bis zu 380.000 St\u00fcck\/Stunde.<\/p>","protected":false},"featured_media":2680,"comment_status":"open","ping_status":"closed","template":"","meta":{"uix_meta_title":"","uix_meta_description":"","uix_canonical_url":""},"product_brand":[],"product_cat":[104],"product_tag":[],"class_list":{"0":"post-2681","1":"product","2":"type-product","3":"status-publish","4":"has-post-thumbnail","6":"product_cat-processing","8":"first","9":"instock","10":"shipping-taxable","11":"product-type-simple"},"_links":{"self":[{"href":"https:\/\/cormac.eu\/de\/wp-json\/wp\/v2\/product\/2681","targetHints":{"allow":["GET"]}}],"collection":[{"href":"https:\/\/cormac.eu\/de\/wp-json\/wp\/v2\/product"}],"about":[{"href":"https:\/\/cormac.eu\/de\/wp-json\/wp\/v2\/types\/product"}],"replies":[{"embeddable":true,"href":"https:\/\/cormac.eu\/de\/wp-json\/wp\/v2\/comments?post=2681"}],"wp:featuredmedia":[{"embeddable":true,"href":"https:\/\/cormac.eu\/de\/wp-json\/wp\/v2\/media\/2680"}],"wp:attachment":[{"href":"https:\/\/cormac.eu\/de\/wp-json\/wp\/v2\/media?parent=2681"}],"wp:term":[{"taxonomy":"product_brand","embeddable":true,"href":"https:\/\/cormac.eu\/de\/wp-json\/wp\/v2\/product_brand?post=2681"},{"taxonomy":"product_cat","embeddable":true,"href":"https:\/\/cormac.eu\/de\/wp-json\/wp\/v2\/product_cat?post=2681"},{"taxonomy":"product_tag","embeddable":true,"href":"https:\/\/cormac.eu\/de\/wp-json\/wp\/v2\/product_tag?post=2681"}],"curies":[{"name":"wp","href":"https:\/\/api.w.org\/{rel}","templated":true}]}}