{"id":2673,"date":"2022-04-12T21:10:13","date_gmt":"2022-04-12T19:10:13","guid":{"rendered":"https:\/\/cormac.eu\/?post_type=product&#038;p=2673"},"modified":"2022-05-30T23:42:10","modified_gmt":"2022-05-30T21:42:10","slug":"sigma-ruhrwerk-2","status":"publish","type":"product","link":"https:\/\/cormac.eu\/de\/product\/sigma-blade-mixer\/","title":{"rendered":"Sigma Klingenmischer"},"content":{"rendered":"<p>Mischer mit doppelarmigen Sigma-Knetschaufeln zum intensiven Kneten von hochviskosen Massen. Mit diesem Mischer k\u00f6nnen k\u00fcrzere Verarbeitungszeiten ohne Qualit\u00e4tseinbu\u00dfen erreicht werden. Alle Maschinen der Super Strong Serie haben einen doppelwandigen Mixtopf zum Heizen und K\u00fchlen. Dieser Mischbecher kann hydraulisch nach oben und vorne gekippt werden. Die Entleerung kann durch Kippen des Beh\u00e4lters oder mit Hilfe einer Extruderschnecke erfolgen. Vordere und hintere Trommeldichtungen verhindern Leckagen und tragen zur Erhaltung der Produktqualit\u00e4t bei. Die Dichtungen sind aus hochwertigem Material gefertigt.<\/p>\n<p><img decoding=\"async\" class=\"alignnone wp-image-2671\" src=\"https:\/\/cormac.eu\/wp-content\/uploads\/2022\/04\/Gum-center-filled2-275x300.jpg\" alt=\"\" width=\"185\" height=\"202\" srcset=\"https:\/\/cormac.eu\/wp-content\/uploads\/2022\/04\/Gum-center-filled2-275x300.jpg 275w, https:\/\/cormac.eu\/wp-content\/uploads\/2022\/04\/Gum-center-filled2.jpg 600w\" sizes=\"(max-width: 185px) 100vw, 185px\" \/><img decoding=\"async\" class=\"alignnone wp-image-2670\" src=\"https:\/\/cormac.eu\/wp-content\/uploads\/2022\/04\/Gum-bazooka-1.jpg\" alt=\"\" width=\"239\" height=\"150\" \/><img decoding=\"async\" class=\"alignnone wp-image-2669\" src=\"https:\/\/cormac.eu\/wp-content\/uploads\/2022\/04\/Chewy-cubes.jpg\" alt=\"\" width=\"225\" height=\"191\" \/><\/p>\n<table>\n<tbody>\n<tr>\n<td width=\"302\"><strong>Eigenschaften<\/strong><\/td>\n<td width=\"302\"><strong>Vorteile<\/strong><\/td>\n<\/tr>\n<tr>\n<td width=\"302\">Edelstahl und polierte Sigma-Klingen<\/td>\n<td width=\"302\">\n<ul>\n<li style=\"text-align: left\">Hygienisch<\/li>\n<li style=\"text-align: left\">Leichte Reinigung<\/li>\n<\/ul>\n<\/td>\n<\/tr>\n<tr>\n<td width=\"302\">Doppelt ummantelte Schale<\/td>\n<td width=\"302\">\n<ul>\n<li>Steuerung von Heizung und K\u00fchlung<\/li>\n<\/ul>\n<\/td>\n<\/tr>\n<tr>\n<td width=\"302\">Robuste Konstruktion<\/td>\n<td width=\"302\">\n<ul>\n<li>Superstarke Maschine<\/li>\n<\/ul>\n<\/td>\n<\/tr>\n<tr>\n<td width=\"302\">Hochwertige Dichtungen an der Vorder- und R\u00fcckseite der Sch\u00fcssel<\/td>\n<td width=\"302\">\n<ul>\n<li>Keine Leckage<\/li>\n<\/ul>\n<\/td>\n<\/tr>\n<tr>\n<td width=\"302\">Optionen<\/td>\n<td width=\"302\">\n<ul>\n<li>Ummantelter Mixtopf zur Kontrolle der Massentemperatur<\/li>\n<li>Thermische Schalenisolierung<\/li>\n<li>Antrieb mit variabler Frequenz<\/li>\n<li>Spezial-Schneidk\u00f6pfe<\/li>\n<li>Deckelautomatisierung \u00fcber Hydraulikkolben<\/li>\n<\/ul>\n<\/td>\n<\/tr>\n<\/tbody>\n<\/table>\n<p>&nbsp;<\/p>\n<table>\n<tbody>\n<tr>\n<td width=\"138\"><strong>\u00a0\u00a0\u00a0\u00a0\u00a0\u00a0\u00a0 \u00a0\u00a0\u00a0\u00a0\u00a0\u00a0\u00a0\u00a0\u00a0\u00a0\u00a0\u00a0\u00a0\u00a0\u00a0\u00a0\u00a0Modell<\/strong><\/td>\n<td width=\"126\">\n<p style=\"text-align: center\"><strong>SS 240<\/strong><\/p>\n<\/td>\n<td style=\"text-align: center\" width=\"126\"><strong>SS400\/AH400<\/strong><\/td>\n<td style=\"text-align: center\" width=\"107\"><strong>SS600\/AH600<\/strong><\/td>\n<td width=\"107\">\n<p style=\"text-align: center\"><strong>SS2000<\/strong><\/p>\n<\/td>\n<\/tr>\n<tr>\n<td width=\"138\"><strong>Fassungsverm\u00f6gen der Schale<\/strong><\/td>\n<td width=\"126\">\n<p style=\"text-align: center\">240 Ltr.<\/p>\n<\/td>\n<td style=\"text-align: center\" width=\"126\">240 Ltr.<\/td>\n<td style=\"text-align: center\" width=\"107\">600 Ltr.<\/td>\n<td width=\"107\">\n<p style=\"text-align: center\">2000 Ltr.<\/p>\n<\/td>\n<\/tr>\n<tr>\n<td width=\"138\"><strong>Nutzbare Kapazit\u00e4t<\/strong><\/td>\n<td width=\"126\">\n<p style=\"text-align: center\">150 Ltr.<\/p>\n<\/td>\n<td style=\"text-align: center\" width=\"126\">300 Ltr.<\/td>\n<td style=\"text-align: center\" width=\"107\">450 Ltr.<\/td>\n<td width=\"107\">\n<p style=\"text-align: center\">1300 Ltr.<\/p>\n<\/td>\n<\/tr>\n<tr>\n<td width=\"138\"><strong>Entladen<\/strong><\/td>\n<td width=\"126\">\n<p style=\"text-align: center\">Kippen<\/p>\n<\/td>\n<td style=\"text-align: center\" width=\"126\">Kippen\/Schraube<\/td>\n<td style=\"text-align: center\" width=\"107\">Tilgung \/ Schraube<\/td>\n<td width=\"107\">\n<p style=\"text-align: center\">Kippen<\/p>\n<\/td>\n<\/tr>\n<\/tbody>\n<\/table>","protected":false},"excerpt":{"rendered":"<p>Doppelarmiger Sigma-Mischer zum intensiven Kneten von hochviskosen Massen.<\/p>","protected":false},"featured_media":2672,"comment_status":"open","ping_status":"closed","template":"","meta":{"uix_meta_title":"","uix_meta_description":"","uix_canonical_url":""},"product_brand":[],"product_cat":[104],"product_tag":[],"class_list":{"0":"post-2673","1":"product","2":"type-product","3":"status-publish","4":"has-post-thumbnail","6":"product_cat-processing","8":"first","9":"instock","10":"shipping-taxable","11":"product-type-simple"},"_links":{"self":[{"href":"https:\/\/cormac.eu\/de\/wp-json\/wp\/v2\/product\/2673","targetHints":{"allow":["GET"]}}],"collection":[{"href":"https:\/\/cormac.eu\/de\/wp-json\/wp\/v2\/product"}],"about":[{"href":"https:\/\/cormac.eu\/de\/wp-json\/wp\/v2\/types\/product"}],"replies":[{"embeddable":true,"href":"https:\/\/cormac.eu\/de\/wp-json\/wp\/v2\/comments?post=2673"}],"wp:featuredmedia":[{"embeddable":true,"href":"https:\/\/cormac.eu\/de\/wp-json\/wp\/v2\/media\/2672"}],"wp:attachment":[{"href":"https:\/\/cormac.eu\/de\/wp-json\/wp\/v2\/media?parent=2673"}],"wp:term":[{"taxonomy":"product_brand","embeddable":true,"href":"https:\/\/cormac.eu\/de\/wp-json\/wp\/v2\/product_brand?post=2673"},{"taxonomy":"product_cat","embeddable":true,"href":"https:\/\/cormac.eu\/de\/wp-json\/wp\/v2\/product_cat?post=2673"},{"taxonomy":"product_tag","embeddable":true,"href":"https:\/\/cormac.eu\/de\/wp-json\/wp\/v2\/product_tag?post=2673"}],"curies":[{"name":"wp","href":"https:\/\/api.w.org\/{rel}","templated":true}]}}