{"id":2657,"date":"2022-04-12T18:48:22","date_gmt":"2022-04-12T16:48:22","guid":{"rendered":"https:\/\/cormac.eu\/?post_type=product&#038;p=2657"},"modified":"2022-05-30T16:24:50","modified_gmt":"2022-05-30T14:24:50","slug":"extruder-cstr","status":"publish","type":"product","link":"https:\/\/cormac.eu\/de\/product\/extruder-cstr\/","title":{"rendered":"Extruder CSTR"},"content":{"rendered":"<p>Gegenl\u00e4ufige Doppelschneckenextruder f\u00fcr die Herstellung von Produkten wie Fruchtpasten, Weichkaramellen, Toffees, M\u00fcsli- und Proteinriegeln, Kaugummis und Bubble Gums durch Extrusion. Diese Extruder eignen sich besonders f\u00fcr die Herstellung von Produkten mit Zentralf\u00fcllung, bei denen die Masse unter hohem Druck in einem gleichm\u00e4\u00dfigen Strom extrudiert wird. Es ist m\u00f6glich, F\u00fcllvorrichtungen f\u00fcr Pulver, Granulate, Halbfl\u00fcssigkeiten oder Granulate an den Extrusionskopf anzuschlie\u00dfen, um spezielle Produkte mit Kernf\u00fcllung herzustellen. Wenn 2 oder mehrere Extruder kombiniert werden, k\u00f6nnen co-extrudierte Produkte hergestellt werden. Dank einer breiten Palette von Extrusionsk\u00f6pfen und Speziald\u00fcsen k\u00f6nnen viele Kombinationen von Formen, Geschmacksrichtungen und Farben hergestellt werden.<\/p>\n<p><img decoding=\"async\" class=\"alignnone wp-image-2655\" src=\"https:\/\/cormac.eu\/wp-content\/uploads\/2022\/04\/Gum-bazooka-300x188.jpg\" alt=\"\" width=\"209\" height=\"131\" srcset=\"https:\/\/cormac.eu\/wp-content\/uploads\/2022\/04\/Gum-bazooka-300x188.jpg 300w, https:\/\/cormac.eu\/wp-content\/uploads\/2022\/04\/Gum-bazooka.jpg 600w\" sizes=\"(max-width: 209px) 100vw, 209px\" \/><img decoding=\"async\" class=\"alignnone wp-image-2654\" src=\"https:\/\/cormac.eu\/wp-content\/uploads\/2022\/04\/Chewy-cubes2.jpg\" alt=\"\" width=\"214\" height=\"126\" \/><img decoding=\"async\" class=\"alignnone wp-image-2656\" src=\"https:\/\/cormac.eu\/wp-content\/uploads\/2022\/04\/Chewy-bar2-300x85.jpg\" alt=\"\" width=\"339\" height=\"96\" srcset=\"https:\/\/cormac.eu\/wp-content\/uploads\/2022\/04\/Chewy-bar2-300x85.jpg 300w, https:\/\/cormac.eu\/wp-content\/uploads\/2022\/04\/Chewy-bar2.jpg 600w\" sizes=\"(max-width: 339px) 100vw, 339px\" \/><\/p>\n<p>&nbsp;<\/p>\n<table width=\"604\">\n<tbody>\n<tr>\n<td width=\"302\"><strong>Eigenschaften<\/strong><\/td>\n<td width=\"302\"><strong>Vorteile<\/strong><\/td>\n<\/tr>\n<tr>\n<td width=\"302\">Robustes Design und Konstruktion<\/td>\n<td width=\"302\">\n<ul>\n<li>Lange Lebensdauer<\/li>\n<li>sicherer Betrieb<\/li>\n<\/ul>\n<\/td>\n<\/tr>\n<tr>\n<td width=\"302\">Edelstahl f\u00fcr produktber\u00fchrte Bereiche<\/td>\n<td width=\"302\">\n<ul>\n<li>Lebensmittelsicherheit<\/li>\n<li>Hygiene<\/li>\n<\/ul>\n<\/td>\n<\/tr>\n<tr>\n<td width=\"302\">2-Schnecken-Einzug und gegenl\u00e4ufige Schnecken<\/td>\n<td width=\"302\">\n<ul>\n<li>Stabile Zuf\u00fchrung<\/li>\n<li>konstanter Produktfluss<\/li>\n<\/ul>\n<\/td>\n<\/tr>\n<tr>\n<td width=\"302\">Doppelmantel-Extrusionskopf mit elektronischer Temperaturregelung<\/td>\n<td width=\"302\">\n<ul>\n<li>Gleichm\u00e4\u00dfige Temperatur und Kontrolle<\/li>\n<\/ul>\n<\/td>\n<\/tr>\n<tr>\n<td width=\"302\">Antrieb mit variabler Geschwindigkeit<\/td>\n<td width=\"302\">\n<ul>\n<li>Pr\u00e4zise Prozess- und Geschwindigkeitskontrolle<\/li>\n<\/ul>\n<\/td>\n<\/tr>\n<tr>\n<td width=\"302\">Optionen<\/td>\n<td width=\"302\">\n<ul>\n<li>Mehrere Extruderkombinationen<\/li>\n<\/ul>\n<\/td>\n<\/tr>\n<\/tbody>\n<\/table>","protected":false},"excerpt":{"rendered":"<p>Doppelschneckenextruder f\u00fcr die Herstellung von Fruchtpasten, Weichkaramellen, Toffees, M\u00fcsli- und Proteinriegeln, Kaugummis und Bubble Gums.<\/p>","protected":false},"featured_media":2658,"comment_status":"open","ping_status":"closed","template":"","meta":{"uix_meta_title":"","uix_meta_description":"","uix_canonical_url":""},"product_brand":[],"product_cat":[104],"product_tag":[],"class_list":{"0":"post-2657","1":"product","2":"type-product","3":"status-publish","4":"has-post-thumbnail","6":"product_cat-processing","8":"first","9":"instock","10":"shipping-taxable","11":"product-type-simple"},"_links":{"self":[{"href":"https:\/\/cormac.eu\/de\/wp-json\/wp\/v2\/product\/2657","targetHints":{"allow":["GET"]}}],"collection":[{"href":"https:\/\/cormac.eu\/de\/wp-json\/wp\/v2\/product"}],"about":[{"href":"https:\/\/cormac.eu\/de\/wp-json\/wp\/v2\/types\/product"}],"replies":[{"embeddable":true,"href":"https:\/\/cormac.eu\/de\/wp-json\/wp\/v2\/comments?post=2657"}],"wp:featuredmedia":[{"embeddable":true,"href":"https:\/\/cormac.eu\/de\/wp-json\/wp\/v2\/media\/2658"}],"wp:attachment":[{"href":"https:\/\/cormac.eu\/de\/wp-json\/wp\/v2\/media?parent=2657"}],"wp:term":[{"taxonomy":"product_brand","embeddable":true,"href":"https:\/\/cormac.eu\/de\/wp-json\/wp\/v2\/product_brand?post=2657"},{"taxonomy":"product_cat","embeddable":true,"href":"https:\/\/cormac.eu\/de\/wp-json\/wp\/v2\/product_cat?post=2657"},{"taxonomy":"product_tag","embeddable":true,"href":"https:\/\/cormac.eu\/de\/wp-json\/wp\/v2\/product_tag?post=2657"}],"curies":[{"name":"wp","href":"https:\/\/api.w.org\/{rel}","templated":true}]}}