{"id":2643,"date":"2022-04-12T18:11:57","date_gmt":"2022-04-12T16:11:57","guid":{"rendered":"https:\/\/cormac.eu\/?post_type=product&#038;p=2643"},"modified":"2022-05-30T16:24:58","modified_gmt":"2022-05-30T14:24:58","slug":"kuhltunnel-ctm-2","status":"publish","type":"product","link":"https:\/\/cormac.eu\/de\/product\/coolin-tunnel-ctm\/","title":{"rendered":"K\u00fchltunnel CTM"},"content":{"rendered":"<p>Carugil-K\u00fchltunnel Modell CTM zum K\u00fchlen von Kugeln und zylindrischen Teilen, massiv, hohl und gef\u00fcllt. W\u00e4hrend des K\u00fchlvorgangs bleibt die Form des Produkts unver\u00e4ndert. Dank eines effizienten Str\u00f6mungssystems der K\u00fchlluft sind hohe Kapazit\u00e4ten bis zu 1000 kg\/h m\u00f6glich. Dieser K\u00fchltunnel kann mit verschiedenen Optionen geliefert werden, um die spezifischen Anforderungen des Kunden zu erf\u00fcllen. Dar\u00fcber hinaus k\u00f6nnen sie je nach Modell auch nachtr\u00e4glich auf h\u00f6here Leistungen aufger\u00fcstet werden.<br \/>\nDiese K\u00fchltunnel k\u00f6nnen in offener oder geschlossener Ausf\u00fchrung konfiguriert werden, f\u00fcr kleine und mittelgro\u00dfe Hersteller oder f\u00fcr gr\u00f6\u00dfere Industrieanlagen. Die K\u00fchlung kann durch Gas oder Kaltwasser erfolgen.<\/p>\n<p><img decoding=\"async\" class=\"alignnone wp-image-2645\" src=\"https:\/\/cormac.eu\/wp-content\/uploads\/2022\/04\/Chewy-candy-lozenges-300x202.jpg\" alt=\"\" width=\"201\" height=\"135\" srcset=\"https:\/\/cormac.eu\/wp-content\/uploads\/2022\/04\/Chewy-candy-lozenges-300x202.jpg 300w, https:\/\/cormac.eu\/wp-content\/uploads\/2022\/04\/Chewy-candy-lozenges.jpg 600w\" sizes=\"(max-width: 201px) 100vw, 201px\" \/><img decoding=\"async\" class=\"alignnone wp-image-2642\" src=\"https:\/\/cormac.eu\/wp-content\/uploads\/2022\/04\/Mentos-Choco.jpg\" alt=\"\" width=\"184\" height=\"135\" \/><\/p>\n<p>&nbsp;<\/p>\n<table>\n<tbody>\n<tr>\n<td width=\"302\"><strong>Eigenschaften<\/strong><\/td>\n<td width=\"302\"><strong>Vorteile<\/strong><\/td>\n<\/tr>\n<tr>\n<td width=\"302\">Extra gro\u00dfe Produktebenen<\/td>\n<td width=\"302\">\n<ul>\n<li>St\u00e4ndiges Walzen von Produkten<\/li>\n<li>Verhindert Verformung<\/li>\n<\/ul>\n<\/td>\n<\/tr>\n<tr>\n<td width=\"302\">Optimales System f\u00fcr den K\u00fchlluftstrom<\/td>\n<td width=\"302\">\n<ul>\n<li>Hohe Kapazit\u00e4t<\/li>\n<li>Gleichm\u00e4\u00dfige K\u00fchlung<\/li>\n<\/ul>\n<\/td>\n<\/tr>\n<tr>\n<td width=\"302\">Modem-Verbindungen<\/td>\n<td width=\"302\">\n<ul>\n<li>Fernunterst\u00fctzung m\u00f6glich<\/li>\n<\/ul>\n<\/td>\n<\/tr>\n<tr>\n<td width=\"302\">Ausf\u00fchrung aus rostfreiem Stahl<\/td>\n<td width=\"302\">\n<ul>\n<li>Hygiene<\/li>\n<li>leichte Reinigung<\/li>\n<\/ul>\n<\/td>\n<\/tr>\n<\/tbody>\n<\/table>\n<p>&nbsp;<\/p>\n<table>\n<tbody>\n<tr>\n<td width=\"201\">\n<p style=\"text-align: center;\">\n<\/td>\n<td style=\"text-align: center;\" width=\"201\"><strong>Modell CTM-6000<\/strong><\/td>\n<td width=\"201\">\n<p style=\"text-align: center;\"><strong>Modell CTM-6000 C<\/strong><\/p>\n<\/td>\n<\/tr>\n<tr>\n<td width=\"201\"><strong>Kapazit\u00e4t<\/strong><\/td>\n<td width=\"201\">\n<p style=\"text-align: center;\">Bis zu 1000 kg\/Std.<\/p>\n<\/td>\n<td width=\"201\">\n<p style=\"text-align: center;\">Bis zu 1000 kg\/Std.<\/p>\n<\/td>\n<\/tr>\n<tr>\n<td width=\"201\"><strong>Nr. Etagen<\/strong><\/td>\n<td width=\"201\">\n<p style=\"text-align: center;\">3<\/p>\n<\/td>\n<td width=\"201\">\n<p style=\"text-align: center;\">3<\/p>\n<\/td>\n<\/tr>\n<tr>\n<td width=\"201\"><strong>Abmessungen<\/strong><\/td>\n<td width=\"201\">\n<p style=\"text-align: center;\">2985 x 1120 x 965 mm<\/p>\n<\/td>\n<td width=\"201\">\n<p style=\"text-align: center;\">3750 x 1710 x 1800 mm<\/p>\n<\/td>\n<\/tr>\n<tr>\n<td width=\"201\"><strong>Das K\u00fchlsystem<\/strong><\/td>\n<td width=\"201\">\n<p style=\"text-align: center;\">Umgebungsluft<\/p>\n<\/td>\n<td width=\"201\">\n<p style=\"text-align: center;\">Bis zu 30 kW<\/p>\n<\/td>\n<\/tr>\n<tr>\n<td width=\"201\"><strong>Strom<\/strong><\/td>\n<td width=\"201\">\n<p style=\"text-align: center;\">1,05 kW<\/p>\n<\/td>\n<td width=\"201\">\n<p style=\"text-align: center;\">1,05 kW + K\u00fchlaggregat<\/p>\n<\/td>\n<\/tr>\n<\/tbody>\n<\/table>","protected":false},"excerpt":{"rendered":"<p>K\u00fchltunnel zur K\u00fchlung von Kugeln und zylindrischen Teilen, massiv, hohl und gef\u00fcllt.<\/p>","protected":false},"featured_media":2644,"comment_status":"open","ping_status":"closed","template":"","meta":{"uix_meta_title":"","uix_meta_description":"","uix_canonical_url":""},"product_brand":[],"product_cat":[104],"product_tag":[],"class_list":{"0":"post-2643","1":"product","2":"type-product","3":"status-publish","4":"has-post-thumbnail","6":"product_cat-processing","8":"first","9":"instock","10":"shipping-taxable","11":"product-type-simple"},"_links":{"self":[{"href":"https:\/\/cormac.eu\/de\/wp-json\/wp\/v2\/product\/2643","targetHints":{"allow":["GET"]}}],"collection":[{"href":"https:\/\/cormac.eu\/de\/wp-json\/wp\/v2\/product"}],"about":[{"href":"https:\/\/cormac.eu\/de\/wp-json\/wp\/v2\/types\/product"}],"replies":[{"embeddable":true,"href":"https:\/\/cormac.eu\/de\/wp-json\/wp\/v2\/comments?post=2643"}],"wp:featuredmedia":[{"embeddable":true,"href":"https:\/\/cormac.eu\/de\/wp-json\/wp\/v2\/media\/2644"}],"wp:attachment":[{"href":"https:\/\/cormac.eu\/de\/wp-json\/wp\/v2\/media?parent=2643"}],"wp:term":[{"taxonomy":"product_brand","embeddable":true,"href":"https:\/\/cormac.eu\/de\/wp-json\/wp\/v2\/product_brand?post=2643"},{"taxonomy":"product_cat","embeddable":true,"href":"https:\/\/cormac.eu\/de\/wp-json\/wp\/v2\/product_cat?post=2643"},{"taxonomy":"product_tag","embeddable":true,"href":"https:\/\/cormac.eu\/de\/wp-json\/wp\/v2\/product_tag?post=2643"}],"curies":[{"name":"wp","href":"https:\/\/api.w.org\/{rel}","templated":true}]}}