{"id":2488,"date":"2022-04-07T23:03:37","date_gmt":"2022-04-07T21:03:37","guid":{"rendered":"https:\/\/cormac.eu\/?post_type=product&#038;p=2488"},"modified":"2022-05-30T16:26:45","modified_gmt":"2022-05-30T14:26:45","slug":"bch-schokolade-pumpe","status":"publish","type":"product","link":"https:\/\/cormac.eu\/de\/product\/bch-chocolate-pump\/","title":{"rendered":"Schokoladenpumpe BCH"},"content":{"rendered":"<p>Die Lloveras BCH-Schokoladenpumpen sind ideal f\u00fcr die F\u00f6rderung von Schokolade, Compounds, Cremes und \u00e4hnlichen Massen in gleichm\u00e4\u00dfigen Str\u00f6men ohne Ver\u00e4nderung der intrinsischen Temperatur- und Viskosit\u00e4tswerte. Diese Zahnradpumpe besteht aus einem doppelt ummantelten Geh\u00e4use, das f\u00fcr den Anschluss an einen Heizwasserkreislauf vorbereitet ist.  Die Masse wird mit Hilfe eines Untersetzungsgetriebes transportiert, dessen Kraft \u00fcber eine mechanische Kupplung auf den Pumpenk\u00f6rper \u00fcbertragen wird. Die Innenzahnr\u00e4der pumpen die Masse durch. Pumpen mit mehreren Drehzahlen, sowohl mechanische als auch elektronische, erm\u00f6glichen das Pumpen von Produkten wie Kakaomasse und Butter, fl\u00fcssigen Fetten und anderen Massen mit relativ hohem Fettgehalt. Die Lloveras-Pumpe des Typs BCH ist mit entsprechenden Einlass- und Auslassflanschen und -verbindungen ausgestattet, die die Installation erleichtern. Ersatzteile f\u00fcr diese Pumpen sind ebenfalls erh\u00e4ltlich.<\/p>\n<p><strong>Typen <\/strong>(<em>Die Verf\u00fcgbarkeit ist auf Anfrage zu best\u00e4tigen.<\/em>)<\/p>\n<table style=\"height: 265px;\" width=\"754\">\n<tbody>\n<tr>\n<td width=\"144\"><\/td>\n<td width=\"153\">\n<p style=\"text-align: center;\"><strong>BCH-40<\/strong><\/p>\n<\/td>\n<td style=\"text-align: center;\" width=\"153\"><strong>BCH-55<\/strong><\/td>\n<td width=\"153\">\n<p style=\"text-align: center;\"><strong>BCH- 70<\/strong><\/p>\n<\/td>\n<\/tr>\n<tr>\n<td width=\"144\">\n<p style=\"text-align: center;\"><strong>kW<\/strong><\/p>\n<\/td>\n<td width=\"153\">\n<p style=\"text-align: center;\">0,55 - 0,75<\/p>\n<\/td>\n<td style=\"text-align: center;\" width=\"153\">1,1 - 1,5 - 2,2<\/td>\n<td width=\"153\">\n<p style=\"text-align: center;\">3 - 4 - 5,5 - 11<\/p>\n<\/td>\n<\/tr>\n<tr>\n<td width=\"144\">\n<p style=\"text-align: center;\"><strong>Umdrehungen pro Minute<\/strong><\/p>\n<\/td>\n<td width=\"153\">\u00a0120\u00a0 \u00a0~ \u00a0\u00a0\u00a0200 \u00a0~ \u00a0\u00a0\u00a0250<\/td>\n<td width=\"153\">120\u00a0\u00a0 ~ \u00a0\u00a0\u00a0200 \u00a0~\u00a0 \u00a0250<\/td>\n<td width=\"153\">\u00a0\u00a0155 \u00a0~ \u00a0\u00a0205 ~ \u00a0\u00a0\u00a0\u00a0255<\/td>\n<\/tr>\n<tr>\n<td width=\"144\">\n<p style=\"text-align: center;\"><strong>l\/h<\/strong><\/p>\n<\/td>\n<td width=\"153\">\u00a0 870\u00a0 ~ \u00a01140 \u00a0~ \u00a01800<\/td>\n<td width=\"153\">2400 ~ \u00a04000 ~ \u00a05000<\/td>\n<td width=\"153\">7500 \u00a0~ 9900 ~ 12300<\/td>\n<\/tr>\n<\/tbody>\n<\/table>\n<p>&nbsp;<\/p>\n<table width=\"604\">\n<tbody>\n<tr>\n<td width=\"302\">\n<p style=\"text-align: center;\"><strong>Eigenschaften<\/strong><\/p>\n<\/td>\n<td width=\"302\">\n<p style=\"text-align: center;\"><strong>Vorteile<\/strong><\/p>\n<\/td>\n<\/tr>\n<tr>\n<td width=\"302\">Isolierter Motor<\/td>\n<td width=\"302\">\n<ul>\n<li>Keine Kontamination des Produkts<\/li>\n<\/ul>\n<\/td>\n<\/tr>\n<tr>\n<td width=\"302\">Hochwertige Lager und Dichtungen<\/td>\n<td width=\"302\">\n<ul>\n<li>Verhindern Sie externe Lecks<\/li>\n<\/ul>\n<\/td>\n<\/tr>\n<tr>\n<td width=\"302\">Seitliche Positionierung von Produkteinlass und -auslass<\/td>\n<td width=\"302\">\n<ul>\n<li>\u00a0Keine Ver\u00e4nderung der physikalischen Eigenschaften der Masse<\/li>\n<\/ul>\n<\/td>\n<\/tr>\n<tr>\n<td width=\"302\">Doppelt ummanteltes Pumpengeh\u00e4use<\/td>\n<td width=\"302\">\n<ul>\n<li>hervorragende Temperaturkontrolle<\/li>\n<li>konstante gleichm\u00e4\u00dfige Str\u00f6mung<\/li>\n<\/ul>\n<\/td>\n<\/tr>\n<\/tbody>\n<\/table>\n<p>&nbsp;<\/p>","protected":false},"excerpt":{"rendered":"<p>Pumpe f\u00fcr den Transfer von Schokolade, Compounds, Cremes und \u00e4hnlichen Massen.<\/p>","protected":false},"featured_media":2486,"comment_status":"open","ping_status":"closed","template":"","meta":{"uix_meta_title":"","uix_meta_description":"","uix_canonical_url":""},"product_brand":[],"product_cat":[104],"product_tag":[],"class_list":{"0":"post-2488","1":"product","2":"type-product","3":"status-publish","4":"has-post-thumbnail","6":"product_cat-processing","8":"first","9":"instock","10":"shipping-taxable","11":"product-type-simple"},"_links":{"self":[{"href":"https:\/\/cormac.eu\/de\/wp-json\/wp\/v2\/product\/2488","targetHints":{"allow":["GET"]}}],"collection":[{"href":"https:\/\/cormac.eu\/de\/wp-json\/wp\/v2\/product"}],"about":[{"href":"https:\/\/cormac.eu\/de\/wp-json\/wp\/v2\/types\/product"}],"replies":[{"embeddable":true,"href":"https:\/\/cormac.eu\/de\/wp-json\/wp\/v2\/comments?post=2488"}],"wp:featuredmedia":[{"embeddable":true,"href":"https:\/\/cormac.eu\/de\/wp-json\/wp\/v2\/media\/2486"}],"wp:attachment":[{"href":"https:\/\/cormac.eu\/de\/wp-json\/wp\/v2\/media?parent=2488"}],"wp:term":[{"taxonomy":"product_brand","embeddable":true,"href":"https:\/\/cormac.eu\/de\/wp-json\/wp\/v2\/product_brand?post=2488"},{"taxonomy":"product_cat","embeddable":true,"href":"https:\/\/cormac.eu\/de\/wp-json\/wp\/v2\/product_cat?post=2488"},{"taxonomy":"product_tag","embeddable":true,"href":"https:\/\/cormac.eu\/de\/wp-json\/wp\/v2\/product_tag?post=2488"}],"curies":[{"name":"wp","href":"https:\/\/api.w.org\/{rel}","templated":true}]}}