{"id":2480,"date":"2022-04-03T14:12:30","date_gmt":"2022-04-03T12:12:30","guid":{"rendered":"https:\/\/cormac.eu\/?post_type=product&#038;p=2480"},"modified":"2023-10-27T15:25:41","modified_gmt":"2023-10-27T13:25:41","slug":"kakaoblock-brecher-2","status":"publish","type":"product","link":"https:\/\/cormac.eu\/de\/product\/cocoa-block-crusher\/","title":{"rendered":"Kakaoblock-Brecher"},"content":{"rendered":"<p>Diese Maschine schneidet 20-30 kg schwere Kakaomassebl\u00f6cke in kleine St\u00fccke. Im Allgemeinen wird dieses Ger\u00e4t auf einen Kakaomassen-Schmelztank aufgesetzt. Nach dem Schneiden fallen die zerkleinerten St\u00fccke zum schnelleren Schmelzen in den Tank. Das Herzst\u00fcck des Schneidemechanismus sind zwei Drehachsen aus rostfreiem Stahl, die jeweils mit f\u00fcnfzehn Messern ausgestattet sind und unabh\u00e4ngig voneinander laufen. Die Kapazit\u00e4t liegt bei 14-15 Bl\u00f6cken pro Stunde, was zu einer durchschnittlichen Leistung von bis zu 600 kg\/Stunde f\u00fchrt, abh\u00e4ngig von der Zuf\u00fchrungsgeschwindigkeit.<\/p>\n<p>&nbsp;<\/p>\n<p>&nbsp;<\/p>\n<table width=\"604\">\n<tbody>\n<tr>\n<td width=\"302\"><strong>Eigenschaften<\/strong><\/td>\n<td width=\"302\"><strong>Vorteile<\/strong><\/td>\n<\/tr>\n<tr>\n<td width=\"302\">Kompakt<\/td>\n<td width=\"302\">\n<ul>\n<li>Geringerer Platzbedarf<\/li>\n<li>einfache Montage \u00fcber dem Schmelztank<\/li>\n<\/ul>\n<\/td>\n<\/tr>\n<tr>\n<td width=\"302\">Ausf\u00fchrung aus rostfreiem Stahl<\/td>\n<td width=\"302\">\n<ul>\n<li>Hygienisch<\/li>\n<li>Robuste<\/li>\n<\/ul>\n<\/td>\n<\/tr>\n<\/tbody>\n<\/table>","protected":false},"excerpt":{"rendered":"<p>Maschine zum Zerkleinern und Schneiden von 20-30 KG Kakaomassebl\u00f6cken in kleine St\u00fccke.<\/p>","protected":false},"featured_media":2479,"comment_status":"open","ping_status":"closed","template":"","meta":{"uix_meta_title":"","uix_meta_description":"","uix_canonical_url":""},"product_brand":[],"product_cat":[104],"product_tag":[],"class_list":{"0":"post-2480","1":"product","2":"type-product","3":"status-publish","4":"has-post-thumbnail","6":"product_cat-processing","8":"first","9":"instock","10":"shipping-taxable","11":"product-type-simple"},"_links":{"self":[{"href":"https:\/\/cormac.eu\/de\/wp-json\/wp\/v2\/product\/2480","targetHints":{"allow":["GET"]}}],"collection":[{"href":"https:\/\/cormac.eu\/de\/wp-json\/wp\/v2\/product"}],"about":[{"href":"https:\/\/cormac.eu\/de\/wp-json\/wp\/v2\/types\/product"}],"replies":[{"embeddable":true,"href":"https:\/\/cormac.eu\/de\/wp-json\/wp\/v2\/comments?post=2480"}],"wp:featuredmedia":[{"embeddable":true,"href":"https:\/\/cormac.eu\/de\/wp-json\/wp\/v2\/media\/2479"}],"wp:attachment":[{"href":"https:\/\/cormac.eu\/de\/wp-json\/wp\/v2\/media?parent=2480"}],"wp:term":[{"taxonomy":"product_brand","embeddable":true,"href":"https:\/\/cormac.eu\/de\/wp-json\/wp\/v2\/product_brand?post=2480"},{"taxonomy":"product_cat","embeddable":true,"href":"https:\/\/cormac.eu\/de\/wp-json\/wp\/v2\/product_cat?post=2480"},{"taxonomy":"product_tag","embeddable":true,"href":"https:\/\/cormac.eu\/de\/wp-json\/wp\/v2\/product_tag?post=2480"}],"curies":[{"name":"wp","href":"https:\/\/api.w.org\/{rel}","templated":true}]}}