{"id":2446,"date":"2022-04-02T15:45:33","date_gmt":"2022-04-02T13:45:33","guid":{"rendered":"https:\/\/cormac.eu\/?post_type=product&#038;p=2446"},"modified":"2022-06-06T00:37:52","modified_gmt":"2022-06-05T22:37:52","slug":"korbtransportsysteme-2","status":"publish","type":"product","link":"https:\/\/cormac.eu\/de\/product\/basket-handling-systems\/","title":{"rendered":"Systeme zur Handhabung von K\u00f6rben"},"content":{"rendered":"<p>Zur Korbhandhabungsausr\u00fcstung geh\u00f6ren zum Beispiel: Korbelevatoren, Korbstapler und -entstapler, Korbzuf\u00fchrungsb\u00e4nder, Korbbelader, usw. Diese Ausr\u00fcstung gibt es in verschiedenen Maschinentypen und Konfigurationen, immer nach Kundenwunsch.<\/p>\n<p>&nbsp;<\/p>\n<table width=\"604\">\n<tbody>\n<tr>\n<td width=\"302\"><strong>Eigenschaften<\/strong><\/td>\n<td width=\"302\"><strong>Vorteile<\/strong><\/td>\n<\/tr>\n<tr>\n<td width=\"302\">Konstruktion aus rostfreiem Stahl<\/td>\n<td width=\"302\">\n<ul>\n<li>Starre<\/li>\n<li>Hygenisch<\/li>\n<\/ul>\n<\/td>\n<\/tr>\n<tr>\n<td width=\"302\">Systemintegration<\/td>\n<td width=\"302\">\n<ul>\n<li>Die Ausr\u00fcstung kann in die bestehende Fabrikausr\u00fcstung integriert werden<\/li>\n<\/ul>\n<\/td>\n<\/tr>\n<tr>\n<td width=\"302\"><\/td>\n<td width=\"302\"><\/td>\n<\/tr>\n<tr>\n<td width=\"302\">Waschen, Sp\u00fclen und Trocknen<\/td>\n<td width=\"302\">\n<ul>\n<li>Hervorragende Reinigungsergebnisse<\/li>\n<\/ul>\n<\/td>\n<\/tr>\n<tr>\n<td width=\"302\">Optional<\/td>\n<td width=\"302\">\n<ul>\n<li>Schl\u00fcsselfertige Systeme<\/li>\n<li>Integration der Systeme<\/li>\n<\/ul>\n<\/td>\n<\/tr>\n<\/tbody>\n<\/table>","protected":false},"excerpt":{"rendered":"<p>Korb- und Kistenhandlingsystem nach Kundenwunsch.<\/p>","protected":false},"featured_media":2447,"comment_status":"open","ping_status":"closed","template":"","meta":{"uix_meta_title":"","uix_meta_description":"","uix_canonical_url":""},"product_brand":[],"product_cat":[108],"product_tag":[],"class_list":{"0":"post-2446","1":"product","2":"type-product","3":"status-publish","4":"has-post-thumbnail","6":"product_cat-hygiene","8":"first","9":"instock","10":"shipping-taxable","11":"product-type-simple"},"_links":{"self":[{"href":"https:\/\/cormac.eu\/de\/wp-json\/wp\/v2\/product\/2446","targetHints":{"allow":["GET"]}}],"collection":[{"href":"https:\/\/cormac.eu\/de\/wp-json\/wp\/v2\/product"}],"about":[{"href":"https:\/\/cormac.eu\/de\/wp-json\/wp\/v2\/types\/product"}],"replies":[{"embeddable":true,"href":"https:\/\/cormac.eu\/de\/wp-json\/wp\/v2\/comments?post=2446"}],"wp:featuredmedia":[{"embeddable":true,"href":"https:\/\/cormac.eu\/de\/wp-json\/wp\/v2\/media\/2447"}],"wp:attachment":[{"href":"https:\/\/cormac.eu\/de\/wp-json\/wp\/v2\/media?parent=2446"}],"wp:term":[{"taxonomy":"product_brand","embeddable":true,"href":"https:\/\/cormac.eu\/de\/wp-json\/wp\/v2\/product_brand?post=2446"},{"taxonomy":"product_cat","embeddable":true,"href":"https:\/\/cormac.eu\/de\/wp-json\/wp\/v2\/product_cat?post=2446"},{"taxonomy":"product_tag","embeddable":true,"href":"https:\/\/cormac.eu\/de\/wp-json\/wp\/v2\/product_tag?post=2446"}],"curies":[{"name":"wp","href":"https:\/\/api.w.org\/{rel}","templated":true}]}}