{"id":2444,"date":"2022-04-02T15:07:52","date_gmt":"2022-04-02T13:07:52","guid":{"rendered":"https:\/\/cormac.eu\/?post_type=product&#038;p=2444"},"modified":"2022-06-06T00:41:45","modified_gmt":"2022-06-05T22:41:45","slug":"kistenwaschanlage","status":"publish","type":"product","link":"https:\/\/cormac.eu\/de\/product\/crate-washer\/","title":{"rendered":"Kistenwaschanlage"},"content":{"rendered":"<p>Kistenwaschmaschinen k\u00f6nnen in einer breiten Palette mit Kapazit\u00e4ten von bis zu 8000 Kisten\/Stunde ausgef\u00fchrt werden. Im Allgemeinen werden sie nach Kundenspezifikation gebaut und k\u00f6nnen von Multi-Sanitize-Einheiten bis zu Multi-Behandlungseinheiten mit dem Newsmith-Trocknungsprogramm reichen.<br \/>\nDie Breite des F\u00f6rderbands und die H\u00f6he des Tunnels k\u00f6nnen an die zu reinigenden Objekte angepasst werden. Die Temperatur der Reinigungsl\u00f6sung wird thermostatisch geregelt.<\/p>\n<table width=\"604\">\n<tbody>\n<tr>\n<td width=\"302\">\n<p style=\"text-align: center\"><strong>Eigenschaften<\/strong><\/p>\n<\/td>\n<td width=\"302\">\n<p style=\"text-align: center\"><strong>Vorteile<\/strong><\/p>\n<\/td>\n<\/tr>\n<tr>\n<td width=\"302\">Konstruktion aus rostfreiem Stahl<\/td>\n<td width=\"302\">\n<ul>\n<li>Starre<\/li>\n<li>Hygenisch<\/li>\n<\/ul>\n<\/td>\n<\/tr>\n<tr>\n<td width=\"302\">Hochwertige Filter<\/td>\n<td width=\"302\">\n<ul>\n<li>Einfache Reinigung und Zugang zu den Filtern<\/li>\n<\/ul>\n<\/td>\n<\/tr>\n<tr>\n<td width=\"302\">D\u00fcsenstrahlsysteme<\/td>\n<td width=\"302\">\n<ul>\n<li>Optimale Reinigung<\/li>\n<\/ul>\n<\/td>\n<\/tr>\n<tr>\n<td width=\"302\">Waschen, Sp\u00fclen und Trocknen<\/td>\n<td width=\"302\">\n<ul>\n<li>Hervorragende Reinigungsergebnisse<\/li>\n<\/ul>\n<\/td>\n<\/tr>\n<tr>\n<td width=\"302\">Optional<\/td>\n<td width=\"302\">\n<ul>\n<li>Stapelkipper<\/li>\n<li>Hochdruck-Etikettenentfernung<\/li>\n<li>Trocknung mit Hochgeschwindigkeitsluftmessern<\/li>\n<li>mehrspurige\/einspurige Modelle<\/li>\n<li>Elektro-, Gas- oder Dampfheizung<\/li>\n<li>R\u00fcckf\u00fchrband zur Erleichterung der 1-Mann-Bedienung)<\/li>\n<li>letzte Sp\u00fclung mit S\u00fc\u00dfwasser<\/li>\n<\/ul>\n<\/td>\n<\/tr>\n<\/tbody>\n<\/table>","protected":false},"excerpt":{"rendered":"<p>Kistenwaschmaschine f\u00fcr bis zu 8000 Kisten\/Stunde, in der Regel nach Kundenspezifikation gebaut.<\/p>","protected":false},"featured_media":2445,"comment_status":"open","ping_status":"closed","template":"","meta":{"uix_meta_title":"","uix_meta_description":"","uix_canonical_url":""},"product_brand":[],"product_cat":[108],"product_tag":[],"class_list":{"0":"post-2444","1":"product","2":"type-product","3":"status-publish","4":"has-post-thumbnail","6":"product_cat-hygiene","8":"first","9":"instock","10":"shipping-taxable","11":"product-type-simple"},"_links":{"self":[{"href":"https:\/\/cormac.eu\/de\/wp-json\/wp\/v2\/product\/2444","targetHints":{"allow":["GET"]}}],"collection":[{"href":"https:\/\/cormac.eu\/de\/wp-json\/wp\/v2\/product"}],"about":[{"href":"https:\/\/cormac.eu\/de\/wp-json\/wp\/v2\/types\/product"}],"replies":[{"embeddable":true,"href":"https:\/\/cormac.eu\/de\/wp-json\/wp\/v2\/comments?post=2444"}],"wp:featuredmedia":[{"embeddable":true,"href":"https:\/\/cormac.eu\/de\/wp-json\/wp\/v2\/media\/2445"}],"wp:attachment":[{"href":"https:\/\/cormac.eu\/de\/wp-json\/wp\/v2\/media?parent=2444"}],"wp:term":[{"taxonomy":"product_brand","embeddable":true,"href":"https:\/\/cormac.eu\/de\/wp-json\/wp\/v2\/product_brand?post=2444"},{"taxonomy":"product_cat","embeddable":true,"href":"https:\/\/cormac.eu\/de\/wp-json\/wp\/v2\/product_cat?post=2444"},{"taxonomy":"product_tag","embeddable":true,"href":"https:\/\/cormac.eu\/de\/wp-json\/wp\/v2\/product_tag?post=2444"}],"curies":[{"name":"wp","href":"https:\/\/api.w.org\/{rel}","templated":true}]}}